{"id":4485,"date":"2022-11-03T15:23:21","date_gmt":"2022-11-03T14:23:21","guid":{"rendered":"https:\/\/campingbellehutte.com\/activiteiten\/"},"modified":"2026-04-16T11:39:53","modified_gmt":"2026-04-16T09:39:53","slug":"activiteiten","status":"publish","type":"page","link":"https:\/\/campingbellehutte.com\/nl\/activiteiten\/","title":{"rendered":"Activiteiten"},"content":{"rendered":"\n<div class=\"wp-block-cover is-light y-00-a\"><span aria-hidden=\"true\" class=\"has-black-background-color has-background-dim-20 wp-block-cover__gradient-background has-background-dim\"><\/span><img loading=\"lazy\" width=\"2560\" height=\"1714\" class=\"wp-block-cover__image-background wp-image-3084\" alt=\"\" src=\"https:\/\/campingbellehutte.com\/wp-content\/uploads\/2022\/09\/IMGP0221-scaled.jpg\" style=\"object-position:56% 81%\" data-object-fit=\"cover\" data-object-position=\"56% 81%\" srcset=\"https:\/\/campingbellehutte.com\/wp-content\/uploads\/2022\/09\/IMGP0221-scaled.jpg 2560w, https:\/\/campingbellehutte.com\/wp-content\/uploads\/2022\/09\/IMGP0221-300x201.jpg 300w, https:\/\/campingbellehutte.com\/wp-content\/uploads\/2022\/09\/IMGP0221-1024x685.jpg 1024w, https:\/\/campingbellehutte.com\/wp-content\/uploads\/2022\/09\/IMGP0221-768x514.jpg 768w, https:\/\/campingbellehutte.com\/wp-content\/uploads\/2022\/09\/IMGP0221-1536x1028.jpg 1536w, https:\/\/campingbellehutte.com\/wp-content\/uploads\/2022\/09\/IMGP0221-2048x1371.jpg 2048w\" sizes=\"(max-width: 2560px) 100vw, 2560px\" \/><div class=\"wp-block-cover__inner-container\">\n<h1 class=\"has-text-align-center has-secondary-color has-text-color\" id=\"camping-de-belle-hutte-point-de-depart-pour-decouvrir-les-vosges\"> Camping de Belle Hutte,<br\/>het ideale vertrekpunt om de Vogezen te ontdekken!<\/h1>\n<\/div><\/div>\n\n<div class=\"wp-container-69e6357d86f25 wp-block-group barre-resa\"><div class=\"wp-block-group__inner-container\"><ctv-searchbar><\/ctv-searchbar>\n<\/div><\/div>\n\n<div class=\"wp-container-69e6357d8777c wp-block-group y-10-a\"><div class=\"wp-block-group__inner-container\">\n<div class=\"wp-block-columns\">\n<div class=\"wp-block-column\">\n<figure class=\"wp-block-gallery aligncenter has-nested-images columns-default is-cropped\">\n<figure class=\"wp-block-image size-large\"><img loading=\"lazy\" width=\"813\" height=\"1024\" src=\"https:\/\/campingbellehutte.com\/wp-content\/uploads\/2022\/12\/10.-activites-813x1024.webp\" alt=\"\" class=\"wp-image-5449\" srcset=\"https:\/\/campingbellehutte.com\/wp-content\/uploads\/2022\/12\/10.-activites-813x1024.webp 813w, https:\/\/campingbellehutte.com\/wp-content\/uploads\/2022\/12\/10.-activites-238x300.webp 238w, https:\/\/campingbellehutte.com\/wp-content\/uploads\/2022\/12\/10.-activites-768x968.webp 768w, https:\/\/campingbellehutte.com\/wp-content\/uploads\/2022\/12\/10.-activites.webp 1024w\" sizes=\"(max-width: 813px) 100vw, 813px\" \/><\/figure>\n\n\n\n<figure class=\"wp-block-image size-large\"><img loading=\"lazy\" width=\"746\" height=\"1024\" src=\"https:\/\/campingbellehutte.com\/wp-content\/uploads\/2022\/12\/11.-activites-746x1024.webp\" alt=\"\" class=\"wp-image-5445\" srcset=\"https:\/\/campingbellehutte.com\/wp-content\/uploads\/2022\/12\/11.-activites-746x1024.webp 746w, https:\/\/campingbellehutte.com\/wp-content\/uploads\/2022\/12\/11.-activites-219x300.webp 219w, https:\/\/campingbellehutte.com\/wp-content\/uploads\/2022\/12\/11.-activites-768x1054.webp 768w, https:\/\/campingbellehutte.com\/wp-content\/uploads\/2022\/12\/11.-activites.webp 1024w\" sizes=\"(max-width: 746px) 100vw, 746px\" \/><\/figure>\n<\/figure>\n<\/div>\n\n\n\n<div class=\"wp-block-column\">\n<h2 class=\"h3\" id=\"que-faire-en-vacances-au-camping-de-belle-hutte\">Wat te doen op vakantie op camping Belle-Hutte?<\/h2>\n\n\n\n<p>Nadat u uw kampeerplaats hebt gekozen of zich in uw <a href=\"https:\/\/campingbellehutte.com\/nl\/chalets\/\" target=\"_blank\" rel=\"noreferrer noopener\">chalet<\/a> of bijzondere accommodatie in de Vogezen hebt ge\u00efnstalleerd, kunt u genieten van alle activiteiten rondom <strong>kindercamping Belle Hutte<\/strong>.<\/p>\n\n\n\n<p>In de zomer biedt onze <a rel=\"noreferrer noopener\" href=\"https:\/\/campingbellehutte.com\/nl\/\" target=\"_blank\">camping in de Vogezen<\/a> een <a href=\"https:\/\/campingbellehutte.com\/nl\/camping-vogezen-zwembad\/\" target=\"_blank\" rel=\"noreferrer noopener\">zwemparadijs<\/a> (half juni tot half september), <strong>springkussens<\/strong> (juli-augustus), <strong>trampolines en pingpongtafels<\/strong> (mei tot september), waar jong en oud zich volop kunnen vermaken.<\/p>\n\n\n\n<p>In de winter kunt u alle <strong>glijsporten uitproberen<\/strong>, een sneeuwpop maken, een iglo bouwen&#8230;<br\/>In elk seizoen kunt u ook gebruikmaken van het <strong>Fitpark<\/strong> terwijl u een oogje houdt op uw kinderen bij de speeltuin, en genieten van de speelzaal met pingpongtafels, tafelvoetbal en flipperkasten, evenals van de lees- en ontspanningsruimte.<\/p>\n\n\n\n<div class=\"wp-container-69e6357d87444 wp-block-buttons\">\n<div class=\"wp-block-button is-style-fillc\"><a class=\"wp-block-button__link\" href=\"https:\/\/campingbellehutte.com\/nl\/omgeving\/\">Wat te doen rond de camping?<\/a><\/div>\n\n\n\n<div class=\"wp-block-button is-style-fillc\"><a class=\"wp-block-button__link\" href=\"https:\/\/campingbellehutte.com\/nl\/media-galerij\/\">Bekijk onze fotogalerij<\/a><\/div>\n<\/div>\n<\/div>\n<\/div>\n<\/div><\/div>\n\n<div class=\"wp-container-69e6357d87fea wp-block-group y-10-b\"><div class=\"wp-block-group__inner-container\">\n<div class=\"wp-block-columns\">\n<div class=\"wp-block-column\">\n<h2 class=\"h3\" id=\"pour-vos-vacances-martine-et-regis-vous-accueillent\">Te doen in de omgeving:<br\/>de niet te missen uitstapjes voor uw vakantie in La Bresse<\/h2>\n\n\n\n<p>Voor liefhebbers van sensatie: probeer <strong>biatlon<\/strong> op de schietstand, zweef boven de bergtoppen met een <strong>paraglider<\/strong>, raas over de pistes van <strong>Bike Park<\/strong> La Bresse, ontdek <strong>klimmen in de natuur<\/strong>, via ferrata, zomerrodelen of zelfs avonturenparken.<\/p>\n\n\n\n<p>Voor liefhebbers van wintersport: <strong>alpineski\u00ebn, toerski\u00ebn, langlaufen, sneeuwschoenwandelingen<\/strong>\u2026 langs gemarkeerde paden of samen met een berggids.<\/p>\n\n\n\n<div class=\"wp-block-group lire-plus-pc\"><div class=\"wp-block-group__inner-container\">\n<p>Meer lezen<\/p>\n\n\n\n<div class=\"wp-container-69e6357d87bcc wp-block-group\"><div class=\"wp-block-group__inner-container\">\n<p>Beleef plezier met het gezin in de <strong>recreatieparken<\/strong> van de Hoge Vogezen (Bol d&#8217;Air, Wiidoo Gliss, La Ferme Aventures&#8230;) of <strong>bezoek de dierenparken<\/strong> (NaturOparc, Montagne des Singes, Zoo de Mulhouse&#8230;) en boerderijen (koeien, geiten, rendieren, lama&#8217;s en alpaca&#8217;s&#8230;) in de omgeving.<\/p>\n\n\n\n<p>Natuurliefhebbers kunnen hun hart ophalen aan de <strong>landschappen<\/strong>, de koeien <strong>en gemzen<\/strong> van de Vogezen op de Route des Cr\u00eates <strong>en de hooggelegen tuin van Haut Chitelet<\/strong>, en niet te vergeten de <strong>veenmoerassen<\/strong> (Lispach) en de vele hooggelegen meren (Lac Blanc, Lac de G\u00e9rardmer, Lac des Corbeaux&#8230;) en <strong>watervallen<\/strong> (Charlemagne, La M\u00e9relle, Tendon, Saut du Bouchot&#8230;). U ontdekt een rijke en gevarieerde <strong>flora<\/strong> (gentiaan, arnica, vingerhoedskruid, drosera&#8230;) en fauna (herten, gemzen, vossen, lynxen).<\/p>\n\n\n\n<p>Voor fijnproevers: geniet van maaltijden in boerderijherbergen, proef streekproducten, bezoek boerderijen en geitenhouderijen, ontdek hoe munster en bargkass worden gemaakt, zie hoe snoep wordt vervaardigd bij de Confiserie des Hautes Vosges (CDHV) en proef fruitwijnen, eaux-de-vie, dennenhoning, mirabellen uit Lotharingen en specialiteiten met bosbessen.<\/p>\n<\/div><\/div>\n<\/div><\/div>\n<\/div>\n\n\n\n<div class=\"wp-block-column\">\n<figure class=\"wp-block-gallery aligncenter has-nested-images columns-default is-cropped\">\n<figure class=\"wp-block-image size-large\"><img loading=\"lazy\" width=\"747\" height=\"1024\" src=\"https:\/\/campingbellehutte.com\/wp-content\/uploads\/2022\/12\/12.-activites-747x1024.webp\" alt=\"\" class=\"wp-image-5466\" srcset=\"https:\/\/campingbellehutte.com\/wp-content\/uploads\/2022\/12\/12.-activites-747x1024.webp 747w, https:\/\/campingbellehutte.com\/wp-content\/uploads\/2022\/12\/12.-activites-219x300.webp 219w, https:\/\/campingbellehutte.com\/wp-content\/uploads\/2022\/12\/12.-activites-768x1052.webp 768w, https:\/\/campingbellehutte.com\/wp-content\/uploads\/2022\/12\/12.-activites.webp 1024w\" sizes=\"(max-width: 747px) 100vw, 747px\" \/><\/figure>\n\n\n\n<figure class=\"wp-block-image size-large\"><img loading=\"lazy\" width=\"768\" height=\"1024\" src=\"https:\/\/campingbellehutte.com\/wp-content\/uploads\/2022\/12\/15.-activites-768x1024.webp\" alt=\"\" class=\"wp-image-5462\" srcset=\"https:\/\/campingbellehutte.com\/wp-content\/uploads\/2022\/12\/15.-activites-768x1024.webp 768w, https:\/\/campingbellehutte.com\/wp-content\/uploads\/2022\/12\/15.-activites-225x300.webp 225w, https:\/\/campingbellehutte.com\/wp-content\/uploads\/2022\/12\/15.-activites.webp 1024w\" sizes=\"(max-width: 768px) 100vw, 768px\" \/><\/figure>\n<\/figure>\n<\/div>\n<\/div>\n<\/div><\/div>\n\n<div class=\"wp-container-69e6357d88365 wp-block-group alignfull y-30-a\"><div class=\"wp-block-group__inner-container\">\n<h2 class=\"has-text-align-center h3\" id=\"decouvrez-les-evenements-des-vosges\">Ontdek de evenementen in de regio<\/h2>\n\n\n\n\r\n    <div class=\"agenda_intro\">\r\n    <span class=\"agenda_dateselect\"><input type=\"text\" id=\"basicDate\" placeholder=\"Please select Date Time\" data-input><\/span>\r\n    <\/div>\r\n    <div class=\"agenda\">\r\n    <\/div>\r\n    \n<\/div><\/div>\n\n<div class=\"wp-container-69e6357d88b27 wp-block-group y-10-c\"><div class=\"wp-block-group__inner-container\">\n<div class=\"wp-block-columns\">\n<div class=\"wp-block-column\">\n<figure class=\"wp-block-gallery has-nested-images columns-default is-cropped\">\n<figure class=\"wp-block-image size-large\"><img loading=\"lazy\" width=\"757\" height=\"1024\" src=\"https:\/\/campingbellehutte.com\/wp-content\/uploads\/2022\/12\/13.-activites-757x1024.webp\" alt=\"\" class=\"wp-image-5454\" srcset=\"https:\/\/campingbellehutte.com\/wp-content\/uploads\/2022\/12\/13.-activites-757x1024.webp 757w, https:\/\/campingbellehutte.com\/wp-content\/uploads\/2022\/12\/13.-activites-222x300.webp 222w, https:\/\/campingbellehutte.com\/wp-content\/uploads\/2022\/12\/13.-activites-768x1039.webp 768w, https:\/\/campingbellehutte.com\/wp-content\/uploads\/2022\/12\/13.-activites.webp 1024w\" sizes=\"(max-width: 757px) 100vw, 757px\" \/><\/figure>\n\n\n\n<figure class=\"wp-block-image size-large\"><img loading=\"lazy\" width=\"735\" height=\"1024\" src=\"https:\/\/campingbellehutte.com\/wp-content\/uploads\/2022\/12\/14.-activites-735x1024.webp\" alt=\"\" class=\"wp-image-5458\" srcset=\"https:\/\/campingbellehutte.com\/wp-content\/uploads\/2022\/12\/14.-activites-735x1024.webp 735w, https:\/\/campingbellehutte.com\/wp-content\/uploads\/2022\/12\/14.-activites-215x300.webp 215w, https:\/\/campingbellehutte.com\/wp-content\/uploads\/2022\/12\/14.-activites-768x1070.webp 768w, https:\/\/campingbellehutte.com\/wp-content\/uploads\/2022\/12\/14.-activites.webp 1024w\" sizes=\"(max-width: 735px) 100vw, 735px\" \/><\/figure>\n<\/figure>\n<\/div>\n\n\n\n<div class=\"wp-block-column\">\n<h2 class=\"h3\" id=\"des-activites-et-loisirs-varies-1\">De Vogezen en de Elzas:<br\/><em>Cultuur, tradities en terroir<\/em><\/h2>\n\n\n\n<p><strong>Bezoek de Vogezen<\/strong>: ontdek de Hautes Mynes van de hertogen van Lotharingen, de Imagerie d\u2019\u00c9pinal, het museum Mille et Une Racines, het geologisch centrum Terrae Genesis of de zagerij van Lan\u00e7oir, een van de laatste nog werkende hydraulische hoogovenzagerijen\u2026 Vergeet ook de kastelen van de Elzas niet (Haut-Koenigsbourg, Hohlandsbourg\u2026), de Elzasser Wijnroute, de ooievaars, het textielecomuseum van Wesserling, de typische dorpen met hun vakwerkhuizen (Riquewihr, Ribeauvill\u00e9), de herinneringsplekken aan de oorlogen van 1914-1918 en 1939-1945 (M\u00e9morial du Linge, Hartmannswillerkopf, M\u00e9morial Alsace-Moselle, Le Struthof\u2026) en de traditionele kerstmarkten (Plombi\u00e8res, Colmar, Kaysersberg\u2026).<\/p>\n\n\n\n<p>Nog meer informatie en idee\u00ebn vindt u op de websites van de toeristenbureaus van La Bresse, G\u00e9rardmer en het Massif des Vosges.<\/p>\n\n\n\n<div class=\"wp-container-69e6357d887ef wp-block-buttons\">\n<div class=\"wp-block-button\"><a class=\"wp-block-button__link\" href=\"https:\/\/campingbellehutte.com\/nl\/waarden\/\">Onze partners<\/a><\/div>\n<\/div>\n<\/div>\n<\/div>\n<\/div><\/div>\n\n<div class=\"wp-container-69e6357d89390 wp-block-group y-10-a\"><div class=\"wp-block-group__inner-container\">\n<div class=\"wp-block-columns\">\n<div class=\"wp-block-column\">\n<figure class=\"wp-block-gallery aligncenter has-nested-images columns-default is-cropped\">\n<figure class=\"wp-block-image size-large\"><img loading=\"lazy\" width=\"746\" height=\"1024\" src=\"https:\/\/campingbellehutte.com\/wp-content\/uploads\/2022\/12\/11.-activites-746x1024.webp\" alt=\"\" class=\"wp-image-5445\" srcset=\"https:\/\/campingbellehutte.com\/wp-content\/uploads\/2022\/12\/11.-activites-746x1024.webp 746w, https:\/\/campingbellehutte.com\/wp-content\/uploads\/2022\/12\/11.-activites-219x300.webp 219w, https:\/\/campingbellehutte.com\/wp-content\/uploads\/2022\/12\/11.-activites-768x1054.webp 768w, https:\/\/campingbellehutte.com\/wp-content\/uploads\/2022\/12\/11.-activites.webp 1024w\" sizes=\"(max-width: 746px) 100vw, 746px\" \/><\/figure>\n\n\n\n<figure class=\"wp-block-image size-large\"><img loading=\"lazy\" width=\"1024\" height=\"576\" src=\"https:\/\/campingbellehutte.com\/wp-content\/uploads\/2023\/07\/guillaume-vandenneucker-ab-xGzQFGtM-unsplash-1024x576.jpg\" alt=\"La Bresse - Camping in de winter - Belle Hutte\" class=\"wp-image-6675\" srcset=\"https:\/\/campingbellehutte.com\/wp-content\/uploads\/2023\/07\/guillaume-vandenneucker-ab-xGzQFGtM-unsplash-1024x576.jpg 1024w, https:\/\/campingbellehutte.com\/wp-content\/uploads\/2023\/07\/guillaume-vandenneucker-ab-xGzQFGtM-unsplash-300x169.jpg 300w, https:\/\/campingbellehutte.com\/wp-content\/uploads\/2023\/07\/guillaume-vandenneucker-ab-xGzQFGtM-unsplash-768x432.jpg 768w, https:\/\/campingbellehutte.com\/wp-content\/uploads\/2023\/07\/guillaume-vandenneucker-ab-xGzQFGtM-unsplash-1536x864.jpg 1536w, https:\/\/campingbellehutte.com\/wp-content\/uploads\/2023\/07\/guillaume-vandenneucker-ab-xGzQFGtM-unsplash.jpg 1920w\" sizes=\"(max-width: 1024px) 100vw, 1024px\" \/><\/figure>\n<\/figure>\n<\/div>\n\n\n\n<div class=\"wp-block-column\">\n<h2 class=\"h3\" id=\"que-faire-en-vacances-au-camping-de-belle-hutte\">Activiteiten op de camping in de winter in de Vogezen<\/h2>\n\n\n\n<p>Voor uw <a href=\"https:\/\/campingbellehutte.com\/nl\/wintercamping-in-de-vogezen\/\" target=\"_blank\" rel=\"noreferrer noopener\">wintervakantie op de camping in de Vogezen<\/a> zijn er tal van activiteiten mogelijk. De <strong>skigebieden van La Bresse en G\u00e9rardmer<\/strong> zijn echte aanraders! De <strong>skipistes zijn<\/strong> perfect geschikt voor elk niveau. Of u nu graag de pistes afdaalt op ski\u2019s, een snowboard of een slee, in deze wintersportplaatsen vindt u zeker wat u zoekt.   <\/p>\n\n\n\n<p>Ook zijn de Vogezen een ideale bestemming voor liefhebbers van natuur en <strong>wandelen<\/strong>. Sneeuwschoenwandelingen laten u de landschappen in alle rust en op uw eigen tempo verkennen. De <strong>gemarkeerde paden<\/strong> voeren u door besneeuwde dennenbossen en bieden prachtige uitzichten op de <strong>besneeuwde toppen van de Vogezen<\/strong>.  <\/p>\n\n\n\n<div class=\"wp-block-group lire-plus-pc\"><div class=\"wp-block-group__inner-container\">\n<p>Meer lezen<\/p>\n\n\n\n<div class=\"wp-container-69e6357d8903d wp-block-group\"><div class=\"wp-block-group__inner-container\">\n<p>Voor gezinnen bieden de Vogezen ook speelse zones, speeltuinen en recreatieparken die speciaal op kinderen zijn gericht.<\/p>\n\n\n\n<p>In de buurt van La Bresse kunt u zowel in de zomer als in de winter op ontdekking gaan langs de prachtige meren die deze ongerepte streek rijk is. Het <strong>Lac des Corbeaux<\/strong>, midden in een groen bos, biedt in de zomer een ideale omgeving om te ontspannen en te zwemmen. Niet ver daarvandaan onthult het <strong>Lac de Lispach<\/strong>, een van de mooiste veengebieden van Frankrijk, al zijn charme. Maak een wandeling naar het <strong>Lac de Blanchemer<\/strong> en bewonder de unieke weerspiegeling vanaf de Route des Cr\u00eates.   <\/p>\n\n\n\n<p>Deze ongerepte meren nodigen stuk voor stuk uit om de beschermde natuur van de Vogezen te ontdekken. De <strong>Vogezen in de winter<\/strong> zijn een waar paradijs voor liefhebbers van sneeuw en bergen, of u nu op zoek bent naar adrenaline op de <strong>skipistes<\/strong> of juist naar ontspannende momenten midden in een besneeuwd natuurlandschap.  <\/p>\n<\/div><\/div>\n<\/div><\/div>\n<\/div>\n<\/div>\n<\/div><\/div>\n\n<div style=\"height:100px\" aria-hidden=\"true\" class=\"wp-block-spacer\"><\/div>\n","protected":false},"excerpt":{"rendered":"<p>Wat te doen op vakantie op camping Belle-Hutte? Nadat u uw kampeerplaats hebt gekozen of zich in uw chalet of bijzondere accommodatie in de Vogezen hebt ge\u00efnstalleerd, kunt u genieten van alle activiteiten rondom kindercamping Belle Hutte. In de zomer biedt onze camping in de Vogezen een zwemparadijs (half juni tot half september), springkussens (juli-augustus), [&hellip;]<\/p>\n","protected":false},"author":1,"featured_media":0,"parent":0,"menu_order":0,"comment_status":"closed","ping_status":"closed","template":"","meta":[],"acf":[],"_links":{"self":[{"href":"https:\/\/campingbellehutte.com\/nl\/wp-json\/wp\/v2\/pages\/4485"}],"collection":[{"href":"https:\/\/campingbellehutte.com\/nl\/wp-json\/wp\/v2\/pages"}],"about":[{"href":"https:\/\/campingbellehutte.com\/nl\/wp-json\/wp\/v2\/types\/page"}],"author":[{"embeddable":true,"href":"https:\/\/campingbellehutte.com\/nl\/wp-json\/wp\/v2\/users\/1"}],"replies":[{"embeddable":true,"href":"https:\/\/campingbellehutte.com\/nl\/wp-json\/wp\/v2\/comments?post=4485"}],"version-history":[{"count":6,"href":"https:\/\/campingbellehutte.com\/nl\/wp-json\/wp\/v2\/pages\/4485\/revisions"}],"predecessor-version":[{"id":9714,"href":"https:\/\/campingbellehutte.com\/nl\/wp-json\/wp\/v2\/pages\/4485\/revisions\/9714"}],"wp:attachment":[{"href":"https:\/\/campingbellehutte.com\/nl\/wp-json\/wp\/v2\/media?parent=4485"}],"curies":[{"name":"wp","href":"https:\/\/api.w.org\/{rel}","templated":true}]}}