{"id":5194,"date":"2022-11-24T09:43:54","date_gmt":"2022-11-24T08:43:54","guid":{"rendered":"https:\/\/campingbellehutte.com\/nuetzliche-infos\/"},"modified":"2022-11-30T10:32:19","modified_gmt":"2022-11-30T09:32:19","slug":"nuetzliche-infos","status":"publish","type":"page","link":"https:\/\/campingbellehutte.com\/de\/nuetzliche-infos\/","title":{"rendered":"N\u00fctzliche Infos"},"content":{"rendered":"\n<div class=\"wp-block-cover is-light y-00-a\"><span aria-hidden=\"true\" class=\"has-black-background-color has-background-dim-20 wp-block-cover__gradient-background has-background-dim\"><\/span><img loading=\"lazy\" width=\"2560\" height=\"1920\" class=\"wp-block-cover__image-background wp-image-3071\" alt=\"\" src=\"https:\/\/campingbellehutte.com\/wp-content\/uploads\/2022\/09\/IMG_20210110_165451-scaled.jpg\" style=\"object-position:42% 49%\" data-object-fit=\"cover\" data-object-position=\"42% 49%\" srcset=\"https:\/\/campingbellehutte.com\/wp-content\/uploads\/2022\/09\/IMG_20210110_165451-scaled.jpg 2560w, https:\/\/campingbellehutte.com\/wp-content\/uploads\/2022\/09\/IMG_20210110_165451-300x225.jpg 300w, https:\/\/campingbellehutte.com\/wp-content\/uploads\/2022\/09\/IMG_20210110_165451-1024x768.jpg 1024w, https:\/\/campingbellehutte.com\/wp-content\/uploads\/2022\/09\/IMG_20210110_165451-768x576.jpg 768w, https:\/\/campingbellehutte.com\/wp-content\/uploads\/2022\/09\/IMG_20210110_165451-1536x1152.jpg 1536w, https:\/\/campingbellehutte.com\/wp-content\/uploads\/2022\/09\/IMG_20210110_165451-2048x1536.jpg 2048w\" sizes=\"(max-width: 2560px) 100vw, 2560px\" \/><div class=\"wp-block-cover__inner-container\">\n<h1 class=\"has-text-align-center\" id=\"camping-la-bresse-dans-les-vosges-pour-vos-vacances-d-ete-en-lorraine\">N\u00fctzliche Infos<\/h1>\n<\/div><\/div>\n\n<section class=\"wp-container-69e75f148bb2f wp-block-group\"><div class=\"wp-block-group__inner-container\">\n<div class=\"wp-block-columns\">\n<div class=\"wp-block-column\" style=\"flex-basis:10%\"><\/div>\n\n\n\n<div class=\"wp-block-column\">\n<h2 id=\"des-activites-et-loisirs-varies-1\">Downloads<\/h2>\n\n\n<ul><li><a href=\"https:\/\/campingbellehutte.com\/wp-content\/uploads\/2022\/07\/Nous-trouver-Map.pdf\" target=\"_blank\">Anfahrt<\/a><\/li><li><a href=\"https:\/\/campingbellehutte.com\/wp-content\/uploads\/2024\/07\/Map-Camping-Belle-Hutte-2025.pdf\" target=\"_blank\">Campingplatzplan<\/a><\/li><li><a href=\"https:\/\/campingbellehutte.com\/wp-content\/uploads\/2024\/07\/CGV-Camping-de-Belle-Hutte.pdf\" target=\"_blank\">Allgemeine Verkaufsbedigungen<\/a><\/li><li><a href=\"https:\/\/campingbellehutte.com\/wp-content\/uploads\/2023\/11\/Flyer-Digital-Neat-Camping-Flex-v02.pdf\" target=\"_blank\">Reiseversicherung Neat Camping<\/a><\/li><li><a href=\"https:\/\/campingbellehutte.com\/wp-content\/uploads\/2023\/11\/Notice-Flex-Campings-independants-2023_ger.pdf\" target=\"_blank\">Einzelheiten zu den Garantien der NeatCamping-R\u00fccktrittsversicherung<\/a><\/li><li><a href=\"https:\/\/campingbellehutte.com\/wp-content\/uploads\/2023\/11\/CGU-Programme-Fidelite-Etoiles-de-Belle-Hutte-1.pdf\" target=\"_blank\">Programme Fid\u00e9lit\u00e9 Etoiles de Belle Hutte<\/a><\/li><li><a href=\"https:\/\/campingbellehutte.com\/wp-content\/uploads\/2024\/07\/Dimensions-et-superficie-Emplacements-de-Camping-1.pdf\" target=\"_blank\">Gr\u00f6\u00dfe der Stellpl\u00e4tze<\/a><\/li><\/ul>\n<\/div>\n\n\n\n<div class=\"wp-block-column\">\n<h2 id=\"meteo-a-la-bresse-et-info-neige-en-direct\">Wetter in La Bresse und Schneebericht live<\/h2>\n\n\n\n<div class=\"wp-block-cover is-light\" style=\"padding-top:2rem;padding-bottom:2rem\"><span aria-hidden=\"true\" class=\"wp-block-cover__gradient-background has-background-dim\"><\/span><img loading=\"lazy\" width=\"1430\" height=\"450\" class=\"wp-block-cover__image-background wp-image-5199\" alt=\"\" src=\"https:\/\/campingbellehutte.com\/wp-content\/uploads\/2022\/11\/1920x1440_la-bresse-hautes-vosges-2093.jpg\" data-object-fit=\"cover\" srcset=\"https:\/\/campingbellehutte.com\/wp-content\/uploads\/2022\/11\/1920x1440_la-bresse-hautes-vosges-2093.jpg 1430w, https:\/\/campingbellehutte.com\/wp-content\/uploads\/2022\/11\/1920x1440_la-bresse-hautes-vosges-2093-300x94.jpg 300w, https:\/\/campingbellehutte.com\/wp-content\/uploads\/2022\/11\/1920x1440_la-bresse-hautes-vosges-2093-1024x322.jpg 1024w, https:\/\/campingbellehutte.com\/wp-content\/uploads\/2022\/11\/1920x1440_la-bresse-hautes-vosges-2093-768x242.jpg 768w\" sizes=\"(max-width: 1430px) 100vw, 1430px\" \/><div class=\"wp-block-cover__inner-container\">\n<div class=\"wp-container-69e75f148b720 wp-block-buttons\">\n<div class=\"wp-block-button\"><a class=\"wp-block-button__link has-white-color has-text-color\" href=\"https:\/\/www.labresse.net\/la-bresse-webcam.html\" target=\"_blank\" rel=\"noreferrer noopener\">Webcams von La Bresse<\/a><\/div>\n<\/div>\n<\/div><\/div>\n<\/div>\n\n\n\n<div class=\"wp-block-column\" style=\"flex-basis:10%\"><\/div>\n<\/div>\n<\/div><\/section>\n\n<div style=\"height:80px\" aria-hidden=\"true\" class=\"wp-block-spacer\"><\/div>\n\n<h2 class=\"has-text-align-center\" id=\"avis-clients\">Kundenbewertungen<\/h2>\n\n<ctv-reviews-list><\/ctv-reviews-list>","protected":false},"excerpt":{"rendered":"<p>Downloads Wetter in La Bresse und Schneebericht live Kundenbewertungen<\/p>\n","protected":false},"author":1,"featured_media":0,"parent":0,"menu_order":0,"comment_status":"closed","ping_status":"closed","template":"","meta":[],"acf":[],"_links":{"self":[{"href":"https:\/\/campingbellehutte.com\/de\/wp-json\/wp\/v2\/pages\/5194"}],"collection":[{"href":"https:\/\/campingbellehutte.com\/de\/wp-json\/wp\/v2\/pages"}],"about":[{"href":"https:\/\/campingbellehutte.com\/de\/wp-json\/wp\/v2\/types\/page"}],"author":[{"embeddable":true,"href":"https:\/\/campingbellehutte.com\/de\/wp-json\/wp\/v2\/users\/1"}],"replies":[{"embeddable":true,"href":"https:\/\/campingbellehutte.com\/de\/wp-json\/wp\/v2\/comments?post=5194"}],"version-history":[{"count":6,"href":"https:\/\/campingbellehutte.com\/de\/wp-json\/wp\/v2\/pages\/5194\/revisions"}],"predecessor-version":[{"id":5341,"href":"https:\/\/campingbellehutte.com\/de\/wp-json\/wp\/v2\/pages\/5194\/revisions\/5341"}],"wp:attachment":[{"href":"https:\/\/campingbellehutte.com\/de\/wp-json\/wp\/v2\/media?parent=5194"}],"curies":[{"name":"wp","href":"https:\/\/api.w.org\/{rel}","templated":true}]}}