{"id":4720,"date":"2022-11-04T11:14:29","date_gmt":"2022-11-04T10:14:29","guid":{"rendered":"https:\/\/campingbellehutte.com\/jurte\/"},"modified":"2022-11-04T11:14:31","modified_gmt":"2022-11-04T10:14:31","slug":"jurte","status":"publish","type":"page","link":"https:\/\/campingbellehutte.com\/de\/jurte\/","title":{"rendered":"Jurte"},"content":{"rendered":"\n<div class=\"wp-block-cover is-light y-00-a\"><span aria-hidden=\"true\" class=\"has-background-dim-0 wp-block-cover__gradient-background has-background-dim\"><\/span><img loading=\"lazy\" width=\"750\" height=\"570\" class=\"wp-block-cover__image-background wp-image-1453\" alt=\"\" src=\"https:\/\/campingbellehutte.com\/wp-content\/uploads\/2022\/07\/DSC02146-750x570-1.jpg\" style=\"object-position:58% 79%\" data-object-fit=\"cover\" data-object-position=\"58% 79%\" srcset=\"https:\/\/campingbellehutte.com\/wp-content\/uploads\/2022\/07\/DSC02146-750x570-1.jpg 750w, https:\/\/campingbellehutte.com\/wp-content\/uploads\/2022\/07\/DSC02146-750x570-1-300x228.jpg 300w\" sizes=\"(max-width: 750px) 100vw, 750px\" \/><div class=\"wp-block-cover__inner-container\">\n<h1 class=\"has-text-align-center has-white-color has-text-color\" id=\"camping-la-bresse-dans-les-vosges-pour-vos-vacances-d-ete-en-lorraine\">Ungew\u00f6hnliche Unterkunft Vosges &#8211; Rundchalet 35 m\u00b2.<\/h1>\n\n\n\n<h2 class=\"has-text-align-center has-white-color has-text-color\" id=\"camping-la-bresse-dans-les-vosges-pour-vos-vacances-d-ete-en-lorraine\"><small>3 Schlafzimmer &#8211; 2\/6 Personen<\/small><\/h2>\n<\/div><\/div>\n\n<div class=\"wp-container-69d02a4c307c2 wp-block-group barre-resa\"><div class=\"wp-block-group__inner-container\"><ctv-searchbar><\/ctv-searchbar>\n<\/div><\/div>\n\n<div class=\"wp-container-69d02a4c30f3a wp-block-group y-10-a\"><div class=\"wp-block-group__inner-container\">\n<div class=\"wp-block-columns\">\n<div class=\"wp-block-column\">\n<figure class=\"wp-block-gallery has-nested-images columns-default is-cropped\">\n<figure class=\"wp-block-image size-full\"><img src=\"https:\/\/campingbellehutte.com\/wp-content\/uploads\/2022\/09\/6-Yourte-35m&#xB2;-7-1-1024x768-1.jpg\" alt=\"\" class=\"wp-image-3004\"\/><\/figure>\n\n\n<figure class=\"wp-block-image size-full\"><img src=\"https:\/\/campingbellehutte.com\/wp-content\/uploads\/2022\/09\/2-Yourte-35m&#xB2;-3-1-1024x768-1.jpg\" alt=\"\" class=\"wp-image-2994\"\/><\/figure><\/figure>\n<\/div>\n\n\n\n<div class=\"wp-block-column\">\n<h2 class=\"h3\" id=\"sejour-insolite-en-yourte-dans-les-vosges-a-belle-huttechalet-rond-en-bois-faites-le-choix-d-un-hebergement-insolite-dans-les-vosges\">Ungew\u00f6hnlicher Aufenthalt in einer Jurte in den Vogesen in Belle Hutte.<br\/><strong><em>Rundholzchalet: Entscheiden Sie sich f\u00fcr eine ungew\u00f6hnliche Unterkunft in den Vogesen!<\/em><\/strong><\/h2>\n\n\n\n<p>Lust auf eine ungew\u00f6hnliche <a href=\"https:\/\/campingbellehutte.com\/de\/ungewoehnliches\/\">\u00dcbernachtung in den Vogesen?<\/a> Nutzen Sie die <strong>35 m\u00b2<\/strong> gro\u00dfen Holzjurten mit <strong>3 Schlafzimmern auf unserem<\/strong> <a href=\"https:\/\/campingbellehutte.com\/de\/\" target=\"_blank\" rel=\"noreferrer noopener\">Campingplatz in den Vogesen.<\/a> Ideal f\u00fcr <strong>Familienaufenthalte mit bis zu 6 Personen oder Kurzurlaube mit Freunden<\/strong>, alles in geselliger <strong>und authentischer Atmosph\u00e4re<\/strong>. Lassen Sie sich von diesem Kokon aus Holz mit einer sehr ger\u00e4umigen <strong>Wohnk\u00fcche verzaubern.<\/strong><\/p>\n\n\n\n<p>Z\u00f6gern Sie nicht l\u00e4nger und machen Sie sich auf den Weg in die Vogesen, um in einer unserer 4 ungew\u00f6hnlichen Holzjurten zu \u00fcbernachten, die sich f\u00fcr Naturliebhaber eignen oder f\u00fcr diejenigen, die in einer erholsamen und nat\u00fcrlichen Umgebung neue Energie tanken m\u00f6chten.<\/p>\n\n\n\n<div class=\"wp-container-69d02a4c30c3d wp-block-buttons\">\n<div class=\"wp-block-button btn_resa_80057\"><a class=\"wp-block-button__link\">Reservieren Sie die Jurte &#8211; Rundholzchalet.<\/a><\/div>\n<\/div>\n<\/div>\n<\/div>\n<\/div><\/div>\n\n<div class=\"wp-container-69d02a4c3155f wp-block-group alignfull y-25-a\"><div class=\"wp-block-group__inner-container\">\n<h2 class=\"has-text-align-center\" id=\"decouvrez-nos-yourtes-en-bois-chalet-rond-grand-confort\">Entdecken Sie unsere Holzjurten (Rundchalet) mit hohem Komfort:<\/h2>\n\n\n\n<div class=\"wp-container-69d02a4c3128a wp-block-group pictos\"><div class=\"wp-block-group__inner-container\">\n<ul><li><i class=\"fa-solid fa-fork-knife\"><\/i> Gro\u00dfe Wohnk\u00fcche, Sofa, TV (franz\u00f6sische Kan\u00e4le).<\/li><li><i class=\"fa-solid fa-bed-front\"><\/i> Schlafzimmer 1, Schlafzimmer 2, Schlafzimmer 3 im Mezzanin.<\/li><li><i class=\"fa-solid fa-baby\"><\/i> M\u00f6glichkeit, ein Regenschirmbett hinzuzuf\u00fcgen (nur im Wohnzimmer).<\/li><li><i class=\"fa-solid fa-booth-curtain\"><\/i> Vorh\u00e4nge zur Verdunkelung<\/li><li><i class=\"fa-solid fa-table-picnic\"><\/i> Terrasse, Gartenm\u00f6bel (April bis September).<\/li><\/ul><\/div><\/div>\n<\/div><\/div>\n","protected":false},"excerpt":{"rendered":"<p>Ungew\u00f6hnlicher Aufenthalt in einer Jurte in den Vogesen in Belle Hutte.Rundholzchalet: Entscheiden Sie sich f\u00fcr eine ungew\u00f6hnliche Unterkunft in den Vogesen! Lust auf eine ungew\u00f6hnliche \u00dcbernachtung in den Vogesen? Nutzen Sie die 35 m\u00b2 gro\u00dfen Holzjurten mit 3 Schlafzimmern auf unserem Campingplatz in den Vogesen. Ideal f\u00fcr Familienaufenthalte mit bis zu 6 Personen oder Kurzurlaube [&hellip;]<\/p>\n","protected":false},"author":1,"featured_media":0,"parent":0,"menu_order":0,"comment_status":"closed","ping_status":"closed","template":"","meta":[],"acf":[],"_links":{"self":[{"href":"https:\/\/campingbellehutte.com\/de\/wp-json\/wp\/v2\/pages\/4720"}],"collection":[{"href":"https:\/\/campingbellehutte.com\/de\/wp-json\/wp\/v2\/pages"}],"about":[{"href":"https:\/\/campingbellehutte.com\/de\/wp-json\/wp\/v2\/types\/page"}],"author":[{"embeddable":true,"href":"https:\/\/campingbellehutte.com\/de\/wp-json\/wp\/v2\/users\/1"}],"replies":[{"embeddable":true,"href":"https:\/\/campingbellehutte.com\/de\/wp-json\/wp\/v2\/comments?post=4720"}],"version-history":[{"count":3,"href":"https:\/\/campingbellehutte.com\/de\/wp-json\/wp\/v2\/pages\/4720\/revisions"}],"predecessor-version":[{"id":4723,"href":"https:\/\/campingbellehutte.com\/de\/wp-json\/wp\/v2\/pages\/4720\/revisions\/4723"}],"wp:attachment":[{"href":"https:\/\/campingbellehutte.com\/de\/wp-json\/wp\/v2\/media?parent=4720"}],"curies":[{"name":"wp","href":"https:\/\/api.w.org\/{rel}","templated":true}]}}