{"id":4686,"date":"2022-11-04T10:56:02","date_gmt":"2022-11-04T09:56:02","guid":{"rendered":"https:\/\/campingbellehutte.com\/werte\/"},"modified":"2025-10-28T10:22:25","modified_gmt":"2025-10-28T09:22:25","slug":"werte","status":"publish","type":"page","link":"https:\/\/campingbellehutte.com\/de\/werte\/","title":{"rendered":"Werte"},"content":{"rendered":"\n<div class=\"wp-block-cover y-00-a\"><span aria-hidden=\"true\" class=\"has-black-background-color has-background-dim-20 wp-block-cover__gradient-background has-background-dim\"><\/span><img loading=\"lazy\" width=\"2560\" height=\"1152\" class=\"wp-block-cover__image-background wp-image-3088\" alt=\"\" src=\"https:\/\/campingbellehutte.com\/wp-content\/uploads\/2022\/09\/received_3504991549606835-scaled.jpeg\" style=\"object-position:51% 40%\" data-object-fit=\"cover\" data-object-position=\"51% 40%\" srcset=\"https:\/\/campingbellehutte.com\/wp-content\/uploads\/2022\/09\/received_3504991549606835-scaled.jpeg 2560w, https:\/\/campingbellehutte.com\/wp-content\/uploads\/2022\/09\/received_3504991549606835-300x135.jpeg 300w, https:\/\/campingbellehutte.com\/wp-content\/uploads\/2022\/09\/received_3504991549606835-1024x461.jpeg 1024w, https:\/\/campingbellehutte.com\/wp-content\/uploads\/2022\/09\/received_3504991549606835-768x346.jpeg 768w, https:\/\/campingbellehutte.com\/wp-content\/uploads\/2022\/09\/received_3504991549606835-1536x691.jpeg 1536w, https:\/\/campingbellehutte.com\/wp-content\/uploads\/2022\/09\/received_3504991549606835-2048x922.jpeg 2048w\" sizes=\"(max-width: 2560px) 100vw, 2560px\" \/><div class=\"wp-block-cover__inner-container\">\n<h1 class=\"has-text-align-center\" id=\"nos-valeurs-partenaires\">Unsere Werte &amp; Partner<\/h1>\n<\/div><\/div>\n\n\n\n<div class=\"wp-container-69d739031c197 wp-block-group barre-resa\"><div class=\"wp-block-group__inner-container\"><ctv-searchbar><\/ctv-searchbar>\n<\/div><\/div>\n\n\n\n<div class=\"wp-container-69d739031c9be wp-block-group y-10-a\"><div class=\"wp-block-group__inner-container\">\n<div class=\"wp-block-columns\">\n<div class=\"wp-block-column\">\n<figure class=\"wp-block-gallery aligncenter has-nested-images columns-default is-cropped\">\n<figure class=\"wp-block-image size-large\"><img loading=\"lazy\" width=\"1024\" height=\"576\" src=\"https:\/\/campingbellehutte.com\/wp-content\/uploads\/2022\/07\/20171203_113436-1024x576.jpg\" alt=\"\" class=\"wp-image-578\" srcset=\"https:\/\/campingbellehutte.com\/wp-content\/uploads\/2022\/07\/20171203_113436-1024x576.jpg 1024w, https:\/\/campingbellehutte.com\/wp-content\/uploads\/2022\/07\/20171203_113436-300x169.jpg 300w, https:\/\/campingbellehutte.com\/wp-content\/uploads\/2022\/07\/20171203_113436-768x432.jpg 768w, https:\/\/campingbellehutte.com\/wp-content\/uploads\/2022\/07\/20171203_113436-1536x864.jpg 1536w, https:\/\/campingbellehutte.com\/wp-content\/uploads\/2022\/07\/20171203_113436-2048x1152.jpg 2048w\" sizes=\"(max-width: 1024px) 100vw, 1024px\" \/><\/figure>\n\n\n\n<figure class=\"wp-block-image size-large\"><img loading=\"lazy\" width=\"1024\" height=\"768\" src=\"https:\/\/campingbellehutte.com\/wp-content\/uploads\/2022\/07\/DSC01155-1024x768.jpg\" alt=\"\" class=\"wp-image-568\" srcset=\"https:\/\/campingbellehutte.com\/wp-content\/uploads\/2022\/07\/DSC01155-1024x768.jpg 1024w, https:\/\/campingbellehutte.com\/wp-content\/uploads\/2022\/07\/DSC01155-300x225.jpg 300w, https:\/\/campingbellehutte.com\/wp-content\/uploads\/2022\/07\/DSC01155-768x576.jpg 768w, https:\/\/campingbellehutte.com\/wp-content\/uploads\/2022\/07\/DSC01155-1536x1152.jpg 1536w, https:\/\/campingbellehutte.com\/wp-content\/uploads\/2022\/07\/DSC01155-2048x1536.jpg 2048w\" sizes=\"(max-width: 1024px) 100vw, 1024px\" \/><\/figure>\n<\/figure>\n<\/div>\n\n\n\n<div class=\"wp-block-column\">\n<h2 class=\"h3\" id=\"pour-vos-vacances-martine-et-regis-vous-accueillent\">Unsere Labels &amp; Werte <br><em>Urlaub f\u00fcr alle inmitten einer sch\u00fctzenswerten nat\u00fcrlichen Umgebung<\/em><\/h2>\n\n\n\n<p id=\"label-tourisme-handicap\"><strong>Die Umwelt ist uns ein wichtiges Anliegen<\/strong>, weshalb wir uns seit jeher <strong>f\u00fcr den Erhalt der Natur einsetzen<\/strong>. Wir m\u00f6chten m\u00f6glichst vielen Menschen die M\u00f6glichkeit geben, die Sch\u00e4tze der Berge zu genie\u00dfen, und dabei unsere Auswirkungen so gering wie m\u00f6glich halten.<\/p>\n\n\n\n<p id=\"label-tourisme-handicap\"><strong><a rel=\"noreferrer noopener\" href=\"https:\/\/tourisme-handicaps.org\/\" target=\"_blank\">Label Tourisme &amp; Handicap<\/a> <\/strong><br><strong>Greifen Sie selbstst\u00e4ndig auf alle unsere Dienste zu!<\/strong><br>Optimale Zug\u00e4nglichkeit des Campingplatzes und aller Dienstleistungen: Empfangsb\u00fcro, Lebensmittelgesch\u00e4ft, Snackbar, Schwimmbad, Fitpark, 3 behindertengerechte Chalets&#8230;<br><strong>Winter<\/strong>: Die Wege des Campingplatzes k\u00f6nnen bei Schnee unpassierbar f\u00fcr Rollst\u00fchle sein.<\/p>\n\n\n\n<div class=\"wp-block-group lire-plus-mobile\"><div class=\"wp-block-group__inner-container\">\n<p>Lesen Sie mehr<\/p>\n\n\n\n<div class=\"wp-container-69d739031c697 wp-block-group\"><div class=\"wp-block-group__inner-container\">\n<p id=\"camping-qualite-le-label-qualite-des-campings-en-france\"><strong><a rel=\"noreferrer noopener\" href=\"https:\/\/campingqualite.com\/\" target=\"_blank\">Camping Qualit\u00e9<\/a>, das Qualit\u00e4tssiegel f\u00fcr Campingpl\u00e4tze in Frankreich<\/strong> <br>Camping Qualit\u00e9 ist das <strong>einzige offizielle Qualit\u00e4tssicherungssystem in Frankreich<\/strong>. <br>Auf der Grundlage <strong>einer einzigartigen Qualit\u00e4tscharta<\/strong>, die von Fachleuten, Tourismusinstitutionen und dem franz\u00f6sischen Verband der Camper, Caravaner und Wohnmobilisten anerkannt wird.<br>Nach einer Pr\u00fcfung (die alle 5 Jahre durchgef\u00fchrt wird) durch einen Mystery Shopper auf dem Campingplatz verpflichten sich die erfolgreichen Einrichtungen, weiterhin \u00fcber 700 Kriterien einzuhalten, die sich auf <strong>5 gro\u00dfe Themenbereiche konzentrieren<\/strong>:<br>&#8211; Der herzliche Empfang<br>&#8211; Die tadellose Sauberkeit<br>&#8211; Wahre und genaue Informationen<br>&#8211; Die gepflegte private Lage<br>&#8211; Die Umwelt aufgewertet und respektiert.<\/p>\n<\/div><\/div>\n<\/div><\/div>\n<\/div>\n<\/div>\n<\/div><\/div>\n\n\n\n<div class=\"wp-container-69d739031d17b wp-block-group y-10-b\"><div class=\"wp-block-group__inner-container\">\n<div class=\"wp-block-columns reverse-mob\">\n<div class=\"wp-block-column\">\n<p><strong>Die Marke <a rel=\"noreferrer noopener\" href=\"https:\/\/www.qualite-tourisme.gouv.fr\/fr\" target=\"_blank\">Qualit\u00e9 Tourisme\u2122<\/a><\/strong><br><strong>Es ist die einzige staatliche Marke, die Tourismusfachleuten f\u00fcr die Qualit\u00e4t ihres Empfangs und ihrer Dienstleistungen verliehen wird.<\/strong><br>Da sie sich an die gesamte touristische Empfangskette richtet, begleitet Sie Qualit\u00e9 Tourisme\u2122 w\u00e4hrend Ihres gesamten Aufenthalts: Unterk\u00fcnfte, Restaurants, Besichtigungsst\u00e4tten, Sport- und Freizeitaktivit\u00e4ten, Fremdenverkehrsb\u00fcros&#8230; Sie k\u00f6nnen Ihren Urlaub in aller Gelassenheit planen.<br>Ob anerkannte oder ungew\u00f6hnliche Reiseziele, gro\u00dfe Gruppen mit internationalem Renommee oder kleine, unabh\u00e4ngige Betriebe &#8211; sie alle schlie\u00dfen sich Qualit\u00e9 Tourisme\u2122 an, um Ihnen einen hervorragenden <strong>Empfang zu bereiten<\/strong>: Fast 5 500 Betriebe sind so mit dem G\u00fctesiegel Qualit\u00e9 Tourisme\u2122 ausgezeichnet.<\/p>\n\n\n\n<div class=\"wp-block-group lire-plus-mobile\"><div class=\"wp-block-group__inner-container\">\n<p>Lesen Sie mehr<\/p>\n\n\n\n<div class=\"wp-container-69d739031cd8f wp-block-group\"><div class=\"wp-block-group__inner-container\">\n<p id=\"marque-valeurs-parc-naturel-regional\"><strong>Marke &#8222;Werte Regionaler Naturpark&#8220;<\/strong><br>Die nationale Marke <strong>&#8222;Valeurs Parc naturel r\u00e9gional&#8220;<\/strong> zeichnet Unternehmen aus, <strong>die sich f\u00fcr eine nachhaltige wirtschaftliche Entwicklung ihrer Gebiete einsetzen.<\/strong> Die Marke wertet die Aktivit\u00e4ten und Produkte der regionalen Naturparks auf und f\u00f6rdert eine nachhaltige wirtschaftliche Entwicklung in ihren Gebieten. Sie wird an Unternehmen verliehen, die mit dem Park die folgenden 3 Werte teilen: Verbundenheit mit dem Territorium, Erhaltung der Umwelt und Menschlichkeit.<\/p>\n\n\n\n<p><a href=\"https:\/\/www.francevelotourisme.com\/accueil-velo\" data-type=\"URL\" data-id=\"https:\/\/www.francevelotourisme.com\/accueil-velo\" target=\"_blank\" rel=\"noreferrer noopener\">Label Accueil V\u00e9lo<\/a> ist eine nationale Marke, die Wanderradfahrern einen hochwertigen Empfang und Service entlang der Radwege garantiert.<br>Accueil V\u00e9lo ist die Garantie f\u00fcr den Radfahrer einer Einrichtung:<br>Weniger als 5 km von einer Fahrradroute entfernt<br>Mit radfahrergerechter Ausstattung: sicherer Fahrradunterstand, Reparaturset<br>Mit einem herzlichen Empfang (praktische Informationen, Ratschl\u00e4ge, Reiserouten, Wetter usw.)<br>Bietet Dienstleistungen speziell f\u00fcr Reisende mit dem Fahrrad: Erm\u00e4\u00dfigung auf dem Stellplatz, sicherer Fahrradraum in der Nacht, Waschmaschinen und Trockner (gegen Geb\u00fchr) in den Gemeinschaftstoiletten\u2026<\/p>\n<\/div><\/div>\n<\/div><\/div>\n<\/div>\n\n\n\n<div class=\"wp-block-column\">\n<figure class=\"wp-block-gallery has-nested-images columns-default is-cropped\">\n<figure class=\"wp-block-image size-full\"><img loading=\"lazy\" width=\"750\" height=\"570\" src=\"https:\/\/campingbellehutte.com\/wp-content\/uploads\/2022\/07\/5-Entree-mine-St-Thomas-Les-Hautes-Mynes-Photo-O.Vermor-750x570-1.jpg\" alt=\"\" class=\"wp-image-1031\" srcset=\"https:\/\/campingbellehutte.com\/wp-content\/uploads\/2022\/07\/5-Entree-mine-St-Thomas-Les-Hautes-Mynes-Photo-O.Vermor-750x570-1.jpg 750w, https:\/\/campingbellehutte.com\/wp-content\/uploads\/2022\/07\/5-Entree-mine-St-Thomas-Les-Hautes-Mynes-Photo-O.Vermor-750x570-1-300x228.jpg 300w\" sizes=\"(max-width: 750px) 100vw, 750px\" \/><\/figure>\n\n\n\n<figure class=\"wp-block-image size-full\"><img loading=\"lazy\" width=\"1024\" height=\"576\" src=\"https:\/\/campingbellehutte.com\/wp-content\/uploads\/2022\/07\/5-JP-Buisson-Fabrication-de-munster-1024x576-1.jpg\" alt=\"\" class=\"wp-image-1326\" srcset=\"https:\/\/campingbellehutte.com\/wp-content\/uploads\/2022\/07\/5-JP-Buisson-Fabrication-de-munster-1024x576-1.jpg 1024w, https:\/\/campingbellehutte.com\/wp-content\/uploads\/2022\/07\/5-JP-Buisson-Fabrication-de-munster-1024x576-1-300x169.jpg 300w, https:\/\/campingbellehutte.com\/wp-content\/uploads\/2022\/07\/5-JP-Buisson-Fabrication-de-munster-1024x576-1-768x432.jpg 768w\" sizes=\"(max-width: 1024px) 100vw, 1024px\" \/><\/figure>\n<\/figure>\n<\/div>\n<\/div>\n<\/div><\/div>\n\n\n\n<div class=\"wp-container-69d739031dbbf wp-block-group y-20-a\"><div class=\"wp-block-group__inner-container\">\n<div class=\"wp-block-cover alignfull is-light\"><span aria-hidden=\"true\" class=\"has-primary-background-color has-background-dim-0 wp-block-cover__gradient-background has-background-dim\"><\/span><img loading=\"lazy\" width=\"2000\" height=\"1500\" class=\"wp-block-cover__image-background wp-image-617\" alt=\"\" src=\"https:\/\/campingbellehutte.com\/wp-content\/uploads\/2022\/07\/received_595824851267393.jpeg\" style=\"object-position:51% 48%\" data-object-fit=\"cover\" data-object-position=\"51% 48%\" srcset=\"https:\/\/campingbellehutte.com\/wp-content\/uploads\/2022\/07\/received_595824851267393.jpeg 2000w, https:\/\/campingbellehutte.com\/wp-content\/uploads\/2022\/07\/received_595824851267393-300x225.jpeg 300w, https:\/\/campingbellehutte.com\/wp-content\/uploads\/2022\/07\/received_595824851267393-1024x768.jpeg 1024w, https:\/\/campingbellehutte.com\/wp-content\/uploads\/2022\/07\/received_595824851267393-768x576.jpeg 768w, https:\/\/campingbellehutte.com\/wp-content\/uploads\/2022\/07\/received_595824851267393-1536x1152.jpeg 1536w\" sizes=\"(max-width: 2000px) 100vw, 2000px\" \/><div class=\"wp-block-cover__inner-container\">\n<div class=\"wp-container-69d739031d8d5 wp-block-group has-white-background-color has-background\"><div class=\"wp-block-group__inner-container\">\n<h2 id=\"des-activites-et-loisirs-varies-1\">Unsere Partner<\/h2>\n\n\n\n<div class=\"wp-container-69d739031d5f6 wp-block-group partenaires\"><div class=\"wp-block-group__inner-container\">\n<p><strong>&#8211; Skigebiet <\/strong><br><a rel=\"noreferrer noopener\" href=\"https:\/\/www.labellemontagne.com\/fr\/\" target=\"_blank\"><strong>La Bresse-Hohneck Labellemontagne<\/strong> <br><\/a><a rel=\"noreferrer noopener\" href=\"https:\/\/lispach.com\/domaine-nordique\/\" target=\"_blank\"><strong>Domaine Nordique La Bresse-Lispach<\/strong> <br><\/a><strong><a rel=\"noreferrer noopener\" href=\"https:\/\/www.gerardmer-ski.com\/fr\/\" target=\"_blank\">G\u00e9rardmer Ski<\/a><\/strong><br><strong><a href=\"https:\/\/www.massif-des-vosges.fr\/les-stations-du-massif\/\" target=\"_blank\" rel=\"noreferrer noopener\">Alle Alpin- und Nordic-Walking-Stationen in den Vogesen<\/a><\/strong><\/p>\n\n\n\n<p><strong>Skiverleih<\/strong><br><strong><a rel=\"noreferrer noopener\" href=\"https:\/\/location-ski-la-bresse.fr\/\" target=\"_blank\">La Scierie<\/a><\/strong><br><strong><a href=\"https:\/\/www.intersport.fr\/store-finder\/?q=La+Bresse%2C+88250&amp;latitude=48.0053193&amp;longitude=6.8757541\" target=\"_blank\" rel=\"noreferrer noopener\">Intersport<\/a><\/strong><br><strong><a rel=\"noreferrer noopener\" href=\"https:\/\/www.labellemontagne.com\/fr\/\" target=\"_blank\">La Bresse-Hohneck Labellemontagne<\/a><\/strong><\/p>\n\n\n\n<p><strong>&#8211; Skischulen<\/strong><br><strong><a rel=\"noreferrer noopener\" href=\"https:\/\/www.esf-labresse.com\/\" target=\"_blank\">ESF La Bresse<\/a><\/strong><br><strong><a href=\"https:\/\/www.moonshot.fr\/\" target=\"_blank\" rel=\"noreferrer noopener\">Moonshot Ecole de Glisse<\/a><\/strong><\/p>\n\n\n\n<p><strong>&#8211; Touristische Informationen<\/strong><br><strong><a rel=\"noreferrer noopener\" href=\"https:\/\/gerardmer.net\/\" target=\"_blank\">G\u00e9rardmer<\/a><\/strong><br><a rel=\"noreferrer noopener\" href=\"https:\/\/www.labresse.net\/\" target=\"_blank\"><strong>La Bresse<\/strong> <br><\/a><a rel=\"noreferrer noopener\" href=\"https:\/\/www.tourisme.vosges.fr\/\" target=\"_blank\"><strong>Tourisme Vosges<\/strong> <br><\/a><strong><a href=\"https:\/\/www.tourisme-lorraine.fr\/\" target=\"_blank\" rel=\"noreferrer noopener\">Tourisme Lorraine<\/a><\/strong><\/p>\n\n\n\n<p><strong>&#8211; Bergbegleiter<\/strong><br><strong><a rel=\"noreferrer noopener\" href=\"https:\/\/www.gambaladons.fr\/\" target=\"_blank\">Gambaladons<\/a><\/strong><br><strong><a href=\"https:\/\/www.bmhv.com\/\" target=\"_blank\" rel=\"noreferrer noopener\">BMHV<\/a><\/strong><\/p>\n\n\n\n<p><strong>&#8211; Die Campingpl\u00e4tze Vosges \/ Grand-Est<\/strong><br><strong><a rel=\"noreferrer noopener\" href=\"http:\/\/vosges-campings.com\/\" target=\"_blank\">Campingpl\u00e4tze im Vogesenmassiv<\/a><\/strong><br><strong><a rel=\"noreferrer noopener\" href=\"https:\/\/www.campingenlorraine.com\/camping\/\" target=\"_blank\">Campingpl\u00e4tze in Lothringen<\/a><\/strong><\/p>\n\n\n\n<p><strong>&#8211; Unsere Siegel<\/strong><br><strong><a rel=\"noreferrer noopener\" href=\"https:\/\/campingqualite.com\/\" target=\"_blank\">Camping Qualit\u00e4t<\/a><\/strong><br><strong><a rel=\"noreferrer noopener\" href=\"https:\/\/www.laclefverte.org\/\" target=\"_blank\">Clef Verte<\/a><\/strong><br><strong><a rel=\"noreferrer noopener\" href=\"https:\/\/www.parcs-naturels-regionaux.fr\/les-enjeux\/economie\/valeurs-parc-naturel-regional\/valeurs-parc-naturel-regional-la-marque\" target=\"_blank\">Werte Regionaler Naturpark<\/a><\/strong><br><strong><a rel=\"noreferrer noopener\" href=\"https:\/\/www.lespiedsdansleau.com\/qui-sommes-nous\/\" target=\"_blank\">Die F\u00fc\u00dfe im Wasser<\/a><\/strong><br><strong><a rel=\"noreferrer noopener\" href=\"https:\/\/tourisme-handicaps.org\/\" target=\"_blank\">Tourismus &amp; Behinderung<\/a><\/strong><br><strong><a href=\"https:\/\/www.qualite-tourisme.gouv.fr\/fr\" target=\"_blank\" rel=\"noreferrer noopener\">Qualit\u00e4t des Tourismus<\/a><\/strong><\/p>\n<\/div><\/div>\n<\/div><\/div>\n<\/div><\/div>\n<\/div><\/div>\n\n\n\n<div class=\"wp-container-69d739031e160 wp-block-group labels_partenaires\"><div class=\"wp-block-group__inner-container\">\n<figure class=\"wp-block-gallery has-nested-images columns-8 is-cropped\">\n<figure class=\"wp-block-image size-full\"><a href=\"https:\/\/www.laclefverte.org\/\" target=\"_blank\" rel=\"noopener\"><img loading=\"lazy\" width=\"472\" height=\"472\" src=\"https:\/\/campingbellehutte.com\/wp-content\/uploads\/2025\/06\/logo-label-clef-verte.jpg\" alt=\"\" class=\"wp-image-8835\" srcset=\"https:\/\/campingbellehutte.com\/wp-content\/uploads\/2025\/06\/logo-label-clef-verte.jpg 472w, https:\/\/campingbellehutte.com\/wp-content\/uploads\/2025\/06\/logo-label-clef-verte-300x300.jpg 300w, https:\/\/campingbellehutte.com\/wp-content\/uploads\/2025\/06\/logo-label-clef-verte-150x150.jpg 150w\" sizes=\"(max-width: 472px) 100vw, 472px\" \/><\/a><\/figure>\n\n\n\n<figure class=\"wp-block-image size-full\"><a href=\"https:\/\/campingqualite.com\/campings\/camping-de-belle-hutte\/\" target=\"_blank\" rel=\"noopener\"><img loading=\"lazy\" width=\"564\" height=\"556\" src=\"https:\/\/campingbellehutte.com\/wp-content\/uploads\/2025\/06\/camping-qualite-logo.jpg\" alt=\"\" class=\"wp-image-8839\" srcset=\"https:\/\/campingbellehutte.com\/wp-content\/uploads\/2025\/06\/camping-qualite-logo.jpg 564w, https:\/\/campingbellehutte.com\/wp-content\/uploads\/2025\/06\/camping-qualite-logo-300x296.jpg 300w\" sizes=\"(max-width: 564px) 100vw, 564px\" \/><\/a><\/figure>\n\n\n\n<figure class=\"wp-block-image size-full\"><a href=\"https:\/\/www.parcs-naturels-regionaux.fr\/les-enjeux\/economie\/valeurs-parc-naturel-regional\/valeurs-parc-naturel-regional-la-marque\" target=\"_blank\" rel=\"noopener\"><img loading=\"lazy\" width=\"224\" height=\"350\" src=\"https:\/\/campingbellehutte.com\/wp-content\/uploads\/2025\/06\/pnr_logo_pantone-copie.png\" alt=\"\" class=\"wp-image-8843\" srcset=\"https:\/\/campingbellehutte.com\/wp-content\/uploads\/2025\/06\/pnr_logo_pantone-copie.png 224w, https:\/\/campingbellehutte.com\/wp-content\/uploads\/2025\/06\/pnr_logo_pantone-copie-192x300.png 192w\" sizes=\"(max-width: 224px) 100vw, 224px\" \/><\/a><\/figure>\n\n\n\n<figure class=\"wp-block-image size-large\"><img loading=\"lazy\" width=\"88\" height=\"60\" src=\"https:\/\/campingbellehutte.com\/wp-content\/uploads\/2021\/07\/Thema_Riverside_Vosges-88x60-1.png\" alt=\"\" class=\"wp-image-1783\"\/><\/figure>\n\n\n\n<figure class=\"wp-block-image size-large\"><a href=\"https:\/\/vosges-campings.com\/\" target=\"_blank\" rel=\"noopener\"><img loading=\"lazy\" width=\"1024\" height=\"1024\" src=\"https:\/\/campingbellehutte.com\/wp-content\/uploads\/2025\/06\/Vosges-Camping-1024x1024.png\" alt=\"\" class=\"wp-image-8847\" srcset=\"https:\/\/campingbellehutte.com\/wp-content\/uploads\/2025\/06\/Vosges-Camping-1024x1024.png 1024w, https:\/\/campingbellehutte.com\/wp-content\/uploads\/2025\/06\/Vosges-Camping-300x300.png 300w, https:\/\/campingbellehutte.com\/wp-content\/uploads\/2025\/06\/Vosges-Camping-150x150.png 150w, https:\/\/campingbellehutte.com\/wp-content\/uploads\/2025\/06\/Vosges-Camping-768x768.png 768w, https:\/\/campingbellehutte.com\/wp-content\/uploads\/2025\/06\/Vosges-Camping-800x800.png 800w, https:\/\/campingbellehutte.com\/wp-content\/uploads\/2025\/06\/Vosges-Camping.png 1080w\" sizes=\"(max-width: 1024px) 100vw, 1024px\" \/><\/a><\/figure>\n\n\n\n<figure class=\"wp-block-image size-large\"><img loading=\"lazy\" width=\"1024\" height=\"1024\" src=\"https:\/\/campingbellehutte.com\/wp-content\/uploads\/2025\/06\/Camping-en-Lorraine-1024x1024.png\" alt=\"\" class=\"wp-image-8851\" srcset=\"https:\/\/campingbellehutte.com\/wp-content\/uploads\/2025\/06\/Camping-en-Lorraine-1024x1024.png 1024w, https:\/\/campingbellehutte.com\/wp-content\/uploads\/2025\/06\/Camping-en-Lorraine-300x300.png 300w, https:\/\/campingbellehutte.com\/wp-content\/uploads\/2025\/06\/Camping-en-Lorraine-150x150.png 150w, https:\/\/campingbellehutte.com\/wp-content\/uploads\/2025\/06\/Camping-en-Lorraine-768x768.png 768w, https:\/\/campingbellehutte.com\/wp-content\/uploads\/2025\/06\/Camping-en-Lorraine-800x800.png 800w, https:\/\/campingbellehutte.com\/wp-content\/uploads\/2025\/06\/Camping-en-Lorraine.png 1080w\" sizes=\"(max-width: 1024px) 100vw, 1024px\" \/><\/figure>\n\n\n\n<figure class=\"wp-block-image size-full\"><a href=\"https:\/\/fnhpa-pro.fr\/\" target=\"_blank\" rel=\"noopener\"><img loading=\"lazy\" width=\"500\" height=\"315\" src=\"https:\/\/campingbellehutte.com\/wp-content\/uploads\/2025\/06\/fnhpa.jpg\" alt=\"\" class=\"wp-image-8855\" srcset=\"https:\/\/campingbellehutte.com\/wp-content\/uploads\/2025\/06\/fnhpa.jpg 500w, https:\/\/campingbellehutte.com\/wp-content\/uploads\/2025\/06\/fnhpa-300x189.jpg 300w\" sizes=\"(max-width: 500px) 100vw, 500px\" \/><\/a><\/figure>\n\n\n\n<figure class=\"wp-block-image size-full\"><a href=\"https:\/\/leguide.ancv.com\/ptl\/hebergement\/hotellerie_plein_air\/camping_de_belle_hutte\/179258001001?theme=&amp;text=belle%20hutte&amp;location=la%20bresse\" target=\"_blank\" rel=\"noopener\"><img loading=\"lazy\" width=\"458\" height=\"263\" src=\"https:\/\/campingbellehutte.com\/wp-content\/uploads\/2025\/06\/ANCV_logo_2010.png\" alt=\"\" class=\"wp-image-8859\" srcset=\"https:\/\/campingbellehutte.com\/wp-content\/uploads\/2025\/06\/ANCV_logo_2010.png 458w, https:\/\/campingbellehutte.com\/wp-content\/uploads\/2025\/06\/ANCV_logo_2010-300x172.png 300w\" sizes=\"(max-width: 458px) 100vw, 458px\" \/><\/a><\/figure>\n\n\n\n<figure class=\"wp-block-image size-full\"><a href=\"https:\/\/tourisme-handicaps.org\/\" target=\"_blank\" rel=\"noopener\"><img loading=\"lazy\" width=\"940\" height=\"752\" src=\"https:\/\/campingbellehutte.com\/wp-content\/uploads\/2025\/06\/Label-tourisme-et-handicap.jpg\" alt=\"\" class=\"wp-image-8863\" srcset=\"https:\/\/campingbellehutte.com\/wp-content\/uploads\/2025\/06\/Label-tourisme-et-handicap.jpg 940w, https:\/\/campingbellehutte.com\/wp-content\/uploads\/2025\/06\/Label-tourisme-et-handicap-300x240.jpg 300w, https:\/\/campingbellehutte.com\/wp-content\/uploads\/2025\/06\/Label-tourisme-et-handicap-768x614.jpg 768w\" sizes=\"(max-width: 940px) 100vw, 940px\" \/><\/a><\/figure>\n\n\n\n<figure class=\"wp-block-image size-full\"><a href=\"https:\/\/www.atout-france.fr\/fr\/qualite-tourisme\" target=\"_blank\" rel=\"noopener\"><img loading=\"lazy\" width=\"791\" height=\"719\" src=\"https:\/\/campingbellehutte.com\/wp-content\/uploads\/2025\/06\/Logo_QT_transpa.png\" alt=\"\" class=\"wp-image-8867\" srcset=\"https:\/\/campingbellehutte.com\/wp-content\/uploads\/2025\/06\/Logo_QT_transpa.png 791w, https:\/\/campingbellehutte.com\/wp-content\/uploads\/2025\/06\/Logo_QT_transpa-300x273.png 300w, https:\/\/campingbellehutte.com\/wp-content\/uploads\/2025\/06\/Logo_QT_transpa-768x698.png 768w\" sizes=\"(max-width: 791px) 100vw, 791px\" \/><\/a><\/figure>\n\n\n\n<figure class=\"wp-block-image size-full\"><img loading=\"lazy\" width=\"800\" height=\"733\" src=\"https:\/\/campingbellehutte.com\/wp-content\/uploads\/2025\/06\/800x600_logo-famille-plus-2174.jpg\" alt=\"\" class=\"wp-image-8871\" srcset=\"https:\/\/campingbellehutte.com\/wp-content\/uploads\/2025\/06\/800x600_logo-famille-plus-2174.jpg 800w, https:\/\/campingbellehutte.com\/wp-content\/uploads\/2025\/06\/800x600_logo-famille-plus-2174-300x275.jpg 300w, https:\/\/campingbellehutte.com\/wp-content\/uploads\/2025\/06\/800x600_logo-famille-plus-2174-768x704.jpg 768w\" sizes=\"(max-width: 800px) 100vw, 800px\" \/><\/figure>\n<\/figure>\n<\/div><\/div>\n","protected":false},"excerpt":{"rendered":"<p>Unsere Labels &amp; Werte Urlaub f\u00fcr alle inmitten einer sch\u00fctzenswerten nat\u00fcrlichen Umgebung Die Umwelt ist uns ein wichtiges Anliegen, weshalb wir uns seit jeher f\u00fcr den Erhalt der Natur einsetzen. Wir m\u00f6chten m\u00f6glichst vielen Menschen die M\u00f6glichkeit geben, die Sch\u00e4tze der Berge zu genie\u00dfen, und dabei unsere Auswirkungen so gering wie m\u00f6glich halten. Label Tourisme [&hellip;]<\/p>\n","protected":false},"author":1,"featured_media":0,"parent":0,"menu_order":0,"comment_status":"closed","ping_status":"closed","template":"","meta":[],"acf":[],"_links":{"self":[{"href":"https:\/\/campingbellehutte.com\/de\/wp-json\/wp\/v2\/pages\/4686"}],"collection":[{"href":"https:\/\/campingbellehutte.com\/de\/wp-json\/wp\/v2\/pages"}],"about":[{"href":"https:\/\/campingbellehutte.com\/de\/wp-json\/wp\/v2\/types\/page"}],"author":[{"embeddable":true,"href":"https:\/\/campingbellehutte.com\/de\/wp-json\/wp\/v2\/users\/1"}],"replies":[{"embeddable":true,"href":"https:\/\/campingbellehutte.com\/de\/wp-json\/wp\/v2\/comments?post=4686"}],"version-history":[{"count":6,"href":"https:\/\/campingbellehutte.com\/de\/wp-json\/wp\/v2\/pages\/4686\/revisions"}],"predecessor-version":[{"id":9220,"href":"https:\/\/campingbellehutte.com\/de\/wp-json\/wp\/v2\/pages\/4686\/revisions\/9220"}],"wp:attachment":[{"href":"https:\/\/campingbellehutte.com\/de\/wp-json\/wp\/v2\/media?parent=4686"}],"curies":[{"name":"wp","href":"https:\/\/api.w.org\/{rel}","templated":true}]}}