{"id":4568,"date":"2022-11-03T15:33:58","date_gmt":"2022-11-03T14:33:58","guid":{"rendered":"https:\/\/campingbellehutte.com\/ungewoehnliches\/"},"modified":"2025-11-12T12:03:19","modified_gmt":"2025-11-12T11:03:19","slug":"ungewoehnliches","status":"publish","type":"page","link":"https:\/\/campingbellehutte.com\/de\/ungewoehnliches\/","title":{"rendered":"Ungew\u00f6hnliches"},"content":{"rendered":"\n<div class=\"wp-block-cover y-00-a\"><span aria-hidden=\"true\" class=\"has-black-background-color has-background-dim-20 wp-block-cover__gradient-background has-background-dim\"><\/span><img loading=\"lazy\" width=\"1024\" height=\"768\" class=\"wp-block-cover__image-background wp-image-1380\" alt=\"\" src=\"https:\/\/campingbellehutte.com\/wp-content\/uploads\/2022\/07\/DSC02142-1024x768-1.jpg\" style=\"object-position:47% 93%\" data-object-fit=\"cover\" data-object-position=\"47% 93%\" srcset=\"https:\/\/campingbellehutte.com\/wp-content\/uploads\/2022\/07\/DSC02142-1024x768-1.jpg 1024w, https:\/\/campingbellehutte.com\/wp-content\/uploads\/2022\/07\/DSC02142-1024x768-1-300x225.jpg 300w, https:\/\/campingbellehutte.com\/wp-content\/uploads\/2022\/07\/DSC02142-1024x768-1-768x576.jpg 768w\" sizes=\"(max-width: 1024px) 100vw, 1024px\" \/><div class=\"wp-block-cover__inner-container\">\n<h1 class=\"has-text-align-center\" id=\"sejournez-en-location-insolite-dans-les-vosges-1\">Ungew\u00f6hnliche Unterk\u00fcnfte La Bresse Vosges<br><em>Vom 19. Dezember 25 bis zum 27. September<\/em> 26<\/h1>\n<\/div><\/div>\n\n\n\n<div class=\"wp-container-69d74eebe8b9a wp-block-group alignfull y-25-b\"><div class=\"wp-block-group__inner-container\">\n<div class=\"wp-container-69d74eebe8554 wp-block-group barre-resa\"><div class=\"wp-block-group__inner-container\"><ctv-searchbar><\/ctv-searchbar>\n<\/div><\/div>\n\n\n\n<div class=\"wp-container-69d74eebe88c6 wp-block-group pictos\"><div class=\"wp-block-group__inner-container\">\n<ul><li><i class=\"fa-solid fa-sink\"><\/i>  Ungew\u00f6hnliche Unterk\u00fcnfte mit Bad<\/li><li><i class=\"fa-solid fa-hand-holding-droplet\"><\/i>  Unterk\u00fcnfte mit Sanit\u00e4ranlagen<\/li><li><i class=\"fa-solid fa-house-chimney-heart\"><\/i>  Ungew\u00f6hnliche Unterk\u00fcnfte mit allem Komfort<\/li><\/ul>\n<\/div><\/div>\n<\/div><\/div>\n\n\n\n<div class=\"wp-container-69d74eebe9352 wp-block-group y-10-a\"><div class=\"wp-block-group__inner-container\">\n<div class=\"wp-block-columns\">\n<div class=\"wp-block-column\">\n<figure class=\"wp-block-gallery aligncenter has-nested-images columns-default is-cropped\">\n<figure class=\"wp-block-image size-full\"><img loading=\"lazy\" width=\"750\" height=\"570\" src=\"https:\/\/campingbellehutte.com\/wp-content\/uploads\/2022\/09\/DSC02327-2-750x570-2.jpg\" alt=\"\" class=\"wp-image-3781\" srcset=\"https:\/\/campingbellehutte.com\/wp-content\/uploads\/2022\/09\/DSC02327-2-750x570-2.jpg 750w, https:\/\/campingbellehutte.com\/wp-content\/uploads\/2022\/09\/DSC02327-2-750x570-2-300x228.jpg 300w\" sizes=\"(max-width: 750px) 100vw, 750px\" \/><\/figure>\n\n\n\n<figure class=\"wp-block-image size-large\"><img loading=\"lazy\" width=\"1024\" height=\"768\" src=\"https:\/\/campingbellehutte.com\/wp-content\/uploads\/2022\/09\/IMG_20241212_115023-1024x768.jpg\" alt=\"\" class=\"wp-image-8354\" srcset=\"https:\/\/campingbellehutte.com\/wp-content\/uploads\/2022\/09\/IMG_20241212_115023-1024x768.jpg 1024w, https:\/\/campingbellehutte.com\/wp-content\/uploads\/2022\/09\/IMG_20241212_115023-300x225.jpg 300w, https:\/\/campingbellehutte.com\/wp-content\/uploads\/2022\/09\/IMG_20241212_115023-768x576.jpg 768w, https:\/\/campingbellehutte.com\/wp-content\/uploads\/2022\/09\/IMG_20241212_115023-1536x1152.jpg 1536w, https:\/\/campingbellehutte.com\/wp-content\/uploads\/2022\/09\/IMG_20241212_115023-2048x1536.jpg 2048w\" sizes=\"(max-width: 1024px) 100vw, 1024px\" \/><\/figure>\n<\/figure>\n<\/div>\n\n\n\n<div class=\"wp-block-column\">\n<h2 id=\"des-nuits-insolites-dans-un-hebergement-enchanteur\">Ungew\u00f6hnliche N\u00e4chte in einer zauberhaften Unterkunft<\/h2>\n\n\n\n<p>Lassen Sie sich von diesen au\u00dfergew\u00f6hnlichen <strong>Unterk\u00fcnften<\/strong> verf\u00fchren und verbringen Sie einen <strong>unvergesslichen Aufenthalt<\/strong> in La Bresse im Herzen des Vogesenmassivs: totale Abwechslung zu zweit oder mit der Familie in den Bergen.<\/p>\n\n\n\n<p>Wie in unseren Chalets wurde alles  <strong>f\u00fcr Ihren Komfort gedacht<\/strong>  (Kochecke, WC, Kabinendusche oder begehbare Dusche&#8230;)  <strong>Bewundern Sie die Landschaft von Ihrer Terrasse aus<\/strong>  : Wenn Sie geduldig sind, haben Sie vielleicht das Gl\u00fcck, einen Hirsch oder eine Hirschkuh zu sehen, und all die Wunder der Natur, die es zu jeder Jahreszeit zu entdecken gibt.<\/p>\n\n\n\n<p class=\"information\"><a href=\"https:\/\/campingbellehutte.com\/wp-content\/uploads\/2024\/07\/Map-Camping-Belle-Hutte-2025.pdf\" target=\"_blank\" rel=\"noopener\">Campingplatzplan<\/a><\/p>\n\n\n\n<div class=\"wp-container-69d74eebe9058 wp-block-buttons\">\n<div class=\"wp-block-button aligncenter is-style-fill btn_resa\"><a class=\"wp-block-button__link\">Meinen Aufenthalt buchen<\/a><\/div>\n\n\n\n<div class=\"wp-block-button aligncenter is-style-fill\"><a class=\"wp-block-button__link\" href=\"https:\/\/campingbellehutte.com\/wp-content\/uploads\/2024\/07\/how-to-choose-your-accomodation-scaled.jpg\" target=\"_blank\" rel=\"noreferrer noopener\">Entdecken Sie den Vergleich der Chalets<\/a><\/div>\n<\/div>\n<\/div>\n<\/div>\n<\/div><\/div>\n\n\n\n<section class=\"wp-container-69d74eebe99e5 wp-block-group margin-section\"><div class=\"wp-block-group__inner-container\">\n<p class=\"has-text-align-center h3\" id=\"choisissez-votre-hebergement\">W\u00e4hlen Sie Ihre ungew\u00f6hnliche Unterkunft<\/p>\n\n\n<ul class=\"liste-locations\"><li class=\"liste-locations__item\"><a href=\"https:\/\/campingbellehutte.com\/de\/locations\/weinbau-roulotte-18-m%c2%b2\/\">\r\n\t\t\t\t\t\t\t\t\t\t\t\t<img width=\"2560\" height=\"1920\" src=\"https:\/\/campingbellehutte.com\/wp-content\/uploads\/2022\/09\/Roulotte-Viticole-Muscat-min-scaled.jpg\" class=\"attachment-post-thumbnail size-post-thumbnail wp-post-image\" alt=\"Roulotte viticole Vosges - Camping Belle Hutte la Bresse\" loading=\"lazy\" srcset=\"https:\/\/campingbellehutte.com\/wp-content\/uploads\/2022\/09\/Roulotte-Viticole-Muscat-min-scaled.jpg 2560w, https:\/\/campingbellehutte.com\/wp-content\/uploads\/2022\/09\/Roulotte-Viticole-Muscat-min-300x225.jpg 300w, https:\/\/campingbellehutte.com\/wp-content\/uploads\/2022\/09\/Roulotte-Viticole-Muscat-min-1024x768.jpg 1024w, https:\/\/campingbellehutte.com\/wp-content\/uploads\/2022\/09\/Roulotte-Viticole-Muscat-min-768x576.jpg 768w, https:\/\/campingbellehutte.com\/wp-content\/uploads\/2022\/09\/Roulotte-Viticole-Muscat-min-1536x1152.jpg 1536w, https:\/\/campingbellehutte.com\/wp-content\/uploads\/2022\/09\/Roulotte-Viticole-Muscat-min-2048x1536.jpg 2048w\" sizes=\"(max-width: 2560px) 100vw, 2560px\" \/>\r\n\t\t\t\t\t\t\t\t\t\t\t\t<span class=\"liste-locations__item__titre\">Roulotte Viticole 18 m\u00b2<\/span>\r\n\t\t\t\t\t\t\t\t\t\t<\/a><\/li><li class=\"liste-locations__item\"><a href=\"https:\/\/campingbellehutte.com\/de\/locations\/goutte-do-ihr-gemuetliches-nest-25m%c2%b2\/\">\r\n\t\t\t\t\t\t\t\t\t\t\t\t<img width=\"1024\" height=\"768\" src=\"https:\/\/campingbellehutte.com\/wp-content\/uploads\/2022\/09\/DSC02142-1024x768-1.jpg\" class=\"attachment-post-thumbnail size-post-thumbnail wp-post-image\" alt=\"\" loading=\"lazy\" srcset=\"https:\/\/campingbellehutte.com\/wp-content\/uploads\/2022\/09\/DSC02142-1024x768-1.jpg 1024w, https:\/\/campingbellehutte.com\/wp-content\/uploads\/2022\/09\/DSC02142-1024x768-1-300x225.jpg 300w, https:\/\/campingbellehutte.com\/wp-content\/uploads\/2022\/09\/DSC02142-1024x768-1-768x576.jpg 768w\" sizes=\"(max-width: 1024px) 100vw, 1024px\" \/>\r\n\t\t\t\t\t\t\t\t\t\t\t\t<span class=\"liste-locations__item__titre\">Goutte d&#8217;\u00d4 : Ihre gem\u00fctliches Nest &#8211; 25m\u00b2<\/span>\r\n\t\t\t\t\t\t\t\t\t\t<\/a><\/li><li class=\"liste-locations__item\"><a href=\"https:\/\/campingbellehutte.com\/de\/locations\/ungewoehnliches-becken-14-m%c2%b2\/\">\r\n\t\t\t\t\t\t\t\t\t\t\t\t<img width=\"1800\" height=\"700\" src=\"https:\/\/campingbellehutte.com\/wp-content\/uploads\/2022\/09\/DSC02327-1800x700-1.jpg\" class=\"attachment-post-thumbnail size-post-thumbnail wp-post-image\" alt=\"\" loading=\"lazy\" srcset=\"https:\/\/campingbellehutte.com\/wp-content\/uploads\/2022\/09\/DSC02327-1800x700-1.jpg 1800w, https:\/\/campingbellehutte.com\/wp-content\/uploads\/2022\/09\/DSC02327-1800x700-1-300x117.jpg 300w, https:\/\/campingbellehutte.com\/wp-content\/uploads\/2022\/09\/DSC02327-1800x700-1-1024x398.jpg 1024w, https:\/\/campingbellehutte.com\/wp-content\/uploads\/2022\/09\/DSC02327-1800x700-1-768x299.jpg 768w, https:\/\/campingbellehutte.com\/wp-content\/uploads\/2022\/09\/DSC02327-1800x700-1-1536x597.jpg 1536w\" sizes=\"(max-width: 1800px) 100vw, 1800px\" \/>\r\n\t\t\t\t\t\t\t\t\t\t\t\t<span class=\"liste-locations__item__titre\">Cuveau Insolite 14 m\u00b2<\/span>\r\n\t\t\t\t\t\t\t\t\t\t<\/a><\/li><li class=\"liste-locations__item\"><a href=\"https:\/\/campingbellehutte.com\/de\/locations\/chalet-rond-35m%c2%b2-3-zimmer\/\">\r\n\t\t\t\t\t\t\t\t\t\t\t\t<img width=\"750\" height=\"570\" src=\"https:\/\/campingbellehutte.com\/wp-content\/uploads\/2022\/09\/DSC02146-750x570-1.jpg\" class=\"attachment-post-thumbnail size-post-thumbnail wp-post-image\" alt=\"\" loading=\"lazy\" srcset=\"https:\/\/campingbellehutte.com\/wp-content\/uploads\/2022\/09\/DSC02146-750x570-1.jpg 750w, https:\/\/campingbellehutte.com\/wp-content\/uploads\/2022\/09\/DSC02146-750x570-1-300x228.jpg 300w\" sizes=\"(max-width: 750px) 100vw, 750px\" \/>\r\n\t\t\t\t\t\t\t\t\t\t\t\t<span class=\"liste-locations__item__titre\">Rundchalet 35m\u00b2 3 Schlafzimmern<\/span>\r\n\t\t\t\t\t\t\t\t\t\t<\/a><\/li><li class=\"liste-locations__item\"><a href=\"https:\/\/campingbellehutte.com\/de\/locations\/huette-von-bobla-dem-geist-des-waldes-7m%c2%b2\/\">\r\n\t\t\t\t\t\t\t\t\t\t\t\t<img width=\"2560\" height=\"1920\" src=\"https:\/\/campingbellehutte.com\/wp-content\/uploads\/2022\/09\/Hutte-de-Bobla-min-scaled.jpg\" class=\"attachment-post-thumbnail size-post-thumbnail wp-post-image\" alt=\"\" loading=\"lazy\" srcset=\"https:\/\/campingbellehutte.com\/wp-content\/uploads\/2022\/09\/Hutte-de-Bobla-min-scaled.jpg 2560w, https:\/\/campingbellehutte.com\/wp-content\/uploads\/2022\/09\/Hutte-de-Bobla-min-300x225.jpg 300w, https:\/\/campingbellehutte.com\/wp-content\/uploads\/2022\/09\/Hutte-de-Bobla-min-1024x768.jpg 1024w, https:\/\/campingbellehutte.com\/wp-content\/uploads\/2022\/09\/Hutte-de-Bobla-min-768x576.jpg 768w, https:\/\/campingbellehutte.com\/wp-content\/uploads\/2022\/09\/Hutte-de-Bobla-min-1536x1152.jpg 1536w, https:\/\/campingbellehutte.com\/wp-content\/uploads\/2022\/09\/Hutte-de-Bobla-min-2048x1536.jpg 2048w\" sizes=\"(max-width: 2560px) 100vw, 2560px\" \/>\r\n\t\t\t\t\t\t\t\t\t\t\t\t<span class=\"liste-locations__item__titre\">Hutte de Bobl\u00e2 der Geist des Waldes &#8211; 7m\u00b2<\/span>\r\n\t\t\t\t\t\t\t\t\t\t<\/a><\/li><li class=\"liste-locations__item\"><a href=\"https:\/\/campingbellehutte.com\/de\/locations\/chalet-surplombante-40m%c2%b2-3-zimmer\/\">\r\n\t\t\t\t\t\t\t\t\t\t\t\t<img width=\"750\" height=\"570\" src=\"https:\/\/campingbellehutte.com\/wp-content\/uploads\/2022\/09\/6-Surplombante-750x570-1.jpg\" class=\"attachment-post-thumbnail size-post-thumbnail wp-post-image\" alt=\"\" loading=\"lazy\" srcset=\"https:\/\/campingbellehutte.com\/wp-content\/uploads\/2022\/09\/6-Surplombante-750x570-1.jpg 750w, https:\/\/campingbellehutte.com\/wp-content\/uploads\/2022\/09\/6-Surplombante-750x570-1-300x228.jpg 300w\" sizes=\"(max-width: 750px) 100vw, 750px\" \/>\r\n\t\t\t\t\t\t\t\t\t\t\t\t<span class=\"liste-locations__item__titre\">Chalet Surplombante 40m\u00b2 3 Schlafzimmer<\/span>\r\n\t\t\t\t\t\t\t\t\t\t<\/a><\/li><li class=\"liste-locations__item\"><a href=\"https:\/\/campingbellehutte.com\/de\/locations\/traditioneller-roulotte-16-m%c2%b2\/\">\r\n\t\t\t\t\t\t\t\t\t\t\t\t<img width=\"2560\" height=\"1920\" src=\"https:\/\/campingbellehutte.com\/wp-content\/uploads\/2022\/09\/IMG_20241212_115023-scaled.jpg\" class=\"attachment-post-thumbnail size-post-thumbnail wp-post-image\" alt=\"Roulotte hiver Vosges - Camping Belle Hutte\" loading=\"lazy\" srcset=\"https:\/\/campingbellehutte.com\/wp-content\/uploads\/2022\/09\/IMG_20241212_115023-scaled.jpg 2560w, https:\/\/campingbellehutte.com\/wp-content\/uploads\/2022\/09\/IMG_20241212_115023-300x225.jpg 300w, https:\/\/campingbellehutte.com\/wp-content\/uploads\/2022\/09\/IMG_20241212_115023-1024x768.jpg 1024w, https:\/\/campingbellehutte.com\/wp-content\/uploads\/2022\/09\/IMG_20241212_115023-768x576.jpg 768w, https:\/\/campingbellehutte.com\/wp-content\/uploads\/2022\/09\/IMG_20241212_115023-1536x1152.jpg 1536w, https:\/\/campingbellehutte.com\/wp-content\/uploads\/2022\/09\/IMG_20241212_115023-2048x1536.jpg 2048w\" sizes=\"(max-width: 2560px) 100vw, 2560px\" \/>\r\n\t\t\t\t\t\t\t\t\t\t\t\t<span class=\"liste-locations__item__titre\">Roulotte Traditionnelle 16 m\u00b2<\/span>\r\n\t\t\t\t\t\t\t\t\t\t<\/a><\/li><\/ul>\n\n\n\n<div class=\"wp-container-69d74eebe96fb wp-block-buttons decouverte\">\n<div class=\"wp-block-button decouverte\"><a class=\"wp-block-button__link\" href=\"https:\/\/campingbellehutte.com\/de\/chalets\/\">Entdecken Sie unsere Chalets<\/a><\/div>\n<\/div>\n\n\n\n<ctv-offers data-display-mode=\"carousel\"><\/ctv-offers>\n<\/div><\/section>\n\n\n\n<div class=\"wp-container-69d74eebea3b1 wp-block-group alignfull y-25-a\"><div class=\"wp-block-group__inner-container\">\n<h2 class=\"has-text-align-center\" id=\"profitez-de-nos-locations-de-vacances-dans-les-vosges-au-coeur-d-un-camping-4-etoiles-a-la-bresse\">Profitieren Sie von unseren Ferienunterk\u00fcnften in den Vogesen im Herzen eines 4-Sterne-Campingplatzes in La Bresse.<\/h2>\n\n\n\n<h3 class=\"has-text-align-center\" id=\"dans-votre-hebergement-nous-avons-pense-a-tout-pour-votre-confort\">In Ihrer Unterkunft haben wir an alles f\u00fcr Ihren Komfort gedacht:<\/h3>\n\n\n\n<div class=\"wp-container-69d74eebe9d70 wp-block-group pictos\"><div class=\"wp-block-group__inner-container\">\n<ul><li><i class=\"fa-solid fa-bath\"><\/i>  WC- Badezimmer mit Dusche<\/li><li><i class=\"fa-solid fa-tv-retro\"><\/i>  TV (franz\u00f6sische Sender)<\/li><li><i class=\"fa-solid fa-table-picnic\"><\/i>  Terrasse und Gartenm\u00f6bel (von April bis September bereitgestellt)<\/li><li><i class=\"fa-solid fa-plate-utensils\"><\/i>  Ausgestattete K\u00fcche (au\u00dfer in der Bobl\u00e2-H\u00fctte)<\/li><li><i class=\"fa-solid fa-bed-front\"><\/i>  Bezogene Betten: Bettlaken, Decken und Kopfkissen werden gestellt (denken Sie daran, Ihre Handt\u00fccher mitzunehmen!).<\/li><li><i class=\"fa-solid fa-wifi\"><\/i>  Kostenlose WLAN-Zone (sehr niedrige Geschwindigkeit)<\/li><li><i class=\"fa-solid fa-heat\"><\/i>  Leistungsstarke Isolierung &#8211; Elektrische Heizung<\/li><li><i class=\"fa-solid fa-square-parking\"><\/i>  Privatparkplatz in der N\u00e4he<\/li><li><i class=\"fa-solid fa-dog\"><\/i>  <strong>Haustier nicht erlaubt<\/strong><\/li><\/ul>\n<\/div><\/div>\n\n\n\n<div class=\"wp-container-69d74eebea0ad wp-block-buttons\">\n<div class=\"wp-block-button is-style-fill\"><a class=\"wp-block-button__link\" href=\"https:\/\/campingbellehutte.com\/de\/faq\/\">Haben Sie noch Fragen?  <br>Z\u00f6gern Sie nicht, unsere speziellen FAQs zu lesen.<\/a><\/div>\n<\/div>\n<\/div><\/div>\n\n\n\n<div class=\"wp-container-69d74eebead77 wp-block-group y-20-a\"><div class=\"wp-block-group__inner-container\">\n<div class=\"wp-block-cover alignwide is-light\"><span aria-hidden=\"true\" class=\"has-black-background-color has-background-dim-0 wp-block-cover__gradient-background has-background-dim\"><\/span><img loading=\"lazy\" width=\"1024\" height=\"769\" class=\"wp-block-cover__image-background wp-image-2447\" alt=\"\" src=\"https:\/\/campingbellehutte.com\/wp-content\/uploads\/2022\/08\/8-Toboggans-1024x769-2.jpg\" style=\"object-position:50% 54%\" data-object-fit=\"cover\" data-object-position=\"50% 54%\" srcset=\"https:\/\/campingbellehutte.com\/wp-content\/uploads\/2022\/08\/8-Toboggans-1024x769-2.jpg 1024w, https:\/\/campingbellehutte.com\/wp-content\/uploads\/2022\/08\/8-Toboggans-1024x769-2-300x225.jpg 300w, https:\/\/campingbellehutte.com\/wp-content\/uploads\/2022\/08\/8-Toboggans-1024x769-2-768x577.jpg 768w\" sizes=\"(max-width: 1024px) 100vw, 1024px\" \/><div class=\"wp-block-cover__inner-container\">\n<div class=\"wp-container-69d74eebeaaa1 wp-block-group has-white-background-color has-background\"><div class=\"wp-block-group__inner-container\">\n<h2 class=\"h3\" id=\"profitez-de-tous-les-services-de-notre-camping-a-la-bresse-en-lorraine\">Nutzen Sie alle Dienstleistungen unseres Campingplatzes in La Bresse in Lothringen<\/h2>\n\n\n\n<p><strong>Im Sommer<\/strong> k\u00f6nnen Sie sich nach Ihrer Wanderung im beheizten Schwimmbad entspannen (ge\u00f6ffnet von Mitte Juni bis Mitte September). Die Kinder werden sich auf den Wasserrutschen oder im Planschbecken f\u00fcr die Kleinsten sowie auf den H\u00fcpfburgen und Trampolinen k\u00f6stlich am\u00fcsieren.<\/p>\n\n\n\n<p><strong>Im Winter<\/strong>, nach einer Schneeschuhwanderung oder einem Skikurs, k\u00f6nnen Sie sich in Ihrem gem\u00fctlichen Nest entspannen, w\u00e4hrend Ihre Kinder eine letzte Schneeballschlacht machen oder ein Iglu bauen&#8230;<\/p>\n\n\n\n<p>Die Snackbar und der Minimarkt (frisches Brot und lokale Produkte) sind in den Winter- und Sommerferien ge\u00f6ffnet<\/p>\n\n\n\n<div class=\"wp-container-69d74eebea7dd wp-block-buttons\">\n<div class=\"wp-block-button is-style-fill\"><a class=\"wp-block-button__link\" href=\"https:\/\/campingbellehutte.com\/de\/umgebung\/\">Was kann man in der Umgebung des Campingplatzes unternehmen?<\/a><\/div>\n\n\n\n<div class=\"wp-block-button\"><a class=\"wp-block-button__link\" href=\"https:\/\/campingbellehutte.com\/de\/mediengalerie\/\">Siehe unsere Fotogalerie<\/a><\/div>\n<\/div>\n<\/div><\/div>\n<\/div><\/div>\n<\/div><\/div>\n","protected":false},"excerpt":{"rendered":"<p>Ungew\u00f6hnliche Unterk\u00fcnfte mit Bad Unterk\u00fcnfte mit Sanit\u00e4ranlagen Ungew\u00f6hnliche Unterk\u00fcnfte mit allem Komfort Ungew\u00f6hnliche N\u00e4chte in einer zauberhaften Unterkunft Lassen Sie sich von diesen au\u00dfergew\u00f6hnlichen Unterk\u00fcnften verf\u00fchren und verbringen Sie einen unvergesslichen Aufenthalt in La Bresse im Herzen des Vogesenmassivs: totale Abwechslung zu zweit oder mit der Familie in den Bergen. Wie in unseren Chalets wurde [&hellip;]<\/p>\n","protected":false},"author":1,"featured_media":0,"parent":0,"menu_order":0,"comment_status":"closed","ping_status":"closed","template":"","meta":[],"acf":[],"_links":{"self":[{"href":"https:\/\/campingbellehutte.com\/de\/wp-json\/wp\/v2\/pages\/4568"}],"collection":[{"href":"https:\/\/campingbellehutte.com\/de\/wp-json\/wp\/v2\/pages"}],"about":[{"href":"https:\/\/campingbellehutte.com\/de\/wp-json\/wp\/v2\/types\/page"}],"author":[{"embeddable":true,"href":"https:\/\/campingbellehutte.com\/de\/wp-json\/wp\/v2\/users\/1"}],"replies":[{"embeddable":true,"href":"https:\/\/campingbellehutte.com\/de\/wp-json\/wp\/v2\/comments?post=4568"}],"version-history":[{"count":6,"href":"https:\/\/campingbellehutte.com\/de\/wp-json\/wp\/v2\/pages\/4568\/revisions"}],"predecessor-version":[{"id":9341,"href":"https:\/\/campingbellehutte.com\/de\/wp-json\/wp\/v2\/pages\/4568\/revisions\/9341"}],"wp:attachment":[{"href":"https:\/\/campingbellehutte.com\/de\/wp-json\/wp\/v2\/media?parent=4568"}],"curies":[{"name":"wp","href":"https:\/\/api.w.org\/{rel}","templated":true}]}}