{"id":4546,"date":"2022-11-03T15:31:31","date_gmt":"2022-11-03T14:31:31","guid":{"rendered":"https:\/\/campingbellehutte.com\/kontakt-anreise\/"},"modified":"2023-01-04T14:49:47","modified_gmt":"2023-01-04T13:49:47","slug":"kontakt-anreise","status":"publish","type":"page","link":"https:\/\/campingbellehutte.com\/de\/kontakt-anreise\/","title":{"rendered":"Kontakt &amp; Anreise"},"content":{"rendered":"\n<div class=\"wp-block-cover y-00-a\"><span aria-hidden=\"true\" class=\"has-black-background-color has-background-dim-20 wp-block-cover__gradient-background has-background-dim\"><\/span><img loading=\"lazy\" width=\"2560\" height=\"1714\" class=\"wp-block-cover__image-background wp-image-691\" alt=\"\" src=\"https:\/\/campingbellehutte.com\/wp-content\/uploads\/2022\/07\/IMGP0254-scaled.jpg\" data-object-fit=\"cover\" srcset=\"https:\/\/campingbellehutte.com\/wp-content\/uploads\/2022\/07\/IMGP0254-scaled.jpg 2560w, https:\/\/campingbellehutte.com\/wp-content\/uploads\/2022\/07\/IMGP0254-300x201.jpg 300w, https:\/\/campingbellehutte.com\/wp-content\/uploads\/2022\/07\/IMGP0254-1024x685.jpg 1024w, https:\/\/campingbellehutte.com\/wp-content\/uploads\/2022\/07\/IMGP0254-768x514.jpg 768w, https:\/\/campingbellehutte.com\/wp-content\/uploads\/2022\/07\/IMGP0254-1536x1028.jpg 1536w, https:\/\/campingbellehutte.com\/wp-content\/uploads\/2022\/07\/IMGP0254-2048x1371.jpg 2048w\" sizes=\"(max-width: 2560px) 100vw, 2560px\" \/><div class=\"wp-block-cover__inner-container\">\n<h1 class=\"has-text-align-center\" id=\"contacter-votre-camping-4-etoiles-dans-les-vosges\">Kontaktieren Sie Ihren 4-Sterne-Campingplatz in den Vogesen<\/h1>\n<\/div><\/div>\n\n\n\n<section class=\"wp-container-69d74ee8cb306 wp-block-group y-35-a\"><div class=\"wp-block-group__inner-container\">\n<div class=\"wp-block-columns\">\n<div class=\"wp-block-column\">\n<h2 class=\"contact_info\" id=\"nous-contacter\">Kontaktieren Sie uns<\/h2>\n\n\n\n<p>Tel : <a itemprop=\"telephone\" href=\"tel:+33329254975\">03 29 25 49 75<\/a><\/p>\n\n\n\n<p>Mail: <a itemprop=\"email\" href=\"mailto:contact@campingbellehutte.com\">contact@campingbellehutte.com<\/a><\/p>\n\n\n\n<p><strong><span itemprop=\"name\">Camping de Belle Hutte<\/span><\/strong><br><span class=\"wrp_adresse\"><span itemprop=\"address\">1 Bis Vouille de Belle-Hutte<br \/>\r\n88250 La Bresse<br \/>\r\nVosges Lorraine - Grand Est<\/span><\/span><\/p>\n\n\n\n<h2 id=\"venir-au-camping-88\">Anreise zum Campingplatz (88)<\/h2>\n\n\n\n<p>Der Campingplatz befindet sich in La Bresse gegen\u00fcber dem Skigebiet La Bresse Hohneck.<\/p>\n\n\n\n<p><a href=\"https:\/\/campingbellehutte.com\/wp-content\/uploads\/2022\/07\/Nous-trouver-Map.pdf\">Uns finden<\/a> <\/p>\n\n\n\n<p>Um zu uns zu gelangen, ist vom 1. November bis zum 31. M\u00e4rz eine spezielle Ausr\u00fcstung erforderlich (Winterreifen oder Schneeketten).<\/p>\n\n\n\n<p><strong>Von La Bresse: <\/strong> Richtung Col de la Schlucht und Colmar, der Campingplatz liegt 9 km vom Stadtzentrum entfernt.<\/p>\n\n\n\n<p><strong>Von G\u00e9rardmer:<\/strong> Folgen Sie Colmar, dann in Xonrupt-Longemer Richtung La Bresse \u00fcber den Col des Feignes. Der Campingplatz liegt 15 km von G\u00e9rardmer entfernt.<\/p>\n\n\n\n<p><strong>Colmar, Epinal, Saint Di\u00e9:<\/strong> 50 km.<\/p>\n\n\n\n<p><strong>Nancy, Stra\u00dfburg:<\/strong> 130 km<\/p>\n\n\n\n<p><strong>Bahnhof Remiremont : <\/strong> 36 km<\/p>\n\n\n\n<p><strong>Bushaltestelle in La Bresse Stadtzentrum: <\/strong> 9 km<\/p>\n<\/div>\n\n\n\n<div class=\"wp-block-column\"><script type=\"text\/javascript\">var gform;gform||(document.addEventListener(\"gform_main_scripts_loaded\",function(){gform.scriptsLoaded=!0}),window.addEventListener(\"DOMContentLoaded\",function(){gform.domLoaded=!0}),gform={domLoaded:!1,scriptsLoaded:!1,initializeOnLoaded:function(o){gform.domLoaded&&gform.scriptsLoaded?o():!gform.domLoaded&&gform.scriptsLoaded?window.addEventListener(\"DOMContentLoaded\",o):document.addEventListener(\"gform_main_scripts_loaded\",o)},hooks:{action:{},filter:{}},addAction:function(o,n,r,t){gform.addHook(\"action\",o,n,r,t)},addFilter:function(o,n,r,t){gform.addHook(\"filter\",o,n,r,t)},doAction:function(o){gform.doHook(\"action\",o,arguments)},applyFilters:function(o){return gform.doHook(\"filter\",o,arguments)},removeAction:function(o,n){gform.removeHook(\"action\",o,n)},removeFilter:function(o,n,r){gform.removeHook(\"filter\",o,n,r)},addHook:function(o,n,r,t,i){null==gform.hooks[o][n]&&(gform.hooks[o][n]=[]);var e=gform.hooks[o][n];null==i&&(i=n+\"_\"+e.length),gform.hooks[o][n].push({tag:i,callable:r,priority:t=null==t?10:t})},doHook:function(n,o,r){var t;if(r=Array.prototype.slice.call(r,1),null!=gform.hooks[n][o]&&((o=gform.hooks[n][o]).sort(function(o,n){return o.priority-n.priority}),o.forEach(function(o){\"function\"!=typeof(t=o.callable)&&(t=window[t]),\"action\"==n?t.apply(null,r):r[0]=t.apply(null,r)})),\"filter\"==n)return r[0]},removeHook:function(o,n,t,i){var r;null!=gform.hooks[o][n]&&(r=(r=gform.hooks[o][n]).filter(function(o,n,r){return!!(null!=i&&i!=o.tag||null!=t&&t!=o.priority)}),gform.hooks[o][n]=r)}});<\/script>\n                <div class='gf_browser_gecko gform_wrapper gravity-theme' id='gform_wrapper_1' ><div id='gf_1' class='gform_anchor' tabindex='-1'><\/div><form method='post' enctype='multipart\/form-data' target='gform_ajax_frame_1' id='gform_1'  action='\/de\/wp-json\/wp\/v2\/pages\/4546#gf_1' novalidate>\n                        <div class='gform_body gform-body'><div id='gform_fields_1' class='gform_fields top_label form_sublabel_below description_below'><div id=\"field_1_1\"  class=\"gfield gfield--width-full field_sublabel_below field_description_below gfield_visibility_visible\"  data-js-reload=\"field_1_1\"><label class='gfield_label' for='input_1_1' >Vorname Name<\/label><div class='ginput_container ginput_container_text'><input name='input_1' id='input_1_1' type='text' value='' class='large'    placeholder='John Doe'  aria-invalid=\"false\"   \/> <\/div><\/div><div id=\"field_1_6\"  class=\"gfield gfield--width-full gfield_contains_required field_sublabel_below field_description_below gfield_visibility_visible\"  data-js-reload=\"field_1_6\"><label class='gfield_label' for='input_1_6' >E-Mail<span class=\"gfield_required\"><span class=\"gfield_required gfield_required_asterisk\">*<\/span><\/span><\/label><div class='ginput_container ginput_container_email'>\n                            <input name='input_6' id='input_1_6' type='email' value='' class='large'   placeholder='exemple@camping.com' aria-required=\"true\" aria-invalid=\"false\"  \/>\n                        <\/div><\/div><div id=\"field_1_7\"  class=\"gfield gfield--width-full field_sublabel_below field_description_below gfield_visibility_visible\"  data-js-reload=\"field_1_7\"><label class='gfield_label' for='input_1_7' >Objekt<\/label><div class='ginput_container ginput_container_text'><input name='input_7' id='input_1_7' type='text' value='' class='large'    placeholder='Gegenstand des Antrags'  aria-invalid=\"false\"   \/> <\/div><\/div><div id=\"field_1_2\"  class=\"gfield gfield--width-full gfield_contains_required field_sublabel_below field_description_below gfield_visibility_visible\"  data-js-reload=\"field_1_2\"><label class='gfield_label' for='input_1_2' >Nachricht<span class=\"gfield_required\"><span class=\"gfield_required gfield_required_asterisk\">*<\/span><\/span><\/label><div class='ginput_container ginput_container_textarea'><textarea name='input_2' id='input_1_2' class='textarea large'    placeholder='Schreiben Sie Ihre Nachricht' aria-required=\"true\" aria-invalid=\"false\"   rows='10' cols='50'><\/textarea><\/div><\/div><fieldset id=\"field_1_5\"  class=\"gfield gfield--width-full gfield_contains_required field_sublabel_below field_description_below hidden_label gfield_visibility_visible\"  data-js-reload=\"field_1_5\"><legend class='gfield_label gfield_label_before_complex'  >DSGVO<span class=\"gfield_required\"><span class=\"gfield_required gfield_required_asterisk\">*<\/span><\/span><\/legend><div class='ginput_container ginput_container_consent'><input name='input_5.1' id='input_1_5_1' type='checkbox' value='1'   aria-required=\"true\" aria-invalid=\"false\"   \/> <label class=\"gfield_consent_label\" for='input_1_5_1' >Ich stimme der Verwendung meiner pers\u00f6nlichen Daten zu, die in der <a href=\"https:\/\/campingbellehutte.com\/de\/datenschutz-und-persoenliche-daten\/\" target=\"_blank\">Datenschutzrichtlinie und dem Umgang mit pers\u00f6nlichen Daten<\/a> genannt werden<\/label><span class=\"gfield_required gfield_required_asterisk\">*<\/span><input type='hidden' name='input_5.2' value='Ich stimme der Verwendung meiner pers\u00f6nlichen Daten zu, die in der &lt;a href=&quot;https:\/\/campingbellehutte.com\/de\/datenschutz-und-persoenliche-daten\/&quot; target=&quot;_blank&quot;&gt;Datenschutzrichtlinie und dem Umgang mit pers\u00f6nlichen Daten&lt;\/a&gt; genannt werden' class='gform_hidden' \/><input type='hidden' name='input_5.3' value='1' class='gform_hidden' \/><\/div><\/fieldset><div id=\"field_1_4\"  class=\"gfield gfield--width-full field_sublabel_below field_description_below hidden_label gfield_visibility_visible\"  data-js-reload=\"field_1_4\"><label class='gfield_label' for='input_1_4' >CAPTCHA<\/label><div id='input_1_4' class='ginput_container ginput_recaptcha' data-sitekey='6LdkoNAgAAAAAH89h2VYkn-kWZ4IqaNbiwSM-TEJ'  data-theme='light' data-tabindex='-1' data-size='invisible' data-badge='bottomright'><\/div><\/div><\/div><\/div>\n        <div class='gform_footer top_label'> <input type='submit' id='gform_submit_button_1' class='gform_button button' value='senden'  onclick='if(window[\"gf_submitting_1\"]){return false;}  if( !jQuery(\"#gform_1\")[0].checkValidity || jQuery(\"#gform_1\")[0].checkValidity()){window[\"gf_submitting_1\"]=true;}  ' onkeypress='if( event.keyCode == 13 ){ if(window[\"gf_submitting_1\"]){return false;} if( !jQuery(\"#gform_1\")[0].checkValidity || jQuery(\"#gform_1\")[0].checkValidity()){window[\"gf_submitting_1\"]=true;}  jQuery(\"#gform_1\").trigger(\"submit\",[true]); }' \/> <input type='hidden' name='gform_ajax' value='form_id=1&amp;title=&amp;description=&amp;tabindex=0' \/>\n            <input type='hidden' class='gform_hidden' name='is_submit_1' value='1' \/>\n            <input type='hidden' class='gform_hidden' name='gform_submit' value='1' \/>\n            \n            <input type='hidden' class='gform_hidden' name='gform_unique_id' value='' \/>\n            <input type='hidden' class='gform_hidden' name='state_1' value='WyJ7XCI1LjFcIjpcIjY2MzkxMzY2MmNiM2Q0MzljOTY1Nzc5NTZlMmYxOTZhXCIsXCI1LjJcIjpcIjE4MTNiZDg0ZjNjMjQxNDk5MTlmNzg3OTc2YmRiZTQ2XCIsXCI1LjNcIjpcIjY2MzkxMzY2MmNiM2Q0MzljOTY1Nzc5NTZlMmYxOTZhXCJ9IiwiYTk2OGMxYTExZTIwYzM2M2Y5MzlmY2RiZGMzMGM5N2QiXQ==' \/>\n            <input type='hidden' class='gform_hidden' name='gform_target_page_number_1' id='gform_target_page_number_1' value='0' \/>\n            <input type='hidden' class='gform_hidden' name='gform_source_page_number_1' id='gform_source_page_number_1' value='1' \/>\n            <input type='hidden' name='gform_field_values' value='' \/>\n            \n        <\/div>\n                        <p style=\"display: none !important;\"><label>&#916;<textarea name=\"ak_hp_textarea\" cols=\"45\" rows=\"8\" maxlength=\"100\"><\/textarea><\/label><input type=\"hidden\" id=\"ak_js_1\" name=\"ak_js\" value=\"92\"\/><script>document.getElementById( \"ak_js_1\" ).setAttribute( \"value\", ( new Date() ).getTime() );<\/script><\/p><\/form>\n                        <\/div>\n                <iframe style='display:none;width:0px;height:0px;' src='about:blank' name='gform_ajax_frame_1' id='gform_ajax_frame_1' title='Dieser iframe enth\u00e4lt die erforderliche Logik um Gravity Forms Formulare mit AJAX zu handhaben.'><\/iframe>\n                <script type=\"text\/javascript\">\ngform.initializeOnLoaded( function() {gformInitSpinner( 1, 'https:\/\/campingbellehutte.com\/wp-content\/plugins\/gravityforms\/images\/spinner.svg' );jQuery('#gform_ajax_frame_1').on('load',function(){var contents = jQuery(this).contents().find('*').html();var is_postback = contents.indexOf('GF_AJAX_POSTBACK') >= 0;if(!is_postback){return;}var form_content = jQuery(this).contents().find('#gform_wrapper_1');var is_confirmation = jQuery(this).contents().find('#gform_confirmation_wrapper_1').length > 0;var is_redirect = contents.indexOf('gformRedirect(){') >= 0;var is_form = form_content.length > 0 && ! is_redirect && ! is_confirmation;var mt = parseInt(jQuery('html').css('margin-top'), 10) + parseInt(jQuery('body').css('margin-top'), 10) + 100;if(is_form){jQuery('#gform_wrapper_1').html(form_content.html());if(form_content.hasClass('gform_validation_error')){jQuery('#gform_wrapper_1').addClass('gform_validation_error');} else {jQuery('#gform_wrapper_1').removeClass('gform_validation_error');}setTimeout( function() { \/* delay the scroll by 50 milliseconds to fix a bug in chrome *\/ jQuery(document).scrollTop(jQuery('#gform_wrapper_1').offset().top - mt); }, 50 );if(window['gformInitDatepicker']) {gformInitDatepicker();}if(window['gformInitPriceFields']) {gformInitPriceFields();}var current_page = jQuery('#gform_source_page_number_1').val();gformInitSpinner( 1, 'https:\/\/campingbellehutte.com\/wp-content\/plugins\/gravityforms\/images\/spinner.svg' );jQuery(document).trigger('gform_page_loaded', [1, current_page]);window['gf_submitting_1'] = false;}else if(!is_redirect){var confirmation_content = jQuery(this).contents().find('.GF_AJAX_POSTBACK').html();if(!confirmation_content){confirmation_content = contents;}setTimeout(function(){jQuery('#gform_wrapper_1').replaceWith(confirmation_content);jQuery(document).scrollTop(jQuery('#gf_1').offset().top - mt);jQuery(document).trigger('gform_confirmation_loaded', [1]);window['gf_submitting_1'] = false;wp.a11y.speak(jQuery('#gform_confirmation_message_1').text());}, 50);}else{jQuery('#gform_1').append(contents);if(window['gformRedirect']) {gformRedirect();}}jQuery(document).trigger('gform_post_render', [1, current_page]);} );} );\n<\/script>\n<\/div>\n<\/div>\n<\/div><\/section>\n","protected":false},"excerpt":{"rendered":"<p>Kontaktieren Sie uns Tel : Mail: Anreise zum Campingplatz (88) Der Campingplatz befindet sich in La Bresse gegen\u00fcber dem Skigebiet La Bresse Hohneck. Uns finden Um zu uns zu gelangen, ist vom 1. November bis zum 31. M\u00e4rz eine spezielle Ausr\u00fcstung erforderlich (Winterreifen oder Schneeketten). Von La Bresse: Richtung Col de la Schlucht und Colmar, [&hellip;]<\/p>\n","protected":false},"author":1,"featured_media":0,"parent":0,"menu_order":0,"comment_status":"closed","ping_status":"closed","template":"","meta":[],"acf":[],"_links":{"self":[{"href":"https:\/\/campingbellehutte.com\/de\/wp-json\/wp\/v2\/pages\/4546"}],"collection":[{"href":"https:\/\/campingbellehutte.com\/de\/wp-json\/wp\/v2\/pages"}],"about":[{"href":"https:\/\/campingbellehutte.com\/de\/wp-json\/wp\/v2\/types\/page"}],"author":[{"embeddable":true,"href":"https:\/\/campingbellehutte.com\/de\/wp-json\/wp\/v2\/users\/1"}],"replies":[{"embeddable":true,"href":"https:\/\/campingbellehutte.com\/de\/wp-json\/wp\/v2\/comments?post=4546"}],"version-history":[{"count":6,"href":"https:\/\/campingbellehutte.com\/de\/wp-json\/wp\/v2\/pages\/4546\/revisions"}],"predecessor-version":[{"id":6091,"href":"https:\/\/campingbellehutte.com\/de\/wp-json\/wp\/v2\/pages\/4546\/revisions\/6091"}],"wp:attachment":[{"href":"https:\/\/campingbellehutte.com\/de\/wp-json\/wp\/v2\/media?parent=4546"}],"curies":[{"name":"wp","href":"https:\/\/api.w.org\/{rel}","templated":true}]}}