{"id":4540,"date":"2022-11-03T15:30:35","date_gmt":"2022-11-03T14:30:35","guid":{"rendered":"https:\/\/campingbellehutte.com\/wasserraum\/"},"modified":"2023-06-09T18:08:22","modified_gmt":"2023-06-09T16:08:22","slug":"wasserraum","status":"publish","type":"page","link":"https:\/\/campingbellehutte.com\/de\/wasserraum\/","title":{"rendered":"Wasserraum"},"content":{"rendered":"\n<div class=\"wp-block-cover y-00-a\"><span aria-hidden=\"true\" class=\"has-font-background-color has-background-dim-20 wp-block-cover__gradient-background has-background-dim\"><\/span><img loading=\"lazy\" width=\"1800\" height=\"700\" class=\"wp-block-cover__image-background wp-image-2718\" alt=\"\" src=\"https:\/\/campingbellehutte.com\/wp-content\/uploads\/2022\/08\/DSC02395-1800x700-1.jpg\" style=\"object-position:58% 47%\" data-object-fit=\"cover\" data-object-position=\"58% 47%\" srcset=\"https:\/\/campingbellehutte.com\/wp-content\/uploads\/2022\/08\/DSC02395-1800x700-1.jpg 1800w, https:\/\/campingbellehutte.com\/wp-content\/uploads\/2022\/08\/DSC02395-1800x700-1-300x117.jpg 300w, https:\/\/campingbellehutte.com\/wp-content\/uploads\/2022\/08\/DSC02395-1800x700-1-1024x398.jpg 1024w, https:\/\/campingbellehutte.com\/wp-content\/uploads\/2022\/08\/DSC02395-1800x700-1-768x299.jpg 768w, https:\/\/campingbellehutte.com\/wp-content\/uploads\/2022\/08\/DSC02395-1800x700-1-1536x597.jpg 1536w\" sizes=\"(max-width: 1800px) 100vw, 1800px\" \/><div class=\"wp-block-cover__inner-container\">\n<h1 class=\"has-text-align-center\" id=\"camping-la-bresse-dans-les-vosges-pour-vos-vacances-d-ete-en-lorraine\">Beheiztes Schwimmbad Camping Belle Hutte<br><em>Von Mitte Juni bis Mitte September<\/em><\/h1>\n<\/div><\/div>\n\n\n\n<div class=\"wp-container-69d05107721cd wp-block-group barre-resa\"><div class=\"wp-block-group__inner-container\"><ctv-searchbar><\/ctv-searchbar>\n<\/div><\/div>\n\n\n\n<div class=\"wp-container-69d0510772a8a wp-block-group y-10-a\"><div class=\"wp-block-group__inner-container\">\n<div class=\"wp-block-columns\">\n<div class=\"wp-block-column\">\n<figure class=\"wp-block-gallery has-nested-images columns-default is-cropped diaporama--1 piscine\">\n<figure class=\"wp-block-image size-large\"><img loading=\"lazy\" width=\"1024\" height=\"770\" src=\"https:\/\/campingbellehutte.com\/wp-content\/uploads\/2022\/08\/3-Enfant-piscine-1024x770-1.jpg\" alt=\"\" class=\"wp-image-2491\" srcset=\"https:\/\/campingbellehutte.com\/wp-content\/uploads\/2022\/08\/3-Enfant-piscine-1024x770-1.jpg 1024w, https:\/\/campingbellehutte.com\/wp-content\/uploads\/2022\/08\/3-Enfant-piscine-1024x770-1-300x226.jpg 300w, https:\/\/campingbellehutte.com\/wp-content\/uploads\/2022\/08\/3-Enfant-piscine-1024x770-1-768x578.jpg 768w\" sizes=\"(max-width: 1024px) 100vw, 1024px\" \/><\/figure>\n\n\n\n<figure class=\"wp-block-image size-large\"><img loading=\"lazy\" width=\"1024\" height=\"768\" src=\"https:\/\/campingbellehutte.com\/wp-content\/uploads\/2022\/08\/5-Entree-piscine-1024x768-1.jpg\" alt=\"\" class=\"wp-image-2495\" srcset=\"https:\/\/campingbellehutte.com\/wp-content\/uploads\/2022\/08\/5-Entree-piscine-1024x768-1.jpg 1024w, https:\/\/campingbellehutte.com\/wp-content\/uploads\/2022\/08\/5-Entree-piscine-1024x768-1-300x225.jpg 300w, https:\/\/campingbellehutte.com\/wp-content\/uploads\/2022\/08\/5-Entree-piscine-1024x768-1-768x576.jpg 768w\" sizes=\"(max-width: 1024px) 100vw, 1024px\" \/><\/figure>\n\n\n\n<figure class=\"wp-block-image size-large\"><img loading=\"lazy\" width=\"1024\" height=\"768\" src=\"https:\/\/campingbellehutte.com\/wp-content\/uploads\/2022\/08\/15-Piscine-et-girafe-1024x768-1.jpg\" alt=\"\" class=\"wp-image-2471\" srcset=\"https:\/\/campingbellehutte.com\/wp-content\/uploads\/2022\/08\/15-Piscine-et-girafe-1024x768-1.jpg 1024w, https:\/\/campingbellehutte.com\/wp-content\/uploads\/2022\/08\/15-Piscine-et-girafe-1024x768-1-300x225.jpg 300w, https:\/\/campingbellehutte.com\/wp-content\/uploads\/2022\/08\/15-Piscine-et-girafe-1024x768-1-768x576.jpg 768w\" sizes=\"(max-width: 1024px) 100vw, 1024px\" \/><\/figure>\n\n\n\n<figure class=\"wp-block-image size-large\"><img loading=\"lazy\" width=\"1024\" height=\"768\" src=\"https:\/\/campingbellehutte.com\/wp-content\/uploads\/2022\/08\/DSC02381-1024x768-1.jpg\" alt=\"\" class=\"wp-image-2475\" srcset=\"https:\/\/campingbellehutte.com\/wp-content\/uploads\/2022\/08\/DSC02381-1024x768-1.jpg 1024w, https:\/\/campingbellehutte.com\/wp-content\/uploads\/2022\/08\/DSC02381-1024x768-1-300x225.jpg 300w, https:\/\/campingbellehutte.com\/wp-content\/uploads\/2022\/08\/DSC02381-1024x768-1-768x576.jpg 768w\" sizes=\"(max-width: 1024px) 100vw, 1024px\" \/><\/figure>\n\n\n\n<figure class=\"wp-block-image size-large\"><img loading=\"lazy\" width=\"1024\" height=\"768\" src=\"https:\/\/campingbellehutte.com\/wp-content\/uploads\/2022\/08\/2-Piscine-1024x768-1.jpg\" alt=\"\" class=\"wp-image-2487\" srcset=\"https:\/\/campingbellehutte.com\/wp-content\/uploads\/2022\/08\/2-Piscine-1024x768-1.jpg 1024w, https:\/\/campingbellehutte.com\/wp-content\/uploads\/2022\/08\/2-Piscine-1024x768-1-300x225.jpg 300w, https:\/\/campingbellehutte.com\/wp-content\/uploads\/2022\/08\/2-Piscine-1024x768-1-768x576.jpg 768w\" sizes=\"(max-width: 1024px) 100vw, 1024px\" \/><\/figure>\n\n\n\n<figure class=\"wp-block-image size-large\"><img loading=\"lazy\" width=\"1024\" height=\"768\" src=\"https:\/\/campingbellehutte.com\/wp-content\/uploads\/2022\/08\/2-Espace-aquatique-1024x768-1.jpg\" alt=\"\" class=\"wp-image-2483\" srcset=\"https:\/\/campingbellehutte.com\/wp-content\/uploads\/2022\/08\/2-Espace-aquatique-1024x768-1.jpg 1024w, https:\/\/campingbellehutte.com\/wp-content\/uploads\/2022\/08\/2-Espace-aquatique-1024x768-1-300x225.jpg 300w, https:\/\/campingbellehutte.com\/wp-content\/uploads\/2022\/08\/2-Espace-aquatique-1024x768-1-768x576.jpg 768w\" sizes=\"(max-width: 1024px) 100vw, 1024px\" \/><\/figure>\n\n\n\n<figure class=\"wp-block-image size-large\"><img loading=\"lazy\" width=\"1024\" height=\"768\" src=\"https:\/\/campingbellehutte.com\/wp-content\/uploads\/2022\/08\/DSC02957-1024x768-1.jpg\" alt=\"\" class=\"wp-image-2479\" srcset=\"https:\/\/campingbellehutte.com\/wp-content\/uploads\/2022\/08\/DSC02957-1024x768-1.jpg 1024w, https:\/\/campingbellehutte.com\/wp-content\/uploads\/2022\/08\/DSC02957-1024x768-1-300x225.jpg 300w, https:\/\/campingbellehutte.com\/wp-content\/uploads\/2022\/08\/DSC02957-1024x768-1-768x576.jpg 768w\" sizes=\"(max-width: 1024px) 100vw, 1024px\" \/><\/figure>\n<\/figure>\n<\/div>\n\n\n\n<div class=\"wp-block-column\">\n<h2 id=\"profitez-de-l-espace-aquatique\">Nutzen Sie den Wasserbereich<\/h2>\n\n\n\n<p>Genie\u00dfen Sie mit Ihrer Familie den <strong>beheizten Au\u00dfenwasserbereich<\/strong>, der von <strong>Mitte Juni bis Mitte September<\/strong> inmitten von Tannen in 900 m H\u00f6he in La Bresse ge\u00f6ffnet ist.<\/p>\n\n\n\n<p>Der Wasserpark im Freien auf dem Campingplatz Belle Hutte ist von 9. Juni bis Mitte September t\u00e4glich ge\u00f6ffnet.<\/p>\n\n\n\n<p><strong>Entspannung und Spa\u00df garantiert<\/strong>: ein gro\u00dfes Becken (18 m x 10 m, Tiefe 0,80 m bis 1,80 m), ein Planschbecken mit Minirutsche f\u00fcr die Kleinen (4 m x 4 m, Tiefe 0,20 m) und 3 Rutschen mit separatem Auffangbecken (6,5 m x 6,5 m, Tiefe 1,10 m).<\/p>\n\n\n\n<div class=\"wp-container-69d0510772764 wp-block-buttons\">\n<div class=\"wp-block-button is-style-fillc btn_resa\"><a class=\"wp-block-button__link\">Meinen Aufenthalt buchen<\/a><\/div>\n\n\n\n<div class=\"wp-block-button is-style-fill\"><a class=\"wp-block-button__link\" href=\"https:\/\/campingbellehutte.com\/de\/mediengalerie\/\">Siehe unsere Fotogalerie<\/a><\/div>\n<\/div>\n<\/div>\n<\/div>\n<\/div><\/div>\n\n\n\n<div class=\"wp-container-69d051077310f wp-block-group alignfull y-25-a\"><div class=\"wp-block-group__inner-container\">\n<h2 class=\"has-text-align-center\" id=\"que-vous-sejourniez-en-chalet-en-hebergement-insolite-ou-en-camping-profitez-pleinement-de-notre-espace-aquatique-exterieur-et-chauffe-avec-vue-sur-la-montagne\">Egal, ob Sie<a href=\"https:\/\/campingbellehutte.com\/de\/chalets\/\" data-type=\"URL\" data-id=\"https:\/\/campingbellehutte.com\/location-chalet-vosges\/\"> in einem Chalet<\/a>, <a href=\"https:\/\/campingbellehutte.com\/de\/ungewoehnliches\/\" data-type=\"URL\" data-id=\"https:\/\/campingbellehutte.com\/location-insolites-vosges\/\">einer ungew\u00f6hnlichen Unterkunft<\/a> oder auf einem Campingplatz \u00fcbernachten,  <br><strong>nutzen Sie unseren beheizten Au\u00dfenwasserbereich mit Blick auf die Berge in vollen Z\u00fcgen!<\/strong><\/h2>\n\n\n\n<p><\/p>\n\n\n\n<div class=\"wp-container-69d0510772e23 wp-block-group pictos piscine_def  liste-responsive\"><div class=\"wp-block-group__inner-container\">\n<ul><li><i class=\"fal fa-sun-haze\"><\/i> <strong>Das Solarium:<\/strong> G\u00f6nnen Sie sich einen angenehmen Moment der Entspannung und des Wohlbefindens unter der Sonne oder im Schatten der Tannen, bequem auf einer der am Rand des Schwimmbads bereitgestellten Liegen!<\/li><li><i class=\"fal fa-mushroom\"><\/i>  <strong>Das Planschbecken:<\/strong> Auch die ganz Kleinen k\u00f6nnen den Badespa\u00df genie\u00dfen: Im 16 m\u00b2 gro\u00dfen Planschbecken mit Minirutsche haben die Kinder in aller Sicherheit Spa\u00df!<\/li><li><i class=\"fal fa-person-sledding\"><\/i>  <strong>Rutschen:<\/strong> Es gibt kein Alter, um sich auf unserem Campingplatz in den Bergen zu am\u00fcsieren: Nutzen Sie die 3-Bahnen-Rutschen (Auffangbecken unabh\u00e4ngig vom Schwimmbecken).<\/li><li><i class=\"fal fa-water-ladder\"><\/i>  <strong>Der Pool:<\/strong> Genie\u00dfen Sie Ihren Aufenthalt auf unserem Campingplatz in den Vogesen und nutzen Sie unser gro\u00dfes Infinity-Becken zum Schwimmen oder Entspannen in einer famili\u00e4ren und erholsamen Umgebung. Tiefe: von 0,80 m bis 1,80 m.<\/li><\/ul>\n<\/div><\/div>\n<\/div><\/div>\n\n\n\n<div class=\"wp-container-69d0510773bc8 wp-block-group y-10-b\"><div class=\"wp-block-group__inner-container\">\n<div class=\"wp-block-columns\">\n<div class=\"wp-block-column\">\n<div class=\"wp-block-group lire-plus-mobile\"><div class=\"wp-block-group__inner-container\">\n<p>Lesen Sie mehr<\/p>\n\n\n\n<div class=\"wp-container-69d05107734bc wp-block-group\"><div class=\"wp-block-group__inner-container\">\n<h2 id=\"informations-utiles-a-l-utilisation-de-la-piscine\">N\u00fctzliche Informationen zur Nutzung des Pools :<\/h2>\n\n\n\n<ul><li><i class=\"fal fa-person-swimming\"><\/i>  Das Baden ist unbeaufsichtigt<\/li><li><i class=\"fal fa-child\"><\/i>  Kleine Kinder m\u00fcssen zwingend von einem Erwachsenen begleitet werden, um Zugang zum Pool zu erhalten.<\/li><li><i class=\"fal fa-clock\"><\/i>  T\u00e4glich ge\u00f6ffnet von 10:00 bis 21:00 Uhr im Juli und August; von 10:00 bis 18:30 Uhr im Juni und September.<\/li><li><i class=\"fal fa-universal-access\"><\/i>  Barrierefreier Swimmingpool (ebenerdiger Zugang und System zum Einsetzen ins Wasser)<\/li><li><i class=\"fal fa-user-check\"><\/i>  Nur Personen, die auf dem Campingplatz wohnen (Stellplatz oder Mietunterkunft), k\u00f6nnen die Becken nutzen.<\/li><\/ul>\n<\/div><\/div>\n<\/div><\/div>\n\n\n\n<div class=\"wp-container-69d05107737ff wp-block-buttons\">\n<div class=\"wp-block-button is-style-fill\"><a class=\"wp-block-button__link\" href=\"https:\/\/campingbellehutte.com\/de\/faq\/\">Haben Sie noch Fragen?  <br>Z\u00f6gern Sie nicht, unsere speziellen FAQs zu lesen.<\/a><\/div>\n<\/div>\n<\/div>\n\n\n\n<div class=\"wp-block-column\">\n<figure class=\"wp-block-gallery aligncenter has-nested-images columns-default is-cropped\">\n<figure class=\"wp-block-image size-large\"><img loading=\"lazy\" width=\"684\" height=\"1024\" src=\"https:\/\/campingbellehutte.com\/wp-content\/uploads\/2022\/12\/9.-Piscine-684x1024.webp\" alt=\"\" class=\"wp-image-5440\" srcset=\"https:\/\/campingbellehutte.com\/wp-content\/uploads\/2022\/12\/9.-Piscine-684x1024.webp 684w, https:\/\/campingbellehutte.com\/wp-content\/uploads\/2022\/12\/9.-Piscine-201x300.webp 201w, https:\/\/campingbellehutte.com\/wp-content\/uploads\/2022\/12\/9.-Piscine-768x1149.webp 768w, https:\/\/campingbellehutte.com\/wp-content\/uploads\/2022\/12\/9.-Piscine.webp 1024w\" sizes=\"(max-width: 684px) 100vw, 684px\" \/><\/figure>\n\n\n\n<figure class=\"wp-block-image size-full\"><img loading=\"lazy\" width=\"1024\" height=\"768\" src=\"https:\/\/campingbellehutte.com\/wp-content\/uploads\/2022\/08\/7-Piscine-1024x768-2.jpg\" alt=\"\" class=\"wp-image-2443\" srcset=\"https:\/\/campingbellehutte.com\/wp-content\/uploads\/2022\/08\/7-Piscine-1024x768-2.jpg 1024w, https:\/\/campingbellehutte.com\/wp-content\/uploads\/2022\/08\/7-Piscine-1024x768-2-300x225.jpg 300w, https:\/\/campingbellehutte.com\/wp-content\/uploads\/2022\/08\/7-Piscine-1024x768-2-768x576.jpg 768w\" sizes=\"(max-width: 1024px) 100vw, 1024px\" \/><\/figure>\n<\/figure>\n<\/div>\n<\/div>\n<\/div><\/div>\n","protected":false},"excerpt":{"rendered":"<p>Nutzen Sie den Wasserbereich Genie\u00dfen Sie mit Ihrer Familie den beheizten Au\u00dfenwasserbereich, der von Mitte Juni bis Mitte September inmitten von Tannen in 900 m H\u00f6he in La Bresse ge\u00f6ffnet ist. Der Wasserpark im Freien auf dem Campingplatz Belle Hutte ist von 9. Juni bis Mitte September t\u00e4glich ge\u00f6ffnet. Entspannung und Spa\u00df garantiert: ein gro\u00dfes [&hellip;]<\/p>\n","protected":false},"author":1,"featured_media":0,"parent":0,"menu_order":0,"comment_status":"closed","ping_status":"closed","template":"","meta":[],"acf":[],"_links":{"self":[{"href":"https:\/\/campingbellehutte.com\/de\/wp-json\/wp\/v2\/pages\/4540"}],"collection":[{"href":"https:\/\/campingbellehutte.com\/de\/wp-json\/wp\/v2\/pages"}],"about":[{"href":"https:\/\/campingbellehutte.com\/de\/wp-json\/wp\/v2\/types\/page"}],"author":[{"embeddable":true,"href":"https:\/\/campingbellehutte.com\/de\/wp-json\/wp\/v2\/users\/1"}],"replies":[{"embeddable":true,"href":"https:\/\/campingbellehutte.com\/de\/wp-json\/wp\/v2\/comments?post=4540"}],"version-history":[{"count":6,"href":"https:\/\/campingbellehutte.com\/de\/wp-json\/wp\/v2\/pages\/4540\/revisions"}],"predecessor-version":[{"id":6570,"href":"https:\/\/campingbellehutte.com\/de\/wp-json\/wp\/v2\/pages\/4540\/revisions\/6570"}],"wp:attachment":[{"href":"https:\/\/campingbellehutte.com\/de\/wp-json\/wp\/v2\/media?parent=4540"}],"curies":[{"name":"wp","href":"https:\/\/api.w.org\/{rel}","templated":true}]}}