{"id":4532,"date":"2022-11-03T15:29:27","date_gmt":"2022-11-03T14:29:27","guid":{"rendered":"https:\/\/campingbellehutte.com\/chalets\/"},"modified":"2025-11-12T11:58:58","modified_gmt":"2025-11-12T10:58:58","slug":"chalets","status":"publish","type":"page","link":"https:\/\/campingbellehutte.com\/de\/chalets\/","title":{"rendered":"Chalets"},"content":{"rendered":"\n<div class=\"wp-block-cover y-00-a\"><span aria-hidden=\"true\" class=\"has-black-background-color has-background-dim-20 wp-block-cover__gradient-background has-background-dim\"><\/span><img loading=\"lazy\" width=\"2560\" height=\"1920\" class=\"wp-block-cover__image-background wp-image-608\" alt=\"\" src=\"https:\/\/campingbellehutte.com\/wp-content\/uploads\/2022\/07\/DSC02557-scaled.jpg\" style=\"object-position:48% 63%\" data-object-fit=\"cover\" data-object-position=\"48% 63%\" srcset=\"https:\/\/campingbellehutte.com\/wp-content\/uploads\/2022\/07\/DSC02557-scaled.jpg 2560w, https:\/\/campingbellehutte.com\/wp-content\/uploads\/2022\/07\/DSC02557-300x225.jpg 300w, https:\/\/campingbellehutte.com\/wp-content\/uploads\/2022\/07\/DSC02557-1024x768.jpg 1024w, https:\/\/campingbellehutte.com\/wp-content\/uploads\/2022\/07\/DSC02557-768x576.jpg 768w, https:\/\/campingbellehutte.com\/wp-content\/uploads\/2022\/07\/DSC02557-1536x1152.jpg 1536w, https:\/\/campingbellehutte.com\/wp-content\/uploads\/2022\/07\/DSC02557-2048x1536.jpg 2048w\" sizes=\"(max-width: 2560px) 100vw, 2560px\" \/><div class=\"wp-block-cover__inner-container\">\n<h1 class=\"has-text-align-center\" id=\"location-de-chalet-la-bresse-vosgesdu-16-decembre-2022-au-30-septembre-2023\">Chalet mieten La Bresse Vosges<br><em>Vom 19. Dezember 25 bis zum 27. September<\/em> 26<\/h1>\n<\/div><\/div>\n\n\n\n<div class=\"wp-container-69eb3ffb8fe7a wp-block-group barre-resa\"><div class=\"wp-block-group__inner-container\"><ctv-searchbar><\/ctv-searchbar>\n<\/div><\/div>\n\n\n\n<div class=\"wp-container-69eb3ffb90713 wp-block-group y-10-a\"><div class=\"wp-block-group__inner-container\">\n<div class=\"wp-block-columns\">\n<div class=\"wp-block-column\">\n<figure class=\"wp-block-gallery has-nested-images columns-default is-cropped\">\n<figure class=\"wp-block-image size-large\"><img loading=\"lazy\" width=\"1024\" height=\"473\" src=\"https:\/\/campingbellehutte.com\/wp-content\/uploads\/2022\/11\/IMG_20220112_135048-1024x473.jpg\" alt=\"Camping proche d'un lac en hiver - Belle Hutte\" class=\"wp-image-5662\" srcset=\"https:\/\/campingbellehutte.com\/wp-content\/uploads\/2022\/11\/IMG_20220112_135048-1024x473.jpg 1024w, https:\/\/campingbellehutte.com\/wp-content\/uploads\/2022\/11\/IMG_20220112_135048-300x138.jpg 300w, https:\/\/campingbellehutte.com\/wp-content\/uploads\/2022\/11\/IMG_20220112_135048-768x354.jpg 768w, https:\/\/campingbellehutte.com\/wp-content\/uploads\/2022\/11\/IMG_20220112_135048-1536x709.jpg 1536w, https:\/\/campingbellehutte.com\/wp-content\/uploads\/2022\/11\/IMG_20220112_135048-2048x945.jpg 2048w\" sizes=\"(max-width: 1024px) 100vw, 1024px\" \/><\/figure>\n\n\n\n<figure class=\"wp-block-image size-full\"><img loading=\"lazy\" width=\"750\" height=\"570\" src=\"https:\/\/campingbellehutte.com\/wp-content\/uploads\/2022\/09\/Chalet-35m\u00b2-3-chambres-750x570-2.jpg\" alt=\"\" class=\"wp-image-3599\" srcset=\"https:\/\/campingbellehutte.com\/wp-content\/uploads\/2022\/09\/Chalet-35m\u00b2-3-chambres-750x570-2.jpg 750w, https:\/\/campingbellehutte.com\/wp-content\/uploads\/2022\/09\/Chalet-35m\u00b2-3-chambres-750x570-2-300x228.jpg 300w\" sizes=\"(max-width: 750px) 100vw, 750px\" \/><\/figure>\n<\/figure>\n<\/div>\n\n\n\n<div class=\"wp-block-column\">\n<h2 class=\"has-text-align-left h3\" id=\"des-activites-et-loisirs-varies-1\"><em>Stellen Sie Ihre Koffer in einem Chalet zu zweit oder mit der Familie ab und<\/em> <br>Gehen Sie auf Entdeckungsreise in den Bergen<\/h2>\n\n\n\n<p><strong>Belle Hutte ist zu jeder Jahreszeit der ideale Ort f\u00fcr Ihren Campingurlaub in den<\/strong> Vogesen. Alle unsere Chalets verf\u00fcgen \u00fcber einen eigenen Bereich mit \u00fcberdachter Terrasse: Komfort und Geselligkeit des Campingplatzes inmitten unserer 6 Hektar gro\u00dfen Gr\u00fcnfl\u00e4chen.<\/p>\n\n\n\n<p>Ihr <strong>Aufenthalt in einem<\/strong> Chalet in einer ruhigen und <strong>geselligen Atmosph\u00e4re<\/strong> <strong>inmitten der Natur<\/strong> am Fu\u00dfe der Skigebiete, um Weihnachten und Neujahr zu feiern und w\u00e4hrend der Winterferien die verschneiten Tannenb\u00e4ume zu bewundern.<\/p>\n\n\n\n<p>Wenn der Schnee schmilzt, bewundere das zarte Gr\u00fcn des Fr\u00fchlings, im Sommer tauche ein und entdecke die flammenden Farben des Herbstes.<\/p>\n\n\n\n<p class=\"information\"><a href=\"https:\/\/campingbellehutte.com\/wp-content\/uploads\/2024\/07\/Map-Camping-Belle-Hutte-2025.pdf\" target=\"_blank\" rel=\"noopener\">Campingplatzplan<\/a><\/p>\n\n\n\n<div class=\"wp-container-69eb3ffb903b9 wp-block-buttons\">\n<div class=\"wp-block-button is-style-fillc btn_resa_loc\"><a class=\"wp-block-button__link\">Meinen Aufenthalt buchen<\/a><\/div>\n\n\n\n<div class=\"wp-block-button is-style-fill\"><a class=\"wp-block-button__link\" href=\"https:\/\/campingbellehutte.com\/wp-content\/uploads\/2024\/07\/how-to-choose-your-accomodation-scaled.jpg\" target=\"_blank\" rel=\"noreferrer noopener\">So w\u00e4hlen Sie Ihre Unterkunft richtig<\/a><\/div>\n<\/div>\n<\/div>\n<\/div>\n<\/div><\/div>\n\n\n\n<section class=\"wp-container-69eb3ffb90e67 wp-block-group margin-section\"><div class=\"wp-block-group__inner-container\">\n<h2 class=\"has-text-align-center h3\" id=\"choisissez-votre-hebergement\">W\u00e4hlen Sie Ihre Unterkunft<\/h2>\n\n\n<ul class=\"liste-locations\"><li class=\"liste-locations__item\"><a href=\"https:\/\/campingbellehutte.com\/de\/locations\/duplex-55m%c2%b2-2-schlafzimmer\/\">\r\n\t\t\t\t\t\t\t\t\t\t\t\t<img width=\"750\" height=\"570\" src=\"https:\/\/campingbellehutte.com\/wp-content\/uploads\/2022\/09\/DSC03639-750x570-2.jpg\" class=\"attachment-post-thumbnail size-post-thumbnail wp-post-image\" alt=\"\" loading=\"lazy\" srcset=\"https:\/\/campingbellehutte.com\/wp-content\/uploads\/2022\/09\/DSC03639-750x570-2.jpg 750w, https:\/\/campingbellehutte.com\/wp-content\/uploads\/2022\/09\/DSC03639-750x570-2-300x228.jpg 300w\" sizes=\"(max-width: 750px) 100vw, 750px\" \/>\r\n\t\t\t\t\t\t\t\t\t\t\t\t<span class=\"liste-locations__item__titre\">Duplex 55m\u00b2 2 chambres<\/span>\r\n\t\t\t\t\t\t\t\t\t\t<\/a><\/li><li class=\"liste-locations__item\"><a href=\"https:\/\/campingbellehutte.com\/de\/locations\/chalet-35m%c2%b2-2-zimmer\/\">\r\n\t\t\t\t\t\t\t\t\t\t\t\t<img width=\"2560\" height=\"1920\" src=\"https:\/\/campingbellehutte.com\/wp-content\/uploads\/2022\/11\/DSC02900-scaled.jpg\" class=\"attachment-post-thumbnail size-post-thumbnail wp-post-image\" alt=\"\" loading=\"lazy\" srcset=\"https:\/\/campingbellehutte.com\/wp-content\/uploads\/2022\/11\/DSC02900-scaled.jpg 2560w, https:\/\/campingbellehutte.com\/wp-content\/uploads\/2022\/11\/DSC02900-300x225.jpg 300w, https:\/\/campingbellehutte.com\/wp-content\/uploads\/2022\/11\/DSC02900-1024x768.jpg 1024w, https:\/\/campingbellehutte.com\/wp-content\/uploads\/2022\/11\/DSC02900-768x576.jpg 768w, https:\/\/campingbellehutte.com\/wp-content\/uploads\/2022\/11\/DSC02900-1536x1152.jpg 1536w, https:\/\/campingbellehutte.com\/wp-content\/uploads\/2022\/11\/DSC02900-2048x1536.jpg 2048w\" sizes=\"(max-width: 2560px) 100vw, 2560px\" \/>\r\n\t\t\t\t\t\t\t\t\t\t\t\t<span class=\"liste-locations__item__titre\">Chalet 35m\u00b2 2 Schlafzimmer<\/span>\r\n\t\t\t\t\t\t\t\t\t\t<\/a><\/li><li class=\"liste-locations__item\"><a href=\"https:\/\/campingbellehutte.com\/de\/locations\/chalet-30m%c2%b2-2-zimmer\/\">\r\n\t\t\t\t\t\t\t\t\t\t\t\t<img width=\"2560\" height=\"1700\" src=\"https:\/\/campingbellehutte.com\/wp-content\/uploads\/2022\/09\/IMG_20241212_104016-scaled-e1747061915642.jpg\" class=\"attachment-post-thumbnail size-post-thumbnail wp-post-image\" alt=\"\" loading=\"lazy\" \/>\r\n\t\t\t\t\t\t\t\t\t\t\t\t<span class=\"liste-locations__item__titre\">Chalet 30m\u00b2 2 Schlafzimmer<\/span>\r\n\t\t\t\t\t\t\t\t\t\t<\/a><\/li><li class=\"liste-locations__item\"><a href=\"https:\/\/campingbellehutte.com\/de\/locations\/chalet-35-m%c2%b2-3-zimmer\/\">\r\n\t\t\t\t\t\t\t\t\t\t\t\t<img width=\"750\" height=\"570\" src=\"https:\/\/campingbellehutte.com\/wp-content\/uploads\/2022\/09\/Chalet-35m\u00b2-3-chambres-750x570-1.jpg\" class=\"attachment-post-thumbnail size-post-thumbnail wp-post-image\" alt=\"\" loading=\"lazy\" srcset=\"https:\/\/campingbellehutte.com\/wp-content\/uploads\/2022\/09\/Chalet-35m\u00b2-3-chambres-750x570-1.jpg 750w, https:\/\/campingbellehutte.com\/wp-content\/uploads\/2022\/09\/Chalet-35m\u00b2-3-chambres-750x570-1-300x228.jpg 300w\" sizes=\"(max-width: 750px) 100vw, 750px\" \/>\r\n\t\t\t\t\t\t\t\t\t\t\t\t<span class=\"liste-locations__item__titre\">Chalet 35 m\u00b2 3 Zimmer<\/span>\r\n\t\t\t\t\t\t\t\t\t\t<\/a><\/li><li class=\"liste-locations__item\"><a href=\"https:\/\/campingbellehutte.com\/de\/locations\/chalet-zugaenglich-35-m%c2%b2-2-zimmer\/\">\r\n\t\t\t\t\t\t\t\t\t\t\t\t<img width=\"750\" height=\"570\" src=\"https:\/\/campingbellehutte.com\/wp-content\/uploads\/2022\/09\/Chalet-35m\u00b2-PMR1-750x570-1.jpg\" class=\"attachment-post-thumbnail size-post-thumbnail wp-post-image\" alt=\"\" loading=\"lazy\" srcset=\"https:\/\/campingbellehutte.com\/wp-content\/uploads\/2022\/09\/Chalet-35m\u00b2-PMR1-750x570-1.jpg 750w, https:\/\/campingbellehutte.com\/wp-content\/uploads\/2022\/09\/Chalet-35m\u00b2-PMR1-750x570-1-300x228.jpg 300w\" sizes=\"(max-width: 750px) 100vw, 750px\" \/>\r\n\t\t\t\t\t\t\t\t\t\t\t\t<span class=\"liste-locations__item__titre\">Barrierefreies Chalet 35 m\u00b2 2 Schlafzimmer<\/span>\r\n\t\t\t\t\t\t\t\t\t\t<\/a><\/li><\/ul>\n\n\n\n<div class=\"wp-container-69eb3ffb90b21 wp-block-buttons decouverte\">\n<div class=\"wp-block-button decouverte\"><a class=\"wp-block-button__link\" href=\"https:\/\/campingbellehutte.com\/de\/ungewoehnliches\/\">entdecken Sie unsere ungew\u00f6hnlichen Unterk\u00fcnfte gro\u00dfen Komfort mit Sanit\u00e4ranlagen und Badezimmern  <\/a><\/div>\n<\/div>\n\n\n\n<ctv-offers data-display-mode=\"carousel\"><\/ctv-offers>\n<\/div><\/section>\n\n\n\n<div class=\"wp-container-69eb3ffb918dc wp-block-group alignfull y-25-a\"><div class=\"wp-block-group__inner-container\">\n<h2 class=\"has-text-align-center\" id=\"profitez-de-nos-locations-de-vacances-dans-les-vosges-au-coeur-d-un-camping-4-etoiles-a-la-bresse\">Profitieren Sie von unseren Ferienunterk\u00fcnften in den Vogesen im Herzen eines 4-Sterne-Campingplatzes in La Bresse.<\/h2>\n\n\n\n<h3 class=\"has-text-align-center\" id=\"dans-votre-hebergement-nous-avons-pense-a-tout-pour-votre-confort\">In Ihrer Unterkunft haben wir an alles f\u00fcr Ihren Komfort gedacht:<\/h3>\n\n\n\n<div class=\"wp-container-69eb3ffb91255 wp-block-group pictos\"><div class=\"wp-block-group__inner-container\">\n<ul><li><i class=\"fa-solid fa-bath\"><\/i>  WC- Badezimmer mit Dusche<\/li><li><i class=\"fa-solid fa-tv-retro\"><\/i>  TV (franz\u00f6sische Sender)<\/li><li><i class=\"fa-solid fa-table-picnic\"><\/i>  Terrasse und Gartenm\u00f6bel (von April bis September bereitgestellt)<\/li><li><i class=\"fa-solid fa-plate-utensils\"><\/i>  Ausgestattete K\u00fcche (au\u00dfer in der Bobl\u00e2-H\u00fctte)<\/li><li><i class=\"fa-solid fa-bed-front\"><\/i>  Bettw\u00e4sche, Decken und Kopfkissen werden gestellt (denken Sie daran, Ihre Handt\u00fccher mitzunehmen!).<\/li><li><i class=\"fa-solid fa-baby\"><\/i>  Optionales Kinderbett und Kinderstuhl<\/li><li><i class=\"fa-solid fa-dog\"><\/i>  Pro Chalet ist maximal 1 Haustier erlaubt (au\u00dfer ungew\u00f6hnliche Unterk\u00fcnfte)<\/li><li><i class=\"fa-solid fa-wifi\"><\/i>  Kostenlose WLAN-Zone (sehr niedrige Geschwindigkeit)<\/li><li><i class=\"fa-solid fa-heat\"><\/i>  Leistungsstarke Isolierung &#8211; Elektrische Heizung<\/li><li><i class=\"fa-solid fa-square-parking\"><\/i>  Privater Parkplatz<\/li><\/ul>\n<\/div><\/div>\n\n\n\n<div class=\"wp-container-69eb3ffb915c6 wp-block-buttons\">\n<div class=\"wp-block-button is-style-fill\"><a class=\"wp-block-button__link\" href=\"https:\/\/campingbellehutte.com\/de\/faq\/\">Haben Sie noch Fragen?  <br>Z\u00f6gern Sie nicht, unsere speziellen FAQs zu lesen.<\/a><\/div>\n<\/div>\n<\/div><\/div>\n\n\n\n<div class=\"wp-container-69eb3ffb9237d wp-block-group y-20-a\"><div class=\"wp-block-group__inner-container\">\n<div class=\"wp-block-cover alignwide is-light\"><span aria-hidden=\"true\" class=\"has-black-background-color has-background-dim-0 wp-block-cover__gradient-background has-background-dim\"><\/span><img loading=\"lazy\" width=\"1024\" height=\"769\" class=\"wp-block-cover__image-background wp-image-2447\" alt=\"\" src=\"https:\/\/campingbellehutte.com\/wp-content\/uploads\/2022\/08\/8-Toboggans-1024x769-2.jpg\" style=\"object-position:50% 54%\" data-object-fit=\"cover\" data-object-position=\"50% 54%\" srcset=\"https:\/\/campingbellehutte.com\/wp-content\/uploads\/2022\/08\/8-Toboggans-1024x769-2.jpg 1024w, https:\/\/campingbellehutte.com\/wp-content\/uploads\/2022\/08\/8-Toboggans-1024x769-2-300x225.jpg 300w, https:\/\/campingbellehutte.com\/wp-content\/uploads\/2022\/08\/8-Toboggans-1024x769-2-768x577.jpg 768w\" sizes=\"(max-width: 1024px) 100vw, 1024px\" \/><div class=\"wp-block-cover__inner-container\">\n<div class=\"wp-container-69eb3ffb92041 wp-block-group has-white-background-color has-background\"><div class=\"wp-block-group__inner-container\">\n<h2 class=\"h3\" id=\"profitez-de-tous-les-services-de-notre-camping-a-la-bresse-en-lorraine\">Nutzen Sie alle Dienstleistungen unseres Campingplatzes in La Bresse in Lothringen<\/h2>\n\n\n\n<p><strong>Im Sommer<\/strong> k\u00f6nnen Sie sich nach Ihrer Wanderung im beheizten Schwimmbad entspannen (ge\u00f6ffnet von Mitte Juni bis Mitte September). Die Kinder werden sich auf den Wasserrutschen oder im Planschbecken f\u00fcr die Kleinsten sowie auf den H\u00fcpfburgen und Trampolinen k\u00f6stlich am\u00fcsieren.<\/p>\n\n\n\n<p><strong>Im Winter<\/strong>, nach einer Schneeschuhwanderung oder einem Skikurs, k\u00f6nnen Sie sich in Ihrem gem\u00fctlichen Nest entspannen, w\u00e4hrend Ihre Kinder eine letzte Schneeballschlacht machen oder ein Iglu bauen&#8230;<\/p>\n\n\n\n<p>Die Snackbar und der Minimarkt (frisches Brot und lokale Produkte) sind in den Winter- und Sommerferien ge\u00f6ffnet<\/p>\n\n\n\n<div class=\"wp-container-69eb3ffb91d18 wp-block-buttons\">\n<div class=\"wp-block-button is-style-fill\"><a class=\"wp-block-button__link\" href=\"https:\/\/campingbellehutte.com\/de\/umgebung\/\">Was kann man in der Umgebung des Campingplatzes unternehmen?<\/a><\/div>\n\n\n\n<div class=\"wp-block-button\"><a class=\"wp-block-button__link\" href=\"https:\/\/campingbellehutte.com\/de\/mediengalerie\/\">Siehe unsere Fotogalerie<\/a><\/div>\n<\/div>\n<\/div><\/div>\n<\/div><\/div>\n<\/div><\/div>\n","protected":false},"excerpt":{"rendered":"<p>Stellen Sie Ihre Koffer in einem Chalet zu zweit oder mit der Familie ab und Gehen Sie auf Entdeckungsreise in den Bergen Belle Hutte ist zu jeder Jahreszeit der ideale Ort f\u00fcr Ihren Campingurlaub in den Vogesen. Alle unsere Chalets verf\u00fcgen \u00fcber einen eigenen Bereich mit \u00fcberdachter Terrasse: Komfort und Geselligkeit des Campingplatzes inmitten unserer [&hellip;]<\/p>\n","protected":false},"author":1,"featured_media":0,"parent":0,"menu_order":0,"comment_status":"closed","ping_status":"closed","template":"","meta":[],"acf":[],"_links":{"self":[{"href":"https:\/\/campingbellehutte.com\/de\/wp-json\/wp\/v2\/pages\/4532"}],"collection":[{"href":"https:\/\/campingbellehutte.com\/de\/wp-json\/wp\/v2\/pages"}],"about":[{"href":"https:\/\/campingbellehutte.com\/de\/wp-json\/wp\/v2\/types\/page"}],"author":[{"embeddable":true,"href":"https:\/\/campingbellehutte.com\/de\/wp-json\/wp\/v2\/users\/1"}],"replies":[{"embeddable":true,"href":"https:\/\/campingbellehutte.com\/de\/wp-json\/wp\/v2\/comments?post=4532"}],"version-history":[{"count":6,"href":"https:\/\/campingbellehutte.com\/de\/wp-json\/wp\/v2\/pages\/4532\/revisions"}],"predecessor-version":[{"id":9336,"href":"https:\/\/campingbellehutte.com\/de\/wp-json\/wp\/v2\/pages\/4532\/revisions\/9336"}],"wp:attachment":[{"href":"https:\/\/campingbellehutte.com\/de\/wp-json\/wp\/v2\/media?parent=4532"}],"curies":[{"name":"wp","href":"https:\/\/api.w.org\/{rel}","templated":true}]}}