{"id":4521,"date":"2022-11-03T15:28:32","date_gmt":"2022-11-03T14:28:32","guid":{"rendered":"https:\/\/campingbellehutte.com\/wintercamping\/"},"modified":"2026-04-15T13:21:22","modified_gmt":"2026-04-15T11:21:22","slug":"wintercamping","status":"publish","type":"page","link":"https:\/\/campingbellehutte.com\/de\/wintercamping\/","title":{"rendered":"Wintercamping"},"content":{"rendered":"\n<div class=\"wp-block-cover is-light y-00-a\"><span aria-hidden=\"true\" class=\"has-black-background-color has-background-dim-20 wp-block-cover__gradient-background has-background-dim\"><\/span><img loading=\"lazy\" width=\"2560\" height=\"1920\" class=\"wp-block-cover__image-background wp-image-3071\" alt=\"\" src=\"https:\/\/campingbellehutte.com\/wp-content\/uploads\/2022\/09\/IMG_20210110_165451-scaled.jpg\" style=\"object-position:42% 49%\" data-object-fit=\"cover\" data-object-position=\"42% 49%\" srcset=\"https:\/\/campingbellehutte.com\/wp-content\/uploads\/2022\/09\/IMG_20210110_165451-scaled.jpg 2560w, https:\/\/campingbellehutte.com\/wp-content\/uploads\/2022\/09\/IMG_20210110_165451-300x225.jpg 300w, https:\/\/campingbellehutte.com\/wp-content\/uploads\/2022\/09\/IMG_20210110_165451-1024x768.jpg 1024w, https:\/\/campingbellehutte.com\/wp-content\/uploads\/2022\/09\/IMG_20210110_165451-768x576.jpg 768w, https:\/\/campingbellehutte.com\/wp-content\/uploads\/2022\/09\/IMG_20210110_165451-1536x1152.jpg 1536w, https:\/\/campingbellehutte.com\/wp-content\/uploads\/2022\/09\/IMG_20210110_165451-2048x1536.jpg 2048w\" sizes=\"(max-width: 2560px) 100vw, 2560px\" \/><div class=\"wp-block-cover__inner-container\">\n<h1 class=\"has-text-align-center has-white-color has-text-color\" id=\"camping-la-bresse-dans-les-vosges-pour-vos-vacances-d-ete-en-lorraine\">Wintercamping in den Vogesen <\/h1>\n\n\n\n<h1 class=\"has-text-align-center has-secondary-color has-text-color\" id=\"camping-la-bresse-dans-les-vosges-pour-vos-vacances-d-ete-en-lorraine\"><em>ge\u00f6ffnet vom 25\/12\/26 bis 03\/01\/27 <\/em><\/h1>\n\n\n\n<h1 class=\"has-text-align-center has-secondary-color has-text-color\" id=\"camping-la-bresse-dans-les-vosges-pour-vos-vacances-d-ete-en-lorraine\">und vom <em>05\/02\/27 bis 07\/03\/27<\/em><\/h1>\n<\/div><\/div>\n\n\n\n<div class=\"wp-container-69e8a1b65729b wp-block-group barre-resa\"><div class=\"wp-block-group__inner-container\"><ctv-searchbar><\/ctv-searchbar>\n<\/div><\/div>\n\n\n\n<div class=\"wp-container-69e8a1b657b58 wp-block-group y-10-a\"><div class=\"wp-block-group__inner-container\">\n<div class=\"wp-block-columns\">\n<div class=\"wp-block-column\">\n<figure class=\"wp-block-gallery has-nested-images columns-default is-cropped\">\n<figure class=\"wp-block-image size-large\"><img loading=\"lazy\" width=\"1024\" height=\"768\" src=\"https:\/\/campingbellehutte.com\/wp-content\/uploads\/2022\/07\/received_595824851267393-1024x768.jpeg\" alt=\"\" class=\"wp-image-617\" srcset=\"https:\/\/campingbellehutte.com\/wp-content\/uploads\/2022\/07\/received_595824851267393-1024x768.jpeg 1024w, https:\/\/campingbellehutte.com\/wp-content\/uploads\/2022\/07\/received_595824851267393-300x225.jpeg 300w, https:\/\/campingbellehutte.com\/wp-content\/uploads\/2022\/07\/received_595824851267393-768x576.jpeg 768w, https:\/\/campingbellehutte.com\/wp-content\/uploads\/2022\/07\/received_595824851267393-1536x1152.jpeg 1536w, https:\/\/campingbellehutte.com\/wp-content\/uploads\/2022\/07\/received_595824851267393.jpeg 2000w\" sizes=\"(max-width: 1024px) 100vw, 1024px\" \/><\/figure>\n\n\n\n<figure class=\"wp-block-image size-large is-style-default\"><img loading=\"lazy\" width=\"764\" height=\"1024\" src=\"https:\/\/campingbellehutte.com\/wp-content\/uploads\/2022\/12\/5.-camping-hiver-764x1024.webp\" alt=\"\" class=\"wp-image-5420\" srcset=\"https:\/\/campingbellehutte.com\/wp-content\/uploads\/2022\/12\/5.-camping-hiver-764x1024.webp 764w, https:\/\/campingbellehutte.com\/wp-content\/uploads\/2022\/12\/5.-camping-hiver-224x300.webp 224w, https:\/\/campingbellehutte.com\/wp-content\/uploads\/2022\/12\/5.-camping-hiver-768x1030.webp 768w, https:\/\/campingbellehutte.com\/wp-content\/uploads\/2022\/12\/5.-camping-hiver.webp 1024w\" sizes=\"(max-width: 764px) 100vw, 764px\" \/><\/figure>\n<\/figure>\n<\/div>\n\n\n\n<div class=\"wp-block-column\">\n<h2 class=\"h3\" id=\"camping-a-la-bresse-au-pied-du-plus-grand-domaine-skiable-du-nord-est\"><em>Campingplatz in La Bresse  <\/em><br>Am Fu\u00dfe des gr\u00f6\u00dften Skigebiets im Nordosten<\/h2>\n\n\n\n<p>Der Campingplatz <strong>liegt inmitten verschneiter<\/strong> Landschaften und bietet einen <strong>atemberaubenden Blick auf die 500 m entfernten<\/strong> Abfahrtspisten La Bresse-Hohneck! Abfahrt und R\u00fcckfahrt mit Skiern an den F\u00fc\u00dfen mit dem Sessellift und der blauen Piste Belle Hutte (am Wochenende und in den Schulferien ge\u00f6ffnet).<\/p>\n\n\n\n<p>W\u00e4hlen Sie f\u00fcr Ihren <strong>Wohnwagen oder Ihr Wohnmobil den Stellplatz, der Ihnen am besten gef\u00e4llt<\/strong>: ger\u00e4umig, abgegrenzt und sonnig.<\/p>\n\n\n\n<p><strong>Die Vogesen im Winter: Freizeit und Entdeckungen f\u00fcr Gro\u00df und Klein<\/strong><\/p>\n\n\n\n<p>W\u00e4hrend Ihres Winterurlaubs k\u00f6nnen Sie <strong>mit Freunden oder der Familie staunen<\/strong>: Schneesportarten, Schneeschuhwanderungen in unber\u00fchrten Landschaften, Spiele im Schnee, Verkostung lokaler Spezialit\u00e4ten, Entdeckung des Kulturerbes, Ged\u00e4chtnistourismus&#8230; es ist f\u00fcr jeden Geschmack etwas dabei!<\/p>\n\n\n\n<p class=\"information\"><a href=\"https:\/\/campingbellehutte.com\/wp-content\/uploads\/2024\/07\/Map-Camping-Belle-Hutte-2025.pdf\" target=\"_blank\" rel=\"noopener\">Campingplatzplan<\/a> <a href=\"https:\/\/campingbellehutte.com\/wp-content\/uploads\/2024\/07\/Dimensions-et-superficie-Emplacements-de-Camping-1.pdf\" target=\"_blank\" rel=\"noopener\">Gr\u00f6\u00dfe der Stellpl\u00e4tze<\/a><\/p>\n\n\n\n<div class=\"wp-container-69e8a1b65780d wp-block-buttons\">\n<div class=\"wp-block-button btn_resa_empl\"><a class=\"wp-block-button__link\">Meinen Aufenthalt buchen<\/a><\/div>\n\n\n\n<div class=\"wp-block-button\"><a class=\"wp-block-button__link\" href=\"https:\/\/campingbellehutte.com\/de\/mediengalerie\/\">Siehe unsere Fotogalerie<\/a><\/div>\n<\/div>\n<\/div>\n<\/div>\n<\/div><\/div>\n\n\n\n<div class=\"wp-container-69e8a1b658091 wp-block-group y-10-a diapo\"><div class=\"wp-block-group__inner-container\">\n<div class=\"wp-block-columns\">\n<div class=\"wp-block-column\">\n<figure class=\"wp-block-gallery has-nested-images columns-default is-cropped diaporama--3\">\n<figure class=\"wp-block-image size-large\"><img loading=\"lazy\" width=\"750\" height=\"570\" src=\"https:\/\/campingbellehutte.com\/wp-content\/uploads\/2022\/09\/01-01-15-20-750x570-1.jpg\" alt=\"\" class=\"wp-image-3440\" srcset=\"https:\/\/campingbellehutte.com\/wp-content\/uploads\/2022\/09\/01-01-15-20-750x570-1.jpg 750w, https:\/\/campingbellehutte.com\/wp-content\/uploads\/2022\/09\/01-01-15-20-750x570-1-300x228.jpg 300w\" sizes=\"(max-width: 750px) 100vw, 750px\" \/><\/figure>\n\n\n\n<figure class=\"wp-block-image size-large\"><img loading=\"lazy\" width=\"750\" height=\"570\" src=\"https:\/\/campingbellehutte.com\/wp-content\/uploads\/2022\/09\/01-01-15-24-750x570-1.jpg\" alt=\"\" class=\"wp-image-3444\" srcset=\"https:\/\/campingbellehutte.com\/wp-content\/uploads\/2022\/09\/01-01-15-24-750x570-1.jpg 750w, https:\/\/campingbellehutte.com\/wp-content\/uploads\/2022\/09\/01-01-15-24-750x570-1-300x228.jpg 300w\" sizes=\"(max-width: 750px) 100vw, 750px\" \/><\/figure>\n\n\n\n<figure class=\"wp-block-image size-large\"><img loading=\"lazy\" width=\"750\" height=\"570\" src=\"https:\/\/campingbellehutte.com\/wp-content\/uploads\/2022\/09\/01-01-15-55-750x570-1.jpg\" alt=\"\" class=\"wp-image-3448\" srcset=\"https:\/\/campingbellehutte.com\/wp-content\/uploads\/2022\/09\/01-01-15-55-750x570-1.jpg 750w, https:\/\/campingbellehutte.com\/wp-content\/uploads\/2022\/09\/01-01-15-55-750x570-1-300x228.jpg 300w\" sizes=\"(max-width: 750px) 100vw, 750px\" \/><\/figure>\n\n\n\n<figure class=\"wp-block-image size-large\"><img loading=\"lazy\" width=\"750\" height=\"570\" src=\"https:\/\/campingbellehutte.com\/wp-content\/uploads\/2022\/09\/2-Vue-camping-hiver-750x570-1.jpg\" alt=\"\" class=\"wp-image-3452\" srcset=\"https:\/\/campingbellehutte.com\/wp-content\/uploads\/2022\/09\/2-Vue-camping-hiver-750x570-1.jpg 750w, https:\/\/campingbellehutte.com\/wp-content\/uploads\/2022\/09\/2-Vue-camping-hiver-750x570-1-300x228.jpg 300w\" sizes=\"(max-width: 750px) 100vw, 750px\" \/><\/figure>\n\n\n\n<figure class=\"wp-block-image size-large\"><img loading=\"lazy\" width=\"750\" height=\"570\" src=\"https:\/\/campingbellehutte.com\/wp-content\/uploads\/2022\/09\/15-Camping-Belle-Hutte-2-750x570-1.jpg\" alt=\"\" class=\"wp-image-3456\" srcset=\"https:\/\/campingbellehutte.com\/wp-content\/uploads\/2022\/09\/15-Camping-Belle-Hutte-2-750x570-1.jpg 750w, https:\/\/campingbellehutte.com\/wp-content\/uploads\/2022\/09\/15-Camping-Belle-Hutte-2-750x570-1-300x228.jpg 300w\" sizes=\"(max-width: 750px) 100vw, 750px\" \/><\/figure>\n\n\n\n<figure class=\"wp-block-image size-large\"><img loading=\"lazy\" width=\"750\" height=\"570\" src=\"https:\/\/campingbellehutte.com\/wp-content\/uploads\/2022\/09\/Camping-hiver-e13510724044301-750x570-1.jpg\" alt=\"\" class=\"wp-image-3460\" srcset=\"https:\/\/campingbellehutte.com\/wp-content\/uploads\/2022\/09\/Camping-hiver-e13510724044301-750x570-1.jpg 750w, https:\/\/campingbellehutte.com\/wp-content\/uploads\/2022\/09\/Camping-hiver-e13510724044301-750x570-1-300x228.jpg 300w\" sizes=\"(max-width: 750px) 100vw, 750px\" \/><\/figure>\n\n\n\n<figure class=\"wp-block-image size-large\"><img loading=\"lazy\" width=\"2560\" height=\"1920\" src=\"https:\/\/campingbellehutte.com\/wp-content\/uploads\/2025\/05\/IMG_20250503_112504-scaled.jpg\" alt=\"\" class=\"wp-image-8672\" srcset=\"https:\/\/campingbellehutte.com\/wp-content\/uploads\/2025\/05\/IMG_20250503_112504-scaled.jpg 2560w, https:\/\/campingbellehutte.com\/wp-content\/uploads\/2025\/05\/IMG_20250503_112504-300x225.jpg 300w, https:\/\/campingbellehutte.com\/wp-content\/uploads\/2025\/05\/IMG_20250503_112504-1024x768.jpg 1024w, https:\/\/campingbellehutte.com\/wp-content\/uploads\/2025\/05\/IMG_20250503_112504-768x576.jpg 768w, https:\/\/campingbellehutte.com\/wp-content\/uploads\/2025\/05\/IMG_20250503_112504-1536x1152.jpg 1536w, https:\/\/campingbellehutte.com\/wp-content\/uploads\/2025\/05\/IMG_20250503_112504-2048x1536.jpg 2048w\" sizes=\"(max-width: 2560px) 100vw, 2560px\" \/><\/figure>\n\n\n\n<figure class=\"wp-block-image size-large\"><img loading=\"lazy\" width=\"1920\" height=\"2560\" src=\"https:\/\/campingbellehutte.com\/wp-content\/uploads\/2025\/05\/IMG_20250503_112334-scaled.jpg\" alt=\"\" class=\"wp-image-8668\" srcset=\"https:\/\/campingbellehutte.com\/wp-content\/uploads\/2025\/05\/IMG_20250503_112334-scaled.jpg 1920w, https:\/\/campingbellehutte.com\/wp-content\/uploads\/2025\/05\/IMG_20250503_112334-225x300.jpg 225w, https:\/\/campingbellehutte.com\/wp-content\/uploads\/2025\/05\/IMG_20250503_112334-768x1024.jpg 768w, https:\/\/campingbellehutte.com\/wp-content\/uploads\/2025\/05\/IMG_20250503_112334-1152x1536.jpg 1152w, https:\/\/campingbellehutte.com\/wp-content\/uploads\/2025\/05\/IMG_20250503_112334-1536x2048.jpg 1536w\" sizes=\"(max-width: 1920px) 100vw, 1920px\" \/><\/figure>\n<\/figure>\n<\/div>\n<\/div>\n<\/div><\/div>\n\n\n\n<div class=\"wp-container-69e8a1b658780 wp-block-group alignfull y-25-a\"><div class=\"wp-block-group__inner-container\">\n<h2 class=\"has-text-align-center\" id=\"des-services-de-qualite-pour-un-confort-optimal\">Qualitativ hochwertige Dienstleistungen f\u00fcr optimalen Komfort :<\/h2>\n\n\n\n<div class=\"wp-container-69e8a1b658451 wp-block-group pictos liste-responsive\"><div class=\"wp-block-group__inner-container\">\n<ul><li><i class=\"fa-solid fa-restroom-simple\"><\/i>  Beheizte Sanit\u00e4ranlagen mit Familienkabinen und Babybereich<\/li><li><i class=\"fa-solid fa-wheelchair-move\"><\/i>  Zug\u00e4ngliche und behindertengerechte Sanit\u00e4ranlagen<\/li><li><i class=\"fa-solid fa-dryer\"><\/i>  Waschmaschine und Trockner, Trockenraum<\/li><li><i class=\"fa-solid fa-rv\"><\/i>  Serviceterminal f\u00fcr Wohnmobile (Entleerung und Auff\u00fcllen des Wassertanks)<\/li><li><i class=\"fa-solid fa-ski-boot-ski\"><\/i>  Skiraum (denken Sie daran, ein Vorh\u00e4ngeschloss mitzunehmen)<\/li><li><i class=\"fa-solid fa-shovel-snow\"><\/i>  Schneer\u00e4umung der versicherten Zug\u00e4nge, nicht gesalzene Wege (Schneereifen und Ketten sind Pflicht)<\/li><li><i class=\"fa-solid fa-game-board\"><\/i>  Spielzimmer, Tischtennis, Gesellschaftsspiele, Leseraum<\/li><li><i class=\"fa-solid fa-wifi\"><\/i>  Kostenlose WLAN-Zone (sehr niedrige Geschwindigkeit)<\/li><li><i class=\"fa-solid fa-person-hiking\"><\/i>  Wanderkarten, Touristeninformationen<\/li><li><i class=\"fa-solid fa-shop\"><\/i>  Superm\u00e4rkte und Gesch\u00e4fte 9 km (La Bresse)<\/li><li><i class=\"fa-solid fa-fork-knife\"><\/i>  Snackbar vor Ort oder zum Mitnehmen (Schulferien Winter)<\/li><li><i class=\"fa-solid fa-basket-shopping\"><\/i>  Supermarkt (lokale Produkte), Brotverkauf, Campinggas (Schulferien Winter)<\/li><li><i class=\"fa-solid fa-cheese-swiss\"><\/i>  Colis Raclette\/Terroir auf Reservierung<\/li><li><i class=\"fa-solid fa-racquet\"><\/i>  Schneeschuhverleih auf dem Campingplatz<\/li><li><i class=\"fa-solid fa-person-skiing\"><\/i>  Verleih von Wintersportausr\u00fcstung<\/li><\/ul>\n<\/div><\/div>\n<\/div><\/div>\n\n\n\n<div class=\"wp-container-69e8a1b658c11 wp-block-group y-10-c\"><div class=\"wp-block-group__inner-container\">\n<div class=\"wp-block-columns\">\n<div class=\"wp-block-column\">\n<figure class=\"wp-block-gallery has-nested-images columns-default is-cropped\">\n<figure class=\"wp-block-image size-large\"><img loading=\"lazy\" width=\"750\" height=\"570\" src=\"https:\/\/campingbellehutte.com\/wp-content\/uploads\/2022\/09\/Camping-hiver-e13510724044301-750x570-1.jpg\" alt=\"\" class=\"wp-image-3460\" srcset=\"https:\/\/campingbellehutte.com\/wp-content\/uploads\/2022\/09\/Camping-hiver-e13510724044301-750x570-1.jpg 750w, https:\/\/campingbellehutte.com\/wp-content\/uploads\/2022\/09\/Camping-hiver-e13510724044301-750x570-1-300x228.jpg 300w\" sizes=\"(max-width: 750px) 100vw, 750px\" \/><\/figure>\n\n\n\n<figure class=\"wp-block-image size-large\"><img loading=\"lazy\" width=\"750\" height=\"570\" src=\"https:\/\/campingbellehutte.com\/wp-content\/uploads\/2022\/09\/01-01-15-24-750x570-1.jpg\" alt=\"\" class=\"wp-image-3444\" srcset=\"https:\/\/campingbellehutte.com\/wp-content\/uploads\/2022\/09\/01-01-15-24-750x570-1.jpg 750w, https:\/\/campingbellehutte.com\/wp-content\/uploads\/2022\/09\/01-01-15-24-750x570-1-300x228.jpg 300w\" sizes=\"(max-width: 750px) 100vw, 750px\" \/><\/figure>\n<\/figure>\n<\/div>\n\n\n\n<div class=\"wp-block-column\">\n<h2 class=\"has-text-align-left h3\" id=\"des-activites-et-loisirs-varies-1\"><em>Mit oder ohne Reservierung :  <\/em><br>W\u00e4hlen Sie Ihren Standort bei der Ankunft selbst aus.<\/h2>\n\n\n\n<ul><li><i class=\"fa-solid fa-location-dot\"><\/i>  Flache, grasbewachsene Stellpl\u00e4tze, 100\/120m\u00b2, durch Hecken abgegrenzt<\/li><li><i class=\"fa-solid fa-location-dot\"><\/i>  Elektrische Anschl\u00fcsse 2 bis 10 Ampere, europ\u00e4ische Steckdosen<\/li><li><i class=\"fa-solid fa-location-dot\"><\/i>  Fahrzeuge auf dem Stellplatz<\/li><li><i class=\"fa-solid fa-location-dot\"><\/i>  Fahrzeugverkehr von 22 Uhr bis 7 Uhr verboten, Nachtparkplatz<\/li><li><i class=\"fa-solid fa-location-dot\"><\/i>  Hunde erlaubt (t\u00e4towiert und geimpft), angeleint<\/li><li><i class=\"fa-solid fa-location-dot\"><\/i>  Sanit\u00e4re Einrichtungen rund um die Uhr ge\u00f6ffnet<\/li><\/ul>\n<\/div>\n<\/div>\n<\/div><\/div>\n\n\n\n<div class=\"wp-container-69e8a1b659458 wp-block-group y-10-b\"><div class=\"wp-block-group__inner-container\">\n<div class=\"wp-block-columns\">\n<div class=\"wp-block-column\">\n<p>Die Anreise ist <strong>t\u00e4glich von 14:00 bis 19:00 Uhr<\/strong> m\u00f6glich. Bitte beachten Sie, dass die Stra\u00dfen <strong>zwischen 20:00 und 7:00 Uhr nicht ger\u00e4umt<\/strong> sind.<\/p>\n\n\n\n<p><strong><strong>Wie w\u00e4hlt man die richtige Amperest\u00e4rke?<\/strong> <\/strong>achte auf die Wattleistung deiner Ger\u00e4te! Denken Sie daran, Ihre elektrisches Verl\u00e4ngerungskabel (mind. 25m) und Ihren europ\u00e4ischen Stecker mitzunehmen.<\/p>\n\n\n\n<figure class=\"wp-block-table\"><table><tbody><tr><td>Ampere<\/td><td>2 A<\/td><td>3 A<\/td><td>4 A<\/td><td>5 A<\/td><td>6 A<\/td><td>8 A<\/td><td>10 A<\/td><\/tr><tr><td>Watt<\/td><td>440 W<\/td><td>660 W<\/td><td>880 W<\/td><td>1100 W<\/td><td>1320 W<\/td><td>1760 W<\/td><td>2200 W<\/td><\/tr><\/tbody><\/table><\/figure>\n\n\n\n<p>F\u00fcr mehr Komfort bieten wir auch<strong> <a href=\"https:\/\/campingbellehutte.com\/de\/chalets\/\" data-type=\"URL\" data-id=\"https:\/\/campingbellehutte.com\/location-chalet-vosges\/\">der Chalets<\/a><\/strong> und <strong>\n  <a href=\"https:\/\/campingbellehutte.com\/de\/ungewoehnliches\/\" data-type=\"URL\" data-id=\"https:\/\/campingbellehutte.com\/location-insolites-vosges\/\">ungew\u00f6hnliche Unterk\u00fcnfte<\/a>\n<\/strong> durchgehend ge\u00f6ffnet vom 16. Dezember bis zum 30. September<\/p>\n\n\n\n<div class=\"wp-container-69e8a1b659054 wp-block-buttons\">\n<div class=\"wp-block-button is-style-fill\"><a class=\"wp-block-button__link\" href=\"https:\/\/campingbellehutte.com\/de\/faq\/\">Haben Sie noch Fragen?  <br>Z\u00f6gern Sie nicht, unsere speziellen FAQs zu lesen.<\/a><\/div>\n<\/div>\n<\/div>\n\n\n\n<div class=\"wp-block-column\">\n<figure class=\"wp-block-gallery has-nested-images columns-default is-cropped\">\n<figure class=\"wp-block-image size-full\"><img loading=\"lazy\" width=\"750\" height=\"570\" src=\"https:\/\/campingbellehutte.com\/wp-content\/uploads\/2022\/07\/01-01-15-55-750x570-1.jpg\" alt=\"\" class=\"wp-image-919\" srcset=\"https:\/\/campingbellehutte.com\/wp-content\/uploads\/2022\/07\/01-01-15-55-750x570-1.jpg 750w, https:\/\/campingbellehutte.com\/wp-content\/uploads\/2022\/07\/01-01-15-55-750x570-1-300x228.jpg 300w\" sizes=\"(max-width: 750px) 100vw, 750px\" \/><\/figure>\n\n\n\n<figure class=\"wp-block-image size-full\"><img loading=\"lazy\" width=\"750\" height=\"570\" src=\"https:\/\/campingbellehutte.com\/wp-content\/uploads\/2022\/09\/01-01-15-20-750x570-1.jpg\" alt=\"\" class=\"wp-image-3437\" srcset=\"https:\/\/campingbellehutte.com\/wp-content\/uploads\/2022\/09\/01-01-15-20-750x570-1.jpg 750w, https:\/\/campingbellehutte.com\/wp-content\/uploads\/2022\/09\/01-01-15-20-750x570-1-300x228.jpg 300w\" sizes=\"(max-width: 750px) 100vw, 750px\" \/><\/figure>\n<\/figure>\n<\/div>\n<\/div>\n<\/div><\/div>\n\n\n\n<div class=\"wp-container-69e8a1b65a063 wp-block-group y-10-c\"><div class=\"wp-block-group__inner-container\">\n<div class=\"wp-block-columns\">\n<div class=\"wp-block-column\">\n<figure class=\"wp-block-gallery has-nested-images columns-default is-cropped\">\n<figure class=\"wp-block-image size-large\"><img loading=\"lazy\" width=\"693\" height=\"1024\" src=\"https:\/\/campingbellehutte.com\/wp-content\/uploads\/2022\/12\/7.-activites-camping-hiver-693x1024.webp\" alt=\"\" class=\"wp-image-5428\" srcset=\"https:\/\/campingbellehutte.com\/wp-content\/uploads\/2022\/12\/7.-activites-camping-hiver-693x1024.webp 693w, https:\/\/campingbellehutte.com\/wp-content\/uploads\/2022\/12\/7.-activites-camping-hiver-203x300.webp 203w, https:\/\/campingbellehutte.com\/wp-content\/uploads\/2022\/12\/7.-activites-camping-hiver-768x1135.webp 768w, https:\/\/campingbellehutte.com\/wp-content\/uploads\/2022\/12\/7.-activites-camping-hiver.webp 1024w\" sizes=\"(max-width: 693px) 100vw, 693px\" \/><\/figure>\n\n\n\n<figure class=\"wp-block-image size-large\"><img loading=\"lazy\" width=\"683\" height=\"1024\" src=\"https:\/\/campingbellehutte.com\/wp-content\/uploads\/2022\/12\/8.-activites-camping-hiver-683x1024.webp\" alt=\"\" class=\"wp-image-5432\" srcset=\"https:\/\/campingbellehutte.com\/wp-content\/uploads\/2022\/12\/8.-activites-camping-hiver-683x1024.webp 683w, https:\/\/campingbellehutte.com\/wp-content\/uploads\/2022\/12\/8.-activites-camping-hiver-200x300.webp 200w, https:\/\/campingbellehutte.com\/wp-content\/uploads\/2022\/12\/8.-activites-camping-hiver-768x1152.webp 768w, https:\/\/campingbellehutte.com\/wp-content\/uploads\/2022\/12\/8.-activites-camping-hiver.webp 960w\" sizes=\"(max-width: 683px) 100vw, 683px\" \/><\/figure>\n<\/figure>\n<\/div>\n\n\n\n<div class=\"wp-block-column\">\n<div class=\"wp-container-69e8a1b659d20 wp-block-group\"><div class=\"wp-block-group__inner-container\">\n<h2 class=\"h3\" id=\"profitez-des-joies-de-la-glisseles-domaines-alpins\">Genie\u00dfen Sie die Freuden des Skifahrens<br><em><strong>Alpine Gebiete :<\/strong><\/em><\/h2>\n\n\n\n<p><strong>La Bresse Hohneck Labellemontagne: <\/strong> Das gr\u00f6\u00dfte Skigebiet im Nordosten! Anf\u00e4nger bis Fortgeschrittene Skifahrer, fahren Sie die 33 Pisten hinunter, von Sonnenaufgang bis Sonnenuntergang, mit Spielbereichen, Bojen, Schlitten&#8230;<\/p>\n\n\n\n<p><strong>La Bresse-Lispach:<\/strong> ideal f\u00fcr Familien und Anf\u00e4nger in einer au\u00dfergew\u00f6hnlichen nat\u00fcrlichen Umgebung<\/p>\n\n\n\n<p id=\"moonshot-ecole-de-glisse-cours-semi-collectifs-et-lecons-particulieres-de-ski-et-snowboard-methode-montessori\"><strong>La Schlucht<\/strong>: Freestyle Attitude auf der Snowzone und Familienskifahren auf 2 blauen Pisten<\/p>\n\n\n\n<p><strong>G\u00e9rardmer: <\/strong>Skifahren f\u00fcr alle mit Blick auf den Lac de G\u00e9rardmer<\/p>\n\n\n\n<h2 class=\"h3\" id=\"les-domaines-nordiques-pistes-de-ski-de-fond\"><em><strong>Nordische Gebiete: Langlaufloipen<\/strong><\/em><\/h2>\n\n\n\n<p><strong>Das Langlaufgebiet La Bresse-Lispach<\/strong>: 50 km Langlaufloipen durch Seen, W\u00e4lder, Moore oder Hochplateaus aller Schwierigkeitsgrade und verbunden mit den Gebieten G\u00e9rardmer\/Xonrupt-Longemer.<\/p>\n\n\n\n<p><strong>Les 3 Fours: <\/strong> Panoramablick auf das Munstertal und das Massiv des Hohneck<\/p>\n\n\n\n<p><strong>Le Valtin &#8211; Col de La Schlucht: <\/strong> Verbindung Langlauf\/Schneeschuhe zur Station Lac Blan<\/p>\n\n\n\n<div class=\"wp-container-69e8a1b659a01 wp-block-buttons\">\n<div class=\"wp-block-button is-style-fill\"><a class=\"wp-block-button__link\" href=\"https:\/\/campingbellehutte.com\/de\/werte\/\">Siehe unsere Partner<\/a><\/div>\n\n\n\n<div class=\"wp-block-button is-style-fill\"><a class=\"wp-block-button__link\" href=\"https:\/\/campingbellehutte.com\/de\/umgebung\/\">Was kann man in der Umgebung des Campingplatzes unternehmen?<\/a><\/div>\n<\/div>\n<\/div><\/div>\n<\/div>\n<\/div>\n<\/div><\/div>\n\n\n\n<div style=\"height:50px\" aria-hidden=\"true\" class=\"wp-block-spacer\"><\/div>\n\n\n\n<div class=\"wp-container-69e8a1b65a511 wp-block-group y-25-a\" style=\"padding-top:5rem;padding-right:5rem;padding-bottom:5rem;padding-left:5rem\"><div class=\"wp-block-group__inner-container\">\n<div class=\"wp-block-columns\">\n<div class=\"wp-block-column\">\n<h2 id=\"les-ecoles-de-ski-debutant-ou-perfectionnement-des-cours-pour-tous\"><strong>Die Skischulen: Anf\u00e4nger oder Fortgeschrittene Kurse f\u00fcr alle!<\/strong><\/h2>\n\n\n\n<ul><li><i class=\"fa-solid fa-person-skiing\"><\/i> <strong>ESF: <\/strong> Kindergarten, Gruppenkurse und Privatunterricht f\u00fcr Alpinski, Langlauf, Snowboard, Telemark, Handiski, Biathlon&#8230;<br><\/li><li><i class=\"fa-solid fa-person-skiing\"><\/i> <strong>Moonshot Ecole de Glisse<\/strong>: Halbgruppenkurse und Privatunterricht f\u00fcr Ski und Snowboard, Montessori-Methode<\/li><\/ul>\n<\/div>\n\n\n\n<div class=\"wp-block-column\">\n<h2 id=\"balades-et-randonnees-a-pied-ou-en-raquettes-location-de-raquettes-au-camping-de-belle-hutte\"><strong>Spazierg\u00e4nge und Wanderungen zu Fu\u00df oder mit Schneeschuhen: Schneeschuhverleih im Camping de Belle Hutte<\/strong><\/h2>\n\n\n\n<ul><li><i class=\"fa-solid fa-racquet\"><\/i>  Allein oder mit der Familie, auf den markierten Wanderwegen erobern Sie die verschneiten Gipfel<br><\/li><li><i class=\"fa-solid fa-racquet\"><\/i>  Mit einem Bergbegleiter<\/li><\/ul>\n<\/div>\n<\/div>\n<\/div><\/div>\n","protected":false},"excerpt":{"rendered":"<p>Campingplatz in La Bresse Am Fu\u00dfe des gr\u00f6\u00dften Skigebiets im Nordosten Der Campingplatz liegt inmitten verschneiter Landschaften und bietet einen atemberaubenden Blick auf die 500 m entfernten Abfahrtspisten La Bresse-Hohneck! Abfahrt und R\u00fcckfahrt mit Skiern an den F\u00fc\u00dfen mit dem Sessellift und der blauen Piste Belle Hutte (am Wochenende und in den Schulferien ge\u00f6ffnet). W\u00e4hlen [&hellip;]<\/p>\n","protected":false},"author":1,"featured_media":0,"parent":0,"menu_order":0,"comment_status":"closed","ping_status":"closed","template":"","meta":[],"acf":[],"_links":{"self":[{"href":"https:\/\/campingbellehutte.com\/de\/wp-json\/wp\/v2\/pages\/4521"}],"collection":[{"href":"https:\/\/campingbellehutte.com\/de\/wp-json\/wp\/v2\/pages"}],"about":[{"href":"https:\/\/campingbellehutte.com\/de\/wp-json\/wp\/v2\/types\/page"}],"author":[{"embeddable":true,"href":"https:\/\/campingbellehutte.com\/de\/wp-json\/wp\/v2\/users\/1"}],"replies":[{"embeddable":true,"href":"https:\/\/campingbellehutte.com\/de\/wp-json\/wp\/v2\/comments?post=4521"}],"version-history":[{"count":6,"href":"https:\/\/campingbellehutte.com\/de\/wp-json\/wp\/v2\/pages\/4521\/revisions"}],"predecessor-version":[{"id":9703,"href":"https:\/\/campingbellehutte.com\/de\/wp-json\/wp\/v2\/pages\/4521\/revisions\/9703"}],"wp:attachment":[{"href":"https:\/\/campingbellehutte.com\/de\/wp-json\/wp\/v2\/media?parent=4521"}],"curies":[{"name":"wp","href":"https:\/\/api.w.org\/{rel}","templated":true}]}}