{"id":4509,"date":"2022-11-03T15:27:16","date_gmt":"2022-11-03T14:27:16","guid":{"rendered":"https:\/\/campingbellehutte.com\/camping-sommer\/"},"modified":"2025-11-17T12:34:06","modified_gmt":"2025-11-17T11:34:06","slug":"camping-sommer","status":"publish","type":"page","link":"https:\/\/campingbellehutte.com\/de\/camping-sommer\/","title":{"rendered":"Camping Sommer"},"content":{"rendered":"\n<div class=\"wp-block-cover y-00-a\"><span aria-hidden=\"true\" class=\"has-background-dim-0 wp-block-cover__gradient-background has-background-dim\"><\/span><img loading=\"lazy\" width=\"2560\" height=\"1920\" class=\"wp-block-cover__image-background wp-image-3051\" alt=\"\" src=\"https:\/\/campingbellehutte.com\/wp-content\/uploads\/2022\/09\/97631320_266582854723564_6481401624450301952_n-scaled.jpg\" style=\"object-position:51% 52%\" data-object-fit=\"cover\" data-object-position=\"51% 52%\" srcset=\"https:\/\/campingbellehutte.com\/wp-content\/uploads\/2022\/09\/97631320_266582854723564_6481401624450301952_n-scaled.jpg 2560w, https:\/\/campingbellehutte.com\/wp-content\/uploads\/2022\/09\/97631320_266582854723564_6481401624450301952_n-300x225.jpg 300w, https:\/\/campingbellehutte.com\/wp-content\/uploads\/2022\/09\/97631320_266582854723564_6481401624450301952_n-1024x768.jpg 1024w, https:\/\/campingbellehutte.com\/wp-content\/uploads\/2022\/09\/97631320_266582854723564_6481401624450301952_n-768x576.jpg 768w, https:\/\/campingbellehutte.com\/wp-content\/uploads\/2022\/09\/97631320_266582854723564_6481401624450301952_n-1536x1152.jpg 1536w, https:\/\/campingbellehutte.com\/wp-content\/uploads\/2022\/09\/97631320_266582854723564_6481401624450301952_n-2048x1536.jpg 2048w\" sizes=\"(max-width: 2560px) 100vw, 2560px\" \/><div class=\"wp-block-cover__inner-container\">\n<h1 class=\"has-text-align-center\" id=\"camping-la-bresse-dans-les-vosges-ouvert-du-12-mai-2023-au-17-septembre-2023\">Camping La Bresse, Vogesen, <\/h1>\n\n\n\n<h1 class=\"has-text-align-center\" id=\"camping-la-bresse-dans-les-vosges-ouvert-du-12-mai-2023-au-17-septembre-2023\"><em>vom 14. Mai bis zum 13. September 202<\/em>6<\/h1>\n<\/div><\/div>\n\n\n\n<div class=\"wp-container-69dce7e980c1f wp-block-group barre-resa\"><div class=\"wp-block-group__inner-container\"><ctv-searchbar><\/ctv-searchbar>\n<\/div><\/div>\n\n\n\n<div class=\"wp-container-69dce7e981488 wp-block-group y-10-a\"><div class=\"wp-block-group__inner-container\">\n<div class=\"wp-block-columns\">\n<div class=\"wp-block-column\">\n<figure class=\"wp-block-gallery has-nested-images columns-default is-cropped\">\n<figure class=\"wp-block-image size-large\"><img loading=\"lazy\" width=\"1024\" height=\"681\" src=\"https:\/\/campingbellehutte.com\/wp-content\/uploads\/2022\/07\/13-M.Laurent-Camping-Belle-Hutte-3-1024x681-1.jpg\" alt=\"\" class=\"wp-image-814\" srcset=\"https:\/\/campingbellehutte.com\/wp-content\/uploads\/2022\/07\/13-M.Laurent-Camping-Belle-Hutte-3-1024x681-1.jpg 1024w, https:\/\/campingbellehutte.com\/wp-content\/uploads\/2022\/07\/13-M.Laurent-Camping-Belle-Hutte-3-1024x681-1-300x200.jpg 300w, https:\/\/campingbellehutte.com\/wp-content\/uploads\/2022\/07\/13-M.Laurent-Camping-Belle-Hutte-3-1024x681-1-768x511.jpg 768w\" sizes=\"(max-width: 1024px) 100vw, 1024px\" \/><\/figure>\n\n\n\n<figure class=\"wp-block-image size-large\"><img loading=\"lazy\" width=\"1024\" height=\"768\" src=\"https:\/\/campingbellehutte.com\/wp-content\/uploads\/2022\/07\/8-Camping-car-emplacements-de\u0301limite\u0301s-privatifs-Camping-de-Belle-Hutte-La-Bresse-1024x768-1.jpg\" alt=\"\" class=\"wp-image-805\" srcset=\"https:\/\/campingbellehutte.com\/wp-content\/uploads\/2022\/07\/8-Camping-car-emplacements-de\u0301limite\u0301s-privatifs-Camping-de-Belle-Hutte-La-Bresse-1024x768-1.jpg 1024w, https:\/\/campingbellehutte.com\/wp-content\/uploads\/2022\/07\/8-Camping-car-emplacements-de\u0301limite\u0301s-privatifs-Camping-de-Belle-Hutte-La-Bresse-1024x768-1-300x225.jpg 300w, https:\/\/campingbellehutte.com\/wp-content\/uploads\/2022\/07\/8-Camping-car-emplacements-de\u0301limite\u0301s-privatifs-Camping-de-Belle-Hutte-La-Bresse-1024x768-1-768x576.jpg 768w\" sizes=\"(max-width: 1024px) 100vw, 1024px\" \/><\/figure>\n<\/figure>\n<\/div>\n\n\n\n<div class=\"wp-block-column\">\n<h2 class=\"h3\" id=\"pres-de-gerardmer-a-la-montagne-profitez-des-activites-et-des-panoramas-extraordinaires-des-vosges\"><em>In der N\u00e4he von G\u00e9rardmer, in den Bergen,<\/em> <br>genie\u00dfen Sie die Aktivit\u00e4ten und die au\u00dfergew\u00f6hnlichen Panoramen der Vogesen!<\/h2>\n\n\n\n<p>F\u00fcr Ihren Urlaub im Herzen der Berge begr\u00fc\u00dfen wir Sie auf unserem <strong>4-Sterne-Campingplatz in den Vogesen<\/strong>. F\u00fcr Ihr<strong> Zelt, Ihren Wohnwagen oder Ihr Wohnmobil<\/strong> w\u00e4hlen Sie den Camping-Stellplatz, der zu Ihnen passt: ger\u00e4umig, abgegrenzt und sonnig.<\/p>\n\n\n\n<p><strong>Neu ab 2026<\/strong>! 11 <strong>Premium-Stellpl\u00e4tze<\/strong>: Ihr Naturcamping-Erlebnis, 100\u2013120 m\u00b2, <strong>mit eigenem Bad <\/strong>(Dusche, WC, K\u00fcchenzeile) und 16-A-Stromanschluss.<br>Und vergessen Sie nicht unsere <strong>\u201eFlussufer\u201c-Stellpl\u00e4tze<\/strong> oder <strong>Naturstellpl\u00e4tze<\/strong>, 80\u2013100 m\u00b2, mit Zugang zu den <strong>2026 renovierten Gemeinschaftsb\u00e4dern<\/strong>!<\/p>\n\n\n\n<p>Reservieren Sie Ihren Zeltplatz im Sommer. <strong>Au\u00dferhalb von Juli und August<\/strong> kommen Sie ganz frei ohne Reservierung, wir werden immer einen Platz f\u00fcr Sie haben.<\/p>\n\n\n\n<p class=\"information\"><a href=\"https:\/\/campingbellehutte.com\/wp-content\/uploads\/2024\/07\/Map-Camping-Belle-Hutte-2025.pdf\" target=\"_blank\" rel=\"noopener\">Campingplatzplan<\/a> <a href=\"https:\/\/campingbellehutte.com\/wp-content\/uploads\/2024\/07\/Dimensions-et-superficie-Emplacements-de-Camping-1.pdf\" target=\"_blank\" rel=\"noopener\">Gr\u00f6\u00dfe der Stellpl\u00e4tze<\/a><\/p>\n\n\n\n<div class=\"wp-container-69dce7e981159 wp-block-buttons\">\n<div class=\"wp-block-button btn_resa_empl\"><a class=\"wp-block-button__link\">Meinen Aufenthalt buchen<\/a><\/div>\n\n\n\n<div class=\"wp-block-button\"><a class=\"wp-block-button__link\" href=\"https:\/\/campingbellehutte.com\/de\/mediengalerie\/\">Zur Fotogalerie<\/a><\/div>\n<\/div>\n<\/div>\n<\/div>\n<\/div><\/div>\n\n\n\n<div class=\"wp-container-69dce7e98195e wp-block-group y-10-a diapo\"><div class=\"wp-block-group__inner-container\">\n<div class=\"wp-block-columns\">\n<div class=\"wp-block-column\">\n<figure class=\"wp-block-gallery has-nested-images columns-default is-cropped diaporama--3\">\n<figure class=\"wp-block-image size-large\"><img loading=\"lazy\" width=\"750\" height=\"570\" src=\"https:\/\/campingbellehutte.com\/wp-content\/uploads\/2022\/09\/vue-camping-ete-750x570-1.jpg\" alt=\"\" class=\"wp-image-3431\" srcset=\"https:\/\/campingbellehutte.com\/wp-content\/uploads\/2022\/09\/vue-camping-ete-750x570-1.jpg 750w, https:\/\/campingbellehutte.com\/wp-content\/uploads\/2022\/09\/vue-camping-ete-750x570-1-300x228.jpg 300w\" sizes=\"(max-width: 750px) 100vw, 750px\" \/><\/figure>\n\n\n\n<figure class=\"wp-block-image size-large\"><img loading=\"lazy\" width=\"750\" height=\"570\" src=\"https:\/\/campingbellehutte.com\/wp-content\/uploads\/2022\/09\/DSC03737-750x570-1.jpg\" alt=\"\" class=\"wp-image-3427\" srcset=\"https:\/\/campingbellehutte.com\/wp-content\/uploads\/2022\/09\/DSC03737-750x570-1.jpg 750w, https:\/\/campingbellehutte.com\/wp-content\/uploads\/2022\/09\/DSC03737-750x570-1-300x228.jpg 300w\" sizes=\"(max-width: 750px) 100vw, 750px\" \/><\/figure>\n\n\n\n<figure class=\"wp-block-image size-large\"><img loading=\"lazy\" width=\"750\" height=\"570\" src=\"https:\/\/campingbellehutte.com\/wp-content\/uploads\/2022\/09\/DSC03395-750x570-1.jpg\" alt=\"\" class=\"wp-image-3423\" srcset=\"https:\/\/campingbellehutte.com\/wp-content\/uploads\/2022\/09\/DSC03395-750x570-1.jpg 750w, https:\/\/campingbellehutte.com\/wp-content\/uploads\/2022\/09\/DSC03395-750x570-1-300x228.jpg 300w\" sizes=\"(max-width: 750px) 100vw, 750px\" \/><\/figure>\n\n\n\n<figure class=\"wp-block-image size-large\"><img loading=\"lazy\" width=\"750\" height=\"570\" src=\"https:\/\/campingbellehutte.com\/wp-content\/uploads\/2022\/09\/DSC02983-750x570-1.jpg\" alt=\"\" class=\"wp-image-3419\" srcset=\"https:\/\/campingbellehutte.com\/wp-content\/uploads\/2022\/09\/DSC02983-750x570-1.jpg 750w, https:\/\/campingbellehutte.com\/wp-content\/uploads\/2022\/09\/DSC02983-750x570-1-300x228.jpg 300w\" sizes=\"(max-width: 750px) 100vw, 750px\" \/><\/figure>\n\n\n\n<figure class=\"wp-block-image size-large\"><img loading=\"lazy\" width=\"768\" height=\"1024\" src=\"https:\/\/campingbellehutte.com\/wp-content\/uploads\/2025\/05\/IMG_20250503_112334-768x1024.jpg\" alt=\"\" class=\"wp-image-8668\" srcset=\"https:\/\/campingbellehutte.com\/wp-content\/uploads\/2025\/05\/IMG_20250503_112334-768x1024.jpg 768w, https:\/\/campingbellehutte.com\/wp-content\/uploads\/2025\/05\/IMG_20250503_112334-225x300.jpg 225w, https:\/\/campingbellehutte.com\/wp-content\/uploads\/2025\/05\/IMG_20250503_112334-1152x1536.jpg 1152w, https:\/\/campingbellehutte.com\/wp-content\/uploads\/2025\/05\/IMG_20250503_112334-1536x2048.jpg 1536w, https:\/\/campingbellehutte.com\/wp-content\/uploads\/2025\/05\/IMG_20250503_112334-scaled.jpg 1920w\" sizes=\"(max-width: 768px) 100vw, 768px\" \/><\/figure>\n\n\n\n<figure class=\"wp-block-image size-large\"><img loading=\"lazy\" width=\"1024\" height=\"768\" src=\"https:\/\/campingbellehutte.com\/wp-content\/uploads\/2025\/05\/IMG_20250503_112504-1024x768.jpg\" alt=\"\" class=\"wp-image-8672\" srcset=\"https:\/\/campingbellehutte.com\/wp-content\/uploads\/2025\/05\/IMG_20250503_112504-1024x768.jpg 1024w, https:\/\/campingbellehutte.com\/wp-content\/uploads\/2025\/05\/IMG_20250503_112504-300x225.jpg 300w, https:\/\/campingbellehutte.com\/wp-content\/uploads\/2025\/05\/IMG_20250503_112504-768x576.jpg 768w, https:\/\/campingbellehutte.com\/wp-content\/uploads\/2025\/05\/IMG_20250503_112504-1536x1152.jpg 1536w, https:\/\/campingbellehutte.com\/wp-content\/uploads\/2025\/05\/IMG_20250503_112504-2048x1536.jpg 2048w\" sizes=\"(max-width: 1024px) 100vw, 1024px\" \/><\/figure>\n\n\n\n<figure class=\"wp-block-image size-full\"><img loading=\"lazy\" width=\"750\" height=\"570\" src=\"https:\/\/campingbellehutte.com\/wp-content\/uploads\/2022\/09\/13-M.Laurent-Camping-Belle-Hutte-3-750x570-1.jpg\" alt=\"\" class=\"wp-image-3418\" srcset=\"https:\/\/campingbellehutte.com\/wp-content\/uploads\/2022\/09\/13-M.Laurent-Camping-Belle-Hutte-3-750x570-1.jpg 750w, https:\/\/campingbellehutte.com\/wp-content\/uploads\/2022\/09\/13-M.Laurent-Camping-Belle-Hutte-3-750x570-1-300x228.jpg 300w\" sizes=\"(max-width: 750px) 100vw, 750px\" \/><\/figure>\n<\/figure>\n<\/div>\n<\/div>\n<\/div><\/div>\n\n\n\n<div class=\"wp-container-69dce7e982033 wp-block-group alignfull y-25-a\"><div class=\"wp-block-group__inner-container\">\n<h2 class=\"has-text-align-center h3\" id=\"les-services\">Die Dienste<\/h2>\n\n\n\n<p class=\"has-text-align-center h2\" id=\"pour-votre-confort-vous-trouverez-dans-votre-camping-a-la-bresse\"><strong>F\u00fcr Ihren Komfort finden Sie auf Ihrem Campingplatz in La Bresse :<\/strong><\/p>\n\n\n\n<div class=\"wp-container-69dce7e981d24 wp-block-group pictos liste-responsive\"><div class=\"wp-block-group__inner-container\">\n<ul><li><i class=\"fa-solid fa-restroom-simple\"><\/i>  Beheizte Sanit\u00e4ranlagen mit Familienkabinen, Babybereich<\/li><li><i class=\"fa-solid fa-dryer\"><\/i>  Waschmaschine und Trockner, Trockenraum<\/li><li><i class=\"fa-brands fa-accessible-icon\"><\/i>  Zug\u00e4ngliche und behindertengerechte Sanit\u00e4ranlagen<\/li><li><i class=\"fa-solid fa-rv\"><\/i>  Serviceterminal f\u00fcr Wohnmobile (Entleerung und Auff\u00fcllen des Wassertanks)<\/li><li><i class=\"fa-solid fa-game-board\"><\/i>  Spielzimmer, Tischtennis, Gesellschaftsspiele, Leseraum<\/li><li><i class=\"fa-solid fa-water-ladder\"><\/i>  Beheizter Wasserbereich (Mitte Juni bis Mitte September)<\/li><li><i class=\"fa-solid fa-wifi\"><\/i>  Kostenlose WLAN-Zone (sehr niedrige Geschwindigkeit)<\/li><li><i class=\"fa-solid fa-person-hiking\"><\/i>  Wanderkarten, Touristeninformationen<\/li><li><i class=\"fa-solid fa-shop\"><\/i>  Superm\u00e4rkte und Gesch\u00e4fte 9 km (La Bresse)<\/li><li><i class=\"fa-solid fa-fork-knife\"><\/i>  Snackbar vor Ort oder zum Mitnehmen (Juli und August)<\/li><li><i class=\"fa-solid fa-basket-shopping\"><\/i>  Supermarkt (lokale Produkte), Brotverkauf, Camping-Gas (Juli und August)<\/li><li><i class=\"fa-solid fa-cheese-swiss\"><\/i>  Colis Terroir auf Reservierung<\/li><\/ul>\n<\/div><\/div>\n<\/div><\/div>\n\n\n\n<div class=\"wp-container-69dce7e98249a wp-block-group y-10-c\"><div class=\"wp-block-group__inner-container\">\n<div class=\"wp-block-columns\">\n<div class=\"wp-block-column\">\n<figure class=\"wp-block-gallery has-nested-images columns-default is-cropped\">\n<figure class=\"wp-block-image size-full\"><img loading=\"lazy\" width=\"750\" height=\"570\" src=\"https:\/\/campingbellehutte.com\/wp-content\/uploads\/2022\/09\/vue-camping-ete-750x570-1.jpg\" alt=\"\" class=\"wp-image-3431\" srcset=\"https:\/\/campingbellehutte.com\/wp-content\/uploads\/2022\/09\/vue-camping-ete-750x570-1.jpg 750w, https:\/\/campingbellehutte.com\/wp-content\/uploads\/2022\/09\/vue-camping-ete-750x570-1-300x228.jpg 300w\" sizes=\"(max-width: 750px) 100vw, 750px\" \/><\/figure>\n\n\n\n<figure class=\"wp-block-image size-large\"><img loading=\"lazy\" width=\"1024\" height=\"768\" src=\"https:\/\/campingbellehutte.com\/wp-content\/uploads\/2022\/09\/97631320_266582854723564_6481401624450301952_n-1024x768.jpg\" alt=\"\" class=\"wp-image-3051\" srcset=\"https:\/\/campingbellehutte.com\/wp-content\/uploads\/2022\/09\/97631320_266582854723564_6481401624450301952_n-1024x768.jpg 1024w, https:\/\/campingbellehutte.com\/wp-content\/uploads\/2022\/09\/97631320_266582854723564_6481401624450301952_n-300x225.jpg 300w, https:\/\/campingbellehutte.com\/wp-content\/uploads\/2022\/09\/97631320_266582854723564_6481401624450301952_n-768x576.jpg 768w, https:\/\/campingbellehutte.com\/wp-content\/uploads\/2022\/09\/97631320_266582854723564_6481401624450301952_n-1536x1152.jpg 1536w, https:\/\/campingbellehutte.com\/wp-content\/uploads\/2022\/09\/97631320_266582854723564_6481401624450301952_n-2048x1536.jpg 2048w\" sizes=\"(max-width: 1024px) 100vw, 1024px\" \/><\/figure>\n<\/figure>\n<\/div>\n\n\n\n<div class=\"wp-block-column\">\n<h2 class=\"has-text-align-left h3\" id=\"des-activites-et-loisirs-varies-1\"><em>Mit oder ohne Reservierung :<\/em><br><strong>W\u00e4hlen Sie Ihren Standort bei der Ankunft selbst<\/strong> aus.<\/h2>\n\n\n\n<ul class=\"liste\"><li>Flache, grasbewachsene Stellpl\u00e4tze, 100\/120m\u00b2, durch Hecken abgegrenzt<\/li><li>Elektrische Anschl\u00fcsse 2 bis 10 Ampere, europ\u00e4ische Steckdosen<\/li><li>Fahrzeuge auf dem Stellplatz<\/li><li>Fahrzeugverkehr von 22 Uhr bis 7 Uhr verboten, Nachtparkplatz<\/li><li>Hunde erlaubt (t\u00e4towiert und geimpft), angeleint<\/li><li>Sanit\u00e4re Einrichtungen rund um die Uhr ge\u00f6ffnet<\/li><\/ul>\n<\/div>\n<\/div>\n<\/div><\/div>\n\n\n\n<div class=\"wp-container-69dce7e982c8e wp-block-group y-10-b\"><div class=\"wp-block-group__inner-container\">\n<div class=\"wp-block-columns\">\n<div class=\"wp-block-column\">\n<p><strong><strong>Anreisen sind t\u00e4glich m\u00f6glich<\/strong>: <\/strong>von 14:00 bis 19:30 Uhr w\u00e4hrend der Schulferien und von 15:30 bis 18:30 Uhr au\u00dferhalb der Schulferien.<\/p>\n\n\n\n<p><strong><strong>Wie w\u00e4hlt man die richtige Amperest\u00e4rke?<\/strong>  <\/strong>Achten Sie auf die Wattleistung Ihrer Elektroger\u00e4te! Denken Sie daran, Ihre elektrisches Verl\u00e4ngerungskabel (mind. 25m) und Ihren CEE Stecker mitzunehmen.<\/p>\n\n\n\n<figure class=\"wp-block-table\"><table><tbody><tr><td>Ampere<\/td><td>2 A<\/td><td>3 A<\/td><td>4 A<\/td><td>5 A<\/td><td>6 A<\/td><td>8 A<\/td><td>10 A<\/td><\/tr><tr><td>Watt<\/td><td>440 W<\/td><td>660 W<\/td><td>880 W<\/td><td>1100 W<\/td><td>1320 W<\/td><td>1760 W<\/td><td>2200 W<\/td><\/tr><\/tbody><\/table><\/figure>\n\n\n\n<div class=\"wp-container-69dce7e982891 wp-block-buttons\">\n<div class=\"wp-block-button is-style-fill\"><a class=\"wp-block-button__link\" href=\"https:\/\/campingbellehutte.com\/de\/faq\/\">Haben Sie noch Fragen?  <br>Z\u00f6gern Sie nicht, unsere speziellen FAQs zu lesen.<\/a><\/div>\n<\/div>\n\n\n\n<p>F\u00fcr mehr Komfort bieten wir auch <strong>\n  <a href=\"https:\/\/campingbellehutte.com\/de\/chalets\/\" data-type=\"URL\" data-id=\"https:\/\/campingbellehutte.com\/location-chalet-vosges\/\">der Chalets<\/a>\n<\/strong> und <strong>\n  <a href=\"https:\/\/campingbellehutte.com\/de\/ungewoehnliches\/\" data-type=\"URL\" data-id=\"https:\/\/campingbellehutte.com\/location-insolites-vosges\/\">ungew\u00f6hnliche Unterk\u00fcnfte <\/a>\n<\/strong>durchgehend ge\u00f6ffnet vom <strong>16. Dezember bis zum 30. September<\/strong>.<\/p>\n<\/div>\n\n\n\n<div class=\"wp-block-column\">\n<figure class=\"wp-block-gallery has-nested-images columns-default is-cropped\">\n<figure class=\"wp-block-image size-large\"><img loading=\"lazy\" width=\"1024\" height=\"768\" src=\"https:\/\/campingbellehutte.com\/wp-content\/uploads\/2022\/07\/DSC03737-1024x768-2.jpg\" alt=\"\" class=\"wp-image-829\" srcset=\"https:\/\/campingbellehutte.com\/wp-content\/uploads\/2022\/07\/DSC03737-1024x768-2.jpg 1024w, https:\/\/campingbellehutte.com\/wp-content\/uploads\/2022\/07\/DSC03737-1024x768-2-300x225.jpg 300w, https:\/\/campingbellehutte.com\/wp-content\/uploads\/2022\/07\/DSC03737-1024x768-2-768x576.jpg 768w\" sizes=\"(max-width: 1024px) 100vw, 1024px\" \/><\/figure>\n\n\n\n<figure class=\"wp-block-image size-large\"><img loading=\"lazy\" width=\"1024\" height=\"768\" src=\"https:\/\/campingbellehutte.com\/wp-content\/uploads\/2022\/07\/DSC03395-1024x768-2.jpg\" alt=\"\" class=\"wp-image-824\" srcset=\"https:\/\/campingbellehutte.com\/wp-content\/uploads\/2022\/07\/DSC03395-1024x768-2.jpg 1024w, https:\/\/campingbellehutte.com\/wp-content\/uploads\/2022\/07\/DSC03395-1024x768-2-300x225.jpg 300w, https:\/\/campingbellehutte.com\/wp-content\/uploads\/2022\/07\/DSC03395-1024x768-2-768x576.jpg 768w\" sizes=\"(max-width: 1024px) 100vw, 1024px\" \/><\/figure>\n<\/figure>\n<\/div>\n<\/div>\n<\/div><\/div>\n\n\n\n<div class=\"wp-container-69dce7e983715 wp-block-group y-20-a\"><div class=\"wp-block-group__inner-container\">\n<div class=\"wp-block-cover alignwide is-light y-20-a\"><span aria-hidden=\"true\" class=\"has-black-background-color has-background-dim-0 wp-block-cover__gradient-background has-background-dim\"><\/span><img loading=\"lazy\" width=\"1024\" height=\"769\" class=\"wp-block-cover__image-background wp-image-2319\" alt=\"\" src=\"https:\/\/campingbellehutte.com\/wp-content\/uploads\/2022\/08\/8-Toboggans-1024x769-1.jpg\" style=\"object-position:52% 48%\" data-object-fit=\"cover\" data-object-position=\"52% 48%\" srcset=\"https:\/\/campingbellehutte.com\/wp-content\/uploads\/2022\/08\/8-Toboggans-1024x769-1.jpg 1024w, https:\/\/campingbellehutte.com\/wp-content\/uploads\/2022\/08\/8-Toboggans-1024x769-1-300x225.jpg 300w, https:\/\/campingbellehutte.com\/wp-content\/uploads\/2022\/08\/8-Toboggans-1024x769-1-768x577.jpg 768w\" sizes=\"(max-width: 1024px) 100vw, 1024px\" \/><div class=\"wp-block-cover__inner-container\">\n<div class=\"wp-container-69dce7e9833d8 wp-block-group has-white-background-color has-background\"><div class=\"wp-block-group__inner-container\">\n<h2 id=\"au-camping-de-belle-hutte-a-la-belle-saison\">Auf dem Campingplatz Belle Hutte in der sch\u00f6nen Jahreszeit :  <\/h2>\n\n\n\n<p>Verbringen Sie angenehme Momente in unserem <strong>beheizten Wasserpark (Mitte Juni bis Mitte September): <\/strong> ein gro\u00dfes Becken zum Schwimmen (18 m x 10 m), ein Planschbecken mit Minirutsche f\u00fcr die Kleinen und ein Becken mit Rutschen f\u00fcr die ganze Familie.<\/p>\n\n\n\n<p>Auf dem Campingplatz: Leseraum, Indoor-Tischtennis, Tischfu\u00dfball, Flipperautomaten, Fitpark. Outdoor-Tischtennis, Kinderspielpl\u00e4tze mit Trampolinen (Mai bis September) und H\u00fcpfburgen (Juli-August)&#8230;<\/p>\n\n\n\n<div class=\"wp-container-69dce7e9830c2 wp-block-buttons\">\n<div class=\"wp-block-button\"><a class=\"wp-block-button__link\" href=\"https:\/\/campingbellehutte.com\/de\/mediengalerie\/\">Siehe unsere Fotogalerie<\/a><\/div>\n\n\n\n<div class=\"wp-block-button is-style-fill\"><a class=\"wp-block-button__link\" href=\"https:\/\/campingbellehutte.com\/de\/umgebung\/\">Was kann man in der Umgebung unternehmen?<\/a><\/div>\n<\/div>\n<\/div><\/div>\n<\/div><\/div>\n<\/div><\/div>\n\n\n\n<div class=\"wp-container-69dce7e983f08 wp-block-group y-10-c\"><div class=\"wp-block-group__inner-container\">\n<div class=\"wp-block-columns\">\n<div class=\"wp-block-column\">\n<figure class=\"wp-block-gallery has-nested-images columns-default is-cropped\">\n<figure class=\"wp-block-image size-large\"><img loading=\"lazy\" width=\"2560\" height=\"1920\" src=\"https:\/\/campingbellehutte.com\/wp-content\/uploads\/2022\/07\/DSC02557-scaled.jpg\" alt=\"\" class=\"wp-image-608\" srcset=\"https:\/\/campingbellehutte.com\/wp-content\/uploads\/2022\/07\/DSC02557-scaled.jpg 2560w, https:\/\/campingbellehutte.com\/wp-content\/uploads\/2022\/07\/DSC02557-300x225.jpg 300w, https:\/\/campingbellehutte.com\/wp-content\/uploads\/2022\/07\/DSC02557-1024x768.jpg 1024w, https:\/\/campingbellehutte.com\/wp-content\/uploads\/2022\/07\/DSC02557-768x576.jpg 768w, https:\/\/campingbellehutte.com\/wp-content\/uploads\/2022\/07\/DSC02557-1536x1152.jpg 1536w, https:\/\/campingbellehutte.com\/wp-content\/uploads\/2022\/07\/DSC02557-2048x1536.jpg 2048w\" sizes=\"(max-width: 2560px) 100vw, 2560px\" \/><\/figure>\n\n\n\n<figure class=\"wp-block-image size-large\"><img loading=\"lazy\" width=\"1024\" height=\"768\" src=\"https:\/\/campingbellehutte.com\/wp-content\/uploads\/2022\/07\/DSC02983-1024x768-1.jpg\" alt=\"\" class=\"wp-image-804\" srcset=\"https:\/\/campingbellehutte.com\/wp-content\/uploads\/2022\/07\/DSC02983-1024x768-1.jpg 1024w, https:\/\/campingbellehutte.com\/wp-content\/uploads\/2022\/07\/DSC02983-1024x768-1-300x225.jpg 300w, https:\/\/campingbellehutte.com\/wp-content\/uploads\/2022\/07\/DSC02983-1024x768-1-768x576.jpg 768w\" sizes=\"(max-width: 1024px) 100vw, 1024px\" \/><\/figure>\n<\/figure>\n<\/div>\n\n\n\n<div class=\"wp-block-column\">\n<h2 class=\"has-text-align-left h3\" id=\"des-activites-et-loisirs-varies-1\"><em>Zum Entdecken ,<\/em><br>W\u00e4hrend Ihres Aufenthalts in den Hochvogesen<\/h2>\n\n\n\n<p>Vom Campingplatz aus k\u00f6nnen Sie <strong>zu Fu\u00df oder mit dem Mountainbike<\/strong> die tausend Sch\u00e4tze der Berge entdecken:<\/p>\n\n\n\n<p>Staunen Sie \u00fcber die T\u00e4ler der Vogesen und des Elsass, den Schwarzwald und die Alpen von den <strong>Gipfeln und P\u00e4ssen des Vogesenmassivs<\/strong> aus: Begeben Sie sich in luftige H\u00f6hen, entdecken Sie das Wandern mit Begleitung oder in v\u00f6lliger Freiheit, um die Ballons der Vogesen zu bewundern, G\u00e4msen zu sehen&#8230;<\/p>\n\n\n\n<p><strong>In 500m Entfernung<\/strong> k\u00f6nnen Sie <strong>den Schlitte Mountain 4-Jahreszeiten-Schienenschlitten ausprobieren<\/strong>; der Sessellift Vologne Express bringt Sie auf die Hochstaudenfluren und La Route des Cr\u00eates, wo mehrere markierte Wanderwege und Mountainbike-Abfahrten beginnen.<\/p>\n\n\n\n<div class=\"wp-container-69dce7e983bdb wp-block-buttons\">\n<div class=\"wp-block-button aligncenter is-style-fill btn_resa\"><a class=\"wp-block-button__link\">Meinen Aufenthalt buchen<\/a><\/div>\n\n\n\n<div class=\"wp-block-button aligncenter is-style-fill\"><a class=\"wp-block-button__link\" href=\"https:\/\/campingbellehutte.com\/de\/aktivitaeten\/\">Alle Aktivit\u00e4ten<\/a><\/div>\n<\/div>\n<\/div>\n<\/div>\n<\/div><\/div>\n","protected":false},"excerpt":{"rendered":"<p>In der N\u00e4he von G\u00e9rardmer, in den Bergen, genie\u00dfen Sie die Aktivit\u00e4ten und die au\u00dfergew\u00f6hnlichen Panoramen der Vogesen! F\u00fcr Ihren Urlaub im Herzen der Berge begr\u00fc\u00dfen wir Sie auf unserem 4-Sterne-Campingplatz in den Vogesen. F\u00fcr Ihr Zelt, Ihren Wohnwagen oder Ihr Wohnmobil w\u00e4hlen Sie den Camping-Stellplatz, der zu Ihnen passt: ger\u00e4umig, abgegrenzt und sonnig. Neu [&hellip;]<\/p>\n","protected":false},"author":1,"featured_media":0,"parent":0,"menu_order":0,"comment_status":"closed","ping_status":"closed","template":"","meta":[],"acf":[],"_links":{"self":[{"href":"https:\/\/campingbellehutte.com\/de\/wp-json\/wp\/v2\/pages\/4509"}],"collection":[{"href":"https:\/\/campingbellehutte.com\/de\/wp-json\/wp\/v2\/pages"}],"about":[{"href":"https:\/\/campingbellehutte.com\/de\/wp-json\/wp\/v2\/types\/page"}],"author":[{"embeddable":true,"href":"https:\/\/campingbellehutte.com\/de\/wp-json\/wp\/v2\/users\/1"}],"replies":[{"embeddable":true,"href":"https:\/\/campingbellehutte.com\/de\/wp-json\/wp\/v2\/comments?post=4509"}],"version-history":[{"count":6,"href":"https:\/\/campingbellehutte.com\/de\/wp-json\/wp\/v2\/pages\/4509\/revisions"}],"predecessor-version":[{"id":9360,"href":"https:\/\/campingbellehutte.com\/de\/wp-json\/wp\/v2\/pages\/4509\/revisions\/9360"}],"wp:attachment":[{"href":"https:\/\/campingbellehutte.com\/de\/wp-json\/wp\/v2\/media?parent=4509"}],"curies":[{"name":"wp","href":"https:\/\/api.w.org\/{rel}","templated":true}]}}