{"id":4493,"date":"2022-11-03T15:24:02","date_gmt":"2022-11-03T14:24:02","guid":{"rendered":"https:\/\/campingbellehutte.com\/aktivitaeten\/"},"modified":"2024-09-19T11:43:31","modified_gmt":"2024-09-19T09:43:31","slug":"aktivitaeten","status":"publish","type":"page","link":"https:\/\/campingbellehutte.com\/de\/aktivitaeten\/","title":{"rendered":"Aktivit\u00e4ten"},"content":{"rendered":"\n<div class=\"wp-block-cover is-light y-00-a\"><span aria-hidden=\"true\" class=\"has-black-background-color has-background-dim-20 wp-block-cover__gradient-background has-background-dim\"><\/span><img loading=\"lazy\" width=\"2560\" height=\"1714\" class=\"wp-block-cover__image-background wp-image-3084\" alt=\"\" src=\"https:\/\/campingbellehutte.com\/wp-content\/uploads\/2022\/09\/IMGP0221-scaled.jpg\" style=\"object-position:56% 81%\" data-object-fit=\"cover\" data-object-position=\"56% 81%\" srcset=\"https:\/\/campingbellehutte.com\/wp-content\/uploads\/2022\/09\/IMGP0221-scaled.jpg 2560w, https:\/\/campingbellehutte.com\/wp-content\/uploads\/2022\/09\/IMGP0221-300x201.jpg 300w, https:\/\/campingbellehutte.com\/wp-content\/uploads\/2022\/09\/IMGP0221-1024x685.jpg 1024w, https:\/\/campingbellehutte.com\/wp-content\/uploads\/2022\/09\/IMGP0221-768x514.jpg 768w, https:\/\/campingbellehutte.com\/wp-content\/uploads\/2022\/09\/IMGP0221-1536x1028.jpg 1536w, https:\/\/campingbellehutte.com\/wp-content\/uploads\/2022\/09\/IMGP0221-2048x1371.jpg 2048w\" sizes=\"(max-width: 2560px) 100vw, 2560px\" \/><div class=\"wp-block-cover__inner-container\">\n<h1 class=\"has-text-align-center has-tertiary-color has-text-color\" id=\"camping-de-belle-hutte-la-bressepoint-de-depart-de-toutes-les-decouvertes\">Campingplatz de Belle Hutte La Bresse<br><em>Ausgangspunkt aller Entdeckungen!<\/em><\/h1>\n<\/div><\/div>\n\n\n\n<div class=\"wp-container-69d5ab662051d wp-block-group barre-resa\"><div class=\"wp-block-group__inner-container\"><ctv-searchbar><\/ctv-searchbar>\n<\/div><\/div>\n\n\n\n<div class=\"wp-container-69d5ab6620d45 wp-block-group y-10-a\"><div class=\"wp-block-group__inner-container\">\n<div class=\"wp-block-columns\">\n<div class=\"wp-block-column\">\n<figure class=\"wp-block-gallery aligncenter has-nested-images columns-default is-cropped\">\n<figure class=\"wp-block-image size-large\"><img loading=\"lazy\" width=\"813\" height=\"1024\" src=\"https:\/\/campingbellehutte.com\/wp-content\/uploads\/2022\/12\/10.-activites-813x1024.webp\" alt=\"\" class=\"wp-image-5449\" srcset=\"https:\/\/campingbellehutte.com\/wp-content\/uploads\/2022\/12\/10.-activites-813x1024.webp 813w, https:\/\/campingbellehutte.com\/wp-content\/uploads\/2022\/12\/10.-activites-238x300.webp 238w, https:\/\/campingbellehutte.com\/wp-content\/uploads\/2022\/12\/10.-activites-768x968.webp 768w, https:\/\/campingbellehutte.com\/wp-content\/uploads\/2022\/12\/10.-activites.webp 1024w\" sizes=\"(max-width: 813px) 100vw, 813px\" \/><\/figure>\n\n\n\n<figure class=\"wp-block-image size-large\"><img loading=\"lazy\" width=\"746\" height=\"1024\" src=\"https:\/\/campingbellehutte.com\/wp-content\/uploads\/2022\/12\/11.-activites-746x1024.webp\" alt=\"\" class=\"wp-image-5445\" srcset=\"https:\/\/campingbellehutte.com\/wp-content\/uploads\/2022\/12\/11.-activites-746x1024.webp 746w, https:\/\/campingbellehutte.com\/wp-content\/uploads\/2022\/12\/11.-activites-219x300.webp 219w, https:\/\/campingbellehutte.com\/wp-content\/uploads\/2022\/12\/11.-activites-768x1054.webp 768w, https:\/\/campingbellehutte.com\/wp-content\/uploads\/2022\/12\/11.-activites.webp 1024w\" sizes=\"(max-width: 746px) 100vw, 746px\" \/><\/figure>\n<\/figure>\n<\/div>\n\n\n\n<div class=\"wp-block-column\">\n<h2 class=\"h3\" id=\"que-faire-en-vacances-au-camping-de-belle-hutte\">Was kann man im Urlaub auf dem Campingplatz Belle-Hutte unternehmen?<\/h2>\n\n\n\n<p>Nachdem Sie Ihren Stellplatz gew\u00e4hlt oder sich in Ihrem Chalet oder Ihrer ungew\u00f6hnlichen Unterkunft in den Vogesen eingerichtet haben, <strong>profitieren Sie von all unseren Dienstleistungen, um sich mit der Familie zu am\u00fcsieren<\/strong>.<\/p>\n\n\n\n<p>W\u00e4hrend des Sommers sorgen der <strong>Wasserpark<\/strong> (Mitte Juni bis Mitte September), <strong>die H\u00fcpfburgen<\/strong> (Juli und August), <strong>Trampoline und Tischtennisplatten<\/strong> (Mai bis September) f\u00fcr Spa\u00df bei Gro\u00df und Klein.<\/p>\n\n\n\n<p>W\u00e4hrend des Winters k\u00f6nnen Sie alle <strong>Gleitsportarten ausprobieren<\/strong>, einen Schneemann oder ein Iglu bauen&#8230;<br>Nutzen Sie auch den<strong> Fitpark<\/strong>, w\u00e4hrend Sie Ihre Kleinen in der N\u00e4he des Spielplatzes beaufsichtigen, und das Spielzimmer mit Tischtennisplatten, Tischfu\u00dfball und Flipperautomaten sowie den Lese-\/Entspannungsraum.<\/p>\n\n\n\n<div class=\"wp-container-69d5ab6620a34 wp-block-buttons\">\n<div class=\"wp-block-button is-style-fillc\"><a class=\"wp-block-button__link\" href=\"https:\/\/campingbellehutte.com\/de\/umgebung\/\">Was kann man in der Umgebung des Campingplatzes unternehmen?<\/a><\/div>\n\n\n\n<div class=\"wp-block-button is-style-fillc\"><a class=\"wp-block-button__link\" href=\"https:\/\/campingbellehutte.com\/de\/mediengalerie\/\">Siehe unsere Fotogalerie<\/a><\/div>\n<\/div>\n<\/div>\n<\/div>\n<\/div><\/div>\n\n\n\n<div class=\"wp-container-69d5ab662153a wp-block-group y-10-b\"><div class=\"wp-block-group__inner-container\">\n<div class=\"wp-block-columns\">\n<div class=\"wp-block-column\">\n<h2 class=\"h3\" id=\"pour-vos-vacances-martine-et-regis-vous-accueillent\">Sehenswertes \/ Aktivit\u00e4ten in der Umgebung :  <br><em>die wichtigsten Sehensw\u00fcrdigkeiten f\u00fcr Ihren Urlaub in La Bresse<\/em><\/h2>\n\n\n\n<p>F\u00fcr diejenigen, die den Nervenkitzel suchen: Versuchen Sie <strong>Biathlon<\/strong> am Schie\u00dfstand, fliegen Sie mit dem <strong>Gleitschirm<\/strong> \u00fcber die Gipfel, sausen Sie die Pisten des <strong>Bike-Parks <\/strong>La Bresse hinunter, probieren Sie <strong>Klettern an nat\u00fcrlichen Standorten<\/strong>, Via Ferrata, Sommerrodelbahn oder Abenteuerparks aus.<\/p>\n\n\n\n<p>F\u00fcr Liebhaber von Gleitsportarten: <strong>Alpinski, Skitouren, Langlauf, Schneeschuhwanderungen. <\/strong>.. entlang der markierten Wege oder mit einem Bergf\u00fchrer.<\/p>\n\n\n\n<div class=\"wp-block-group lire-plus-pc\"><div class=\"wp-block-group__inner-container\">\n<p>Lesen Sie mehr<\/p>\n\n\n\n<div class=\"wp-container-69d5ab662115d wp-block-group\"><div class=\"wp-block-group__inner-container\">\n<p>Verbringen Sie mit Ihrer Familie sch\u00f6ne Stunden in den <strong>Freizeitparks <\/strong>der Hautes Vosges (Bol d&#8217;Air, Wiidoo Gliss, La Ferme Aventures&#8230;) oder in den <strong>Tierparks<\/strong> (NaturOparc, Montagne des Singes, Zoo de Mulhouse&#8230;) und Bauernh\u00f6fen (K\u00fche, Ziegen, Rentiere, Lamas und Alpakas&#8230; ) in der Umgebung.<\/p>\n\n\n\n<p>Naturliebhaber werden begeistert sein von<strong>  Landschaften<\/strong>Beobachtung  <strong>K\u00fche aus den Vogesen<\/strong>  und  <strong>G\u00e4msen  <\/strong>auf der Route des Cr\u00eates und die Entdeckung des H\u00f6hengartens von Haut Chitelet, nicht zu vergessen  <strong>die Torfmoore<\/strong>  (Lispach) und die zahlreichen hochgelegenen Seen (Lac Blanc, Lac de G\u00e9rardmer, Lac des Corbeaux&#8230;) und<strong>  ihre Wasserf\u00e4lle<\/strong>  (Charlemagne, La M\u00e9relle, Tendon, le Saut du Bouchot&#8230;). Sie werden eine reiche und vielf\u00e4ltige <strong>Flora<\/strong> (Enzian, Arnika, Fingerhut, Drosera&#8230;) und Fauna (Hirsche, G\u00e4msen, F\u00fcchse, Luchse) entdecken.<\/p>\n\n\n\n<p>F\u00fcr Feinschmecker: <strong>Mahlzeiten in Gasth\u00f6fen<\/strong>, <strong>Verkostung regionaler Produkte, Besuche von Bauernh\u00f6fen, Ziegenhof, Herstellung von M\u00fcnsterk\u00e4se und Bargkass, Herstellung von Bonbons in der Confiserie des Hautes Vosges (CDHV), Obstweine, Schnaps, Tannenhonig, Mirabellen aus Lothringen, Heidelbeerspezialit\u00e4ten&#8230;.<\/strong><\/p>\n<\/div><\/div>\n<\/div><\/div>\n<\/div>\n\n\n\n<div class=\"wp-block-column\">\n<figure class=\"wp-block-gallery aligncenter has-nested-images columns-default is-cropped\">\n<figure class=\"wp-block-image size-large\"><img loading=\"lazy\" width=\"747\" height=\"1024\" src=\"https:\/\/campingbellehutte.com\/wp-content\/uploads\/2022\/12\/12.-activites-747x1024.webp\" alt=\"\" class=\"wp-image-5466\" srcset=\"https:\/\/campingbellehutte.com\/wp-content\/uploads\/2022\/12\/12.-activites-747x1024.webp 747w, https:\/\/campingbellehutte.com\/wp-content\/uploads\/2022\/12\/12.-activites-219x300.webp 219w, https:\/\/campingbellehutte.com\/wp-content\/uploads\/2022\/12\/12.-activites-768x1052.webp 768w, https:\/\/campingbellehutte.com\/wp-content\/uploads\/2022\/12\/12.-activites.webp 1024w\" sizes=\"(max-width: 747px) 100vw, 747px\" \/><\/figure>\n\n\n\n<figure class=\"wp-block-image size-large\"><img loading=\"lazy\" width=\"768\" height=\"1024\" src=\"https:\/\/campingbellehutte.com\/wp-content\/uploads\/2022\/12\/15.-activites-768x1024.webp\" alt=\"\" class=\"wp-image-5462\" srcset=\"https:\/\/campingbellehutte.com\/wp-content\/uploads\/2022\/12\/15.-activites-768x1024.webp 768w, https:\/\/campingbellehutte.com\/wp-content\/uploads\/2022\/12\/15.-activites-225x300.webp 225w, https:\/\/campingbellehutte.com\/wp-content\/uploads\/2022\/12\/15.-activites.webp 1024w\" sizes=\"(max-width: 768px) 100vw, 768px\" \/><\/figure>\n<\/figure>\n<\/div>\n<\/div>\n<\/div><\/div>\n\n\n\n<div class=\"wp-container-69d5ab66218a1 wp-block-group alignfull y-30-a\"><div class=\"wp-block-group__inner-container\">\n<h2 class=\"has-text-align-center h3\" id=\"decouvrez-les-evenements-de-la-region\">Entdecken Sie die Veranstaltungen in der Region<\/h2>\n\n\n\n\r\n    <div class=\"agenda_intro\">\r\n    <span class=\"agenda_dateselect\"><input type=\"text\" id=\"basicDate\" placeholder=\"Please select Date Time\" data-input><\/span>\r\n    <\/div>\r\n    <div class=\"agenda\">\r\n    <\/div>\r\n    \n<\/div><\/div>\n\n\n\n<div class=\"wp-container-69d5ab6622007 wp-block-group y-10-c\"><div class=\"wp-block-group__inner-container\">\n<div class=\"wp-block-columns\">\n<div class=\"wp-block-column\">\n<figure class=\"wp-block-gallery has-nested-images columns-default is-cropped\">\n<figure class=\"wp-block-image size-large\"><img loading=\"lazy\" width=\"757\" height=\"1024\" src=\"https:\/\/campingbellehutte.com\/wp-content\/uploads\/2022\/12\/13.-activites-757x1024.webp\" alt=\"\" class=\"wp-image-5454\" srcset=\"https:\/\/campingbellehutte.com\/wp-content\/uploads\/2022\/12\/13.-activites-757x1024.webp 757w, https:\/\/campingbellehutte.com\/wp-content\/uploads\/2022\/12\/13.-activites-222x300.webp 222w, https:\/\/campingbellehutte.com\/wp-content\/uploads\/2022\/12\/13.-activites-768x1039.webp 768w, https:\/\/campingbellehutte.com\/wp-content\/uploads\/2022\/12\/13.-activites.webp 1024w\" sizes=\"(max-width: 757px) 100vw, 757px\" \/><\/figure>\n\n\n\n<figure class=\"wp-block-image size-large\"><img loading=\"lazy\" width=\"735\" height=\"1024\" src=\"https:\/\/campingbellehutte.com\/wp-content\/uploads\/2022\/12\/14.-activites-735x1024.webp\" alt=\"\" class=\"wp-image-5458\" srcset=\"https:\/\/campingbellehutte.com\/wp-content\/uploads\/2022\/12\/14.-activites-735x1024.webp 735w, https:\/\/campingbellehutte.com\/wp-content\/uploads\/2022\/12\/14.-activites-215x300.webp 215w, https:\/\/campingbellehutte.com\/wp-content\/uploads\/2022\/12\/14.-activites-768x1070.webp 768w, https:\/\/campingbellehutte.com\/wp-content\/uploads\/2022\/12\/14.-activites.webp 1024w\" sizes=\"(max-width: 735px) 100vw, 735px\" \/><\/figure>\n<\/figure>\n<\/div>\n\n\n\n<div class=\"wp-block-column\">\n<h2 class=\"h3\" id=\"des-activites-et-loisirs-varies-1\">Die Vogesen und das Elsass :  <br><em>Kultur, Traditionen und Terroir<\/em><\/h2>\n\n\n\n<p>Besuchen Sie die Hautes Mynes der Herz\u00f6ge von Lothringen,<strong> die Imagerie d&#8217;Epinal<\/strong>,<strong> das Mus\u00e9e des Mille et Une Racines, das Geologiezentrum Terrae Genesis oder La Scierie du Lan\u00e7oir, eine der letzten noch funktionierenden hydraulischen Hoch\u00f6fen <\/strong>&#8230;  nicht zu vergessen die els\u00e4ssischen Burgen und Schl\u00f6sser (Haut Koenigsbourg, Hohlandsbourg&#8230;), die Els\u00e4ssische Weinstra\u00dfe, die St\u00f6rche, das Textilmuseum von Wesserling, die typischen D\u00f6rfer mit ihren Fachwerkh\u00e4usern (Riquewihr, Ribeauvill\u00e9), die Erinnerung an die Kriege 14-18 und 39-45 (M\u00e9morial du Linge, Hartmannswillerkopf, das Lager Natzweiler-Struthof&#8230;) oder die traditionellen Weihnachtsm\u00e4rkte (Plombi\u00e8res, Colmar, Kaysersberg&#8230;).<\/p>\n\n\n\n<p>Noch mehr Informationen und Ideen finden Sie auf den Websites der Fremdenverkehrs\u00e4mter von La Bresse, und G\u00e9rardmer sowie des Vogesenmassivs.  <\/p>\n\n\n\n<div class=\"wp-container-69d5ab6621d15 wp-block-buttons\">\n<div class=\"wp-block-button\"><a class=\"wp-block-button__link\" href=\"https:\/\/campingbellehutte.com\/de\/werte\/\">Unsere Partner<\/a><\/div>\n<\/div>\n<\/div>\n<\/div>\n<\/div><\/div>\n","protected":false},"excerpt":{"rendered":"<p>Was kann man im Urlaub auf dem Campingplatz Belle-Hutte unternehmen? Nachdem Sie Ihren Stellplatz gew\u00e4hlt oder sich in Ihrem Chalet oder Ihrer ungew\u00f6hnlichen Unterkunft in den Vogesen eingerichtet haben, profitieren Sie von all unseren Dienstleistungen, um sich mit der Familie zu am\u00fcsieren. W\u00e4hrend des Sommers sorgen der Wasserpark (Mitte Juni bis Mitte September), die H\u00fcpfburgen [&hellip;]<\/p>\n","protected":false},"author":1,"featured_media":0,"parent":0,"menu_order":0,"comment_status":"closed","ping_status":"closed","template":"","meta":[],"acf":[],"_links":{"self":[{"href":"https:\/\/campingbellehutte.com\/de\/wp-json\/wp\/v2\/pages\/4493"}],"collection":[{"href":"https:\/\/campingbellehutte.com\/de\/wp-json\/wp\/v2\/pages"}],"about":[{"href":"https:\/\/campingbellehutte.com\/de\/wp-json\/wp\/v2\/types\/page"}],"author":[{"embeddable":true,"href":"https:\/\/campingbellehutte.com\/de\/wp-json\/wp\/v2\/users\/1"}],"replies":[{"embeddable":true,"href":"https:\/\/campingbellehutte.com\/de\/wp-json\/wp\/v2\/comments?post=4493"}],"version-history":[{"count":6,"href":"https:\/\/campingbellehutte.com\/de\/wp-json\/wp\/v2\/pages\/4493\/revisions"}],"predecessor-version":[{"id":8131,"href":"https:\/\/campingbellehutte.com\/de\/wp-json\/wp\/v2\/pages\/4493\/revisions\/8131"}],"wp:attachment":[{"href":"https:\/\/campingbellehutte.com\/de\/wp-json\/wp\/v2\/media?parent=4493"}],"curies":[{"name":"wp","href":"https:\/\/api.w.org\/{rel}","templated":true}]}}