{"id":4481,"date":"2022-11-03T15:22:29","date_gmt":"2022-11-03T14:22:29","guid":{"rendered":"https:\/\/campingbellehutte.com\/startseite\/"},"modified":"2026-04-15T12:48:16","modified_gmt":"2026-04-15T10:48:16","slug":"startseite","status":"publish","type":"page","link":"https:\/\/campingbellehutte.com\/de\/","title":{"rendered":"Startseite"},"content":{"rendered":"\n<div class=\"wp-block-cover y-00-a\"><span aria-hidden=\"true\" class=\"has-black-background-color has-background-dim-20 wp-block-cover__gradient-background has-background-dim\"><\/span><img loading=\"lazy\" width=\"2560\" height=\"1714\" class=\"wp-block-cover__image-background wp-image-691\" alt=\"\" src=\"https:\/\/campingbellehutte.com\/wp-content\/uploads\/2022\/07\/IMGP0254-scaled.jpg\" data-object-fit=\"cover\" srcset=\"https:\/\/campingbellehutte.com\/wp-content\/uploads\/2022\/07\/IMGP0254-scaled.jpg 2560w, https:\/\/campingbellehutte.com\/wp-content\/uploads\/2022\/07\/IMGP0254-300x201.jpg 300w, https:\/\/campingbellehutte.com\/wp-content\/uploads\/2022\/07\/IMGP0254-1024x685.jpg 1024w, https:\/\/campingbellehutte.com\/wp-content\/uploads\/2022\/07\/IMGP0254-768x514.jpg 768w, https:\/\/campingbellehutte.com\/wp-content\/uploads\/2022\/07\/IMGP0254-1536x1028.jpg 1536w, https:\/\/campingbellehutte.com\/wp-content\/uploads\/2022\/07\/IMGP0254-2048x1371.jpg 2048w\" sizes=\"(max-width: 2560px) 100vw, 2560px\" \/><div class=\"wp-block-cover__inner-container\">\n<h1 class=\"has-text-align-center\" id=\"destination-hautes-vosges-bienvenue-a-belle-hutte\"><em>Reiseziel La Bresse Vosges<\/em>,<br>Willkommen in Belle Hutte<\/h1>\n<\/div><\/div>\n\n\n\n<div class=\"wp-container-69e823397253b wp-block-group barre-resa\"><div class=\"wp-block-group__inner-container\"><ctv-searchbar><\/ctv-searchbar>\n<\/div><\/div>\n\n\n\n<div class=\"wp-container-69e823397317f wp-block-group y-10-a\"><div class=\"wp-block-group__inner-container\">\n<div class=\"wp-block-columns\">\n<div class=\"wp-block-column\">\n<figure class=\"wp-block-gallery aligncenter has-nested-images columns-default is-cropped\">\n<figure class=\"wp-block-image size-large\"><img loading=\"lazy\" width=\"1024\" height=\"576\" src=\"https:\/\/campingbellehutte.com\/wp-content\/uploads\/2022\/07\/20171203_113436-1024x576.jpg\" alt=\"\" class=\"wp-image-578\" srcset=\"https:\/\/campingbellehutte.com\/wp-content\/uploads\/2022\/07\/20171203_113436-1024x576.jpg 1024w, https:\/\/campingbellehutte.com\/wp-content\/uploads\/2022\/07\/20171203_113436-300x169.jpg 300w, https:\/\/campingbellehutte.com\/wp-content\/uploads\/2022\/07\/20171203_113436-768x432.jpg 768w, https:\/\/campingbellehutte.com\/wp-content\/uploads\/2022\/07\/20171203_113436-1536x864.jpg 1536w, https:\/\/campingbellehutte.com\/wp-content\/uploads\/2022\/07\/20171203_113436-2048x1152.jpg 2048w\" sizes=\"(max-width: 1024px) 100vw, 1024px\" \/><\/figure>\n\n\n\n<figure class=\"wp-block-image size-large\"><img loading=\"lazy\" width=\"1024\" height=\"768\" src=\"https:\/\/campingbellehutte.com\/wp-content\/uploads\/2022\/07\/DSC01155-1024x768.jpg\" alt=\"\" class=\"wp-image-568\" srcset=\"https:\/\/campingbellehutte.com\/wp-content\/uploads\/2022\/07\/DSC01155-1024x768.jpg 1024w, https:\/\/campingbellehutte.com\/wp-content\/uploads\/2022\/07\/DSC01155-300x225.jpg 300w, https:\/\/campingbellehutte.com\/wp-content\/uploads\/2022\/07\/DSC01155-768x576.jpg 768w, https:\/\/campingbellehutte.com\/wp-content\/uploads\/2022\/07\/DSC01155-1536x1152.jpg 1536w, https:\/\/campingbellehutte.com\/wp-content\/uploads\/2022\/07\/DSC01155-2048x1536.jpg 2048w\" sizes=\"(max-width: 1024px) 100vw, 1024px\" \/><\/figure>\n<\/figure>\n<\/div>\n\n\n\n<div class=\"wp-block-column\">\n<p class=\"h2\"><em><strong>Vermietung von Unterk\u00fcnften:<\/strong><\/em><br>Von 19\/12\/2025 bis 27\/09\/2026<br><em><strong>Campingpl\u00e4tze: <\/strong><\/em><br>Sommer: von 14\/05\/2026 bis 13\/09\/2026<\/p>\n\n\n\n<h2 class=\"h2-bis\" id=\"dans-le-plus-haut-camping-des-vosges-en-lorraine-a-900-m-d-altitude\"><em>Willkommen auf dem h\u00f6chsten Campingplatz der Vogesen.<\/em><\/h2>\n\n\n\n<p class=\"h2\">2027 <em><strong>Vermietung von Unterk\u00fcnften:<\/strong><\/em><br>Von 18\/12\/2026 bis 26\/09\/2027<br>2027 <em><strong>Campingpl\u00e4tze: <\/strong><\/em><br>Winter: von 25\/12\/2026 bis 03\/01\/2027 und von 05\/02\/2027 bis 07\/03\/2027<br>Sommer: von 06\/05\/2027 bis 12\/09\/2027<\/p>\n\n\n\n<p>Auf 900 m H\u00f6he ist der Campingplatz Belle Hutte La Bresse **** ein <strong>100% ruhiges und nat\u00fcrliches Reiseziel im Herzen der Berge der Vogesen<\/strong>: Erkunden Sie die au\u00dfergew\u00f6hnlichen <strong>Orte des Regionalen Naturparks Ballons des Vosges<\/strong> f\u00fcr einen unvergesslichen Urlaub im Wechsel der Jahreszeiten!<\/p>\n\n\n\n<div class=\"wp-block-group lire-plus-mobile\"><div class=\"wp-block-group__inner-container\">\n<p>Lesen Sie mehr<\/p>\n\n\n\n<div class=\"wp-container-69e8233972ab1 wp-block-group\"><div class=\"wp-block-group__inner-container\">\n<p><strong>Sommerferien in den Hochvogesen<\/strong>: vom Campingplatz aus markierte Wanderungen und Mountainbiketouren zu den zahlreichen hochgelegenen Seen, Aussichtspunkten&#8230; beheizter Wasserbereich (Mitte Juni bis Mitte September), Spielpl\u00e4tze, Snackbar&#8230;<\/p>\n\n\n\n<p><strong>Winterurlaub in den gr\u00f6\u00dften Skigebieten des Massivs, Wintersportvergn\u00fcgen<\/strong> f\u00fcr alle ab dem Campingplatz: Alpinski, Snowboard, Langlauf, Rodeln, Schneeschuhwanderungen&#8230;<\/p>\n<\/div><\/div>\n<\/div><\/div>\n\n\n\n<div class=\"wp-container-69e8233972e3b wp-block-buttons\">\n<div class=\"wp-block-button is-style-fillc btn_resa\"><a class=\"wp-block-button__link\">Meinen Aufenthalt buchen<\/a><\/div>\n<\/div>\n<\/div>\n<\/div>\n<\/div><\/div>\n\n\n\n<div class=\"wp-container-69e8233973e0e wp-block-group y-10-b\"><div class=\"wp-block-group__inner-container\">\n<div class=\"wp-block-columns\">\n<div class=\"wp-block-column\">\n<h2 class=\"h2\" id=\"pour-vos-vacances-martine-et-regis-vous-accueillent\">F\u00fcr Ihren Urlaub,<br><em>Reservieren Sie das ideale Chalet, die ungew\u00f6hnliche Unterkunft oder den idealen Campingplatz<\/em><\/h2>\n\n\n\n<p><strong>17 Chalets, 8 Zigeunerwagen, 4 Rundh\u00fctten und 101 Campingpl\u00e4tze, die \u00fcber 6 Hektar terrassenf\u00f6rmig angelegtes Gr\u00fcn am Ufer des Flusses Moselotte verstreut sind.<\/strong><\/p>\n\n\n\n<p>W\u00e4hrend Ihres Sommerurlaubs oder Ihres Winterurlaubs in den Bergen k\u00f6nnen Sie das Camping ohne Animation in einer geselligen Atmosph\u00e4re ausprobieren :<\/p>\n\n\n\n<p><strong>Nutzen Sie den beheizten Pool<\/strong> (von Mitte Juni bis Mitte September), entspannen Sie sich auf einem Liegestuhl am Wasser&#8230; Gro\u00df und Klein werden sich<strong> im Planschbecken, auf den Wasserrutschen<\/strong> k\u00f6stlich am\u00fcsieren.<\/p>\n\n\n\n<div class=\"wp-block-group lire-plus-mobile\"><div class=\"wp-block-group__inner-container\">\n<p>Lesen Sie mehr<\/p>\n\n\n\n<div class=\"wp-container-69e82339735f3 wp-block-group\"><div class=\"wp-block-group__inner-container\">\n<p>Spielen Sie ein <strong>Tischtennis-<\/strong> oder <strong>Boule-Turnier<\/strong> mit Familie oder Freunden, trainieren Sie auf den <strong>H\u00fcpfburgen<\/strong>, Trampolinen und im Fitpark oder entspannen Sie sich mit einem guten Buch in unserem Lesesaal.<\/p>\n\n\n\n<p>Entspannen Sie sich nach einer <strong>Schneeschuhwanderung<\/strong> oder einem Skikurs in Ihrem gem\u00fctlichen Nest, w\u00e4hrend Ihre Kinder noch eine letzte Schneeballschlacht machen oder ein Iglu bauen&#8230;<\/p>\n<\/div><\/div>\n<\/div><\/div>\n\n\n\n<p class=\"information\"><a href=\"https:\/\/campingbellehutte.com\/wp-content\/uploads\/2024\/07\/Map-Camping-Belle-Hutte-2025.pdf\" target=\"_blank\" rel=\"noopener\">Campingplatzplan<\/a><\/p>\n\n\n\n<div class=\"wp-container-69e82339739d6 wp-block-buttons\">\n<div class=\"wp-block-button is-style-fill\"><a class=\"wp-block-button__link\" href=\"https:\/\/campingbellehutte.com\/de\/camping-sommer\/\">Campingpl\u00e4tze<\/a><\/div>\n\n\n\n<div class=\"wp-block-button is-style-fill\"><a class=\"wp-block-button__link\" href=\"https:\/\/campingbellehutte.com\/de\/ungewoehnliches\/\">Ungew\u00f6hnliche Unterk\u00fcnfte<\/a><\/div>\n\n\n\n<div class=\"wp-block-button is-style-fill\"><a class=\"wp-block-button__link\" href=\"https:\/\/campingbellehutte.com\/de\/chalets\/\">Chalets<\/a><\/div>\n<\/div>\n<\/div>\n\n\n\n<div class=\"wp-block-column\">\n<figure class=\"wp-block-gallery aligncenter has-nested-images columns-default is-cropped\">\n<figure class=\"wp-block-image size-large\"><img loading=\"lazy\" width=\"838\" height=\"1024\" src=\"https:\/\/campingbellehutte.com\/wp-content\/uploads\/2022\/12\/1.-Home-838x1024.webp\" alt=\"\" class=\"wp-image-5400\" srcset=\"https:\/\/campingbellehutte.com\/wp-content\/uploads\/2022\/12\/1.-Home-838x1024.webp 838w, https:\/\/campingbellehutte.com\/wp-content\/uploads\/2022\/12\/1.-Home-245x300.webp 245w, https:\/\/campingbellehutte.com\/wp-content\/uploads\/2022\/12\/1.-Home-768x939.webp 768w, https:\/\/campingbellehutte.com\/wp-content\/uploads\/2022\/12\/1.-Home.webp 1024w\" sizes=\"(max-width: 838px) 100vw, 838px\" \/><\/figure>\n\n\n\n<figure class=\"wp-block-image size-large\"><img loading=\"lazy\" width=\"850\" height=\"1024\" src=\"https:\/\/campingbellehutte.com\/wp-content\/uploads\/2022\/12\/2.-Home-850x1024.webp\" alt=\"\" class=\"wp-image-5404\" srcset=\"https:\/\/campingbellehutte.com\/wp-content\/uploads\/2022\/12\/2.-Home-850x1024.webp 850w, https:\/\/campingbellehutte.com\/wp-content\/uploads\/2022\/12\/2.-Home-249x300.webp 249w, https:\/\/campingbellehutte.com\/wp-content\/uploads\/2022\/12\/2.-Home-768x925.webp 768w, https:\/\/campingbellehutte.com\/wp-content\/uploads\/2022\/12\/2.-Home.webp 1024w\" sizes=\"(max-width: 850px) 100vw, 850px\" \/><\/figure>\n<\/figure>\n<\/div>\n<\/div>\n<\/div><\/div>\n\n\n\n<div class=\"wp-container-69e82339748e3 wp-block-group y-20-a\"><div class=\"wp-block-group__inner-container\">\n<div class=\"wp-block-cover alignfull is-light\"><span aria-hidden=\"true\" class=\"has-primary-background-color has-background-dim-0 wp-block-cover__gradient-background has-background-dim\"><\/span><img loading=\"lazy\" width=\"2000\" height=\"1500\" class=\"wp-block-cover__image-background wp-image-617\" alt=\"\" src=\"https:\/\/campingbellehutte.com\/wp-content\/uploads\/2022\/07\/received_595824851267393.jpeg\" style=\"object-position:51% 48%\" data-object-fit=\"cover\" data-object-position=\"51% 48%\" srcset=\"https:\/\/campingbellehutte.com\/wp-content\/uploads\/2022\/07\/received_595824851267393.jpeg 2000w, https:\/\/campingbellehutte.com\/wp-content\/uploads\/2022\/07\/received_595824851267393-300x225.jpeg 300w, https:\/\/campingbellehutte.com\/wp-content\/uploads\/2022\/07\/received_595824851267393-1024x768.jpeg 1024w, https:\/\/campingbellehutte.com\/wp-content\/uploads\/2022\/07\/received_595824851267393-768x576.jpeg 768w, https:\/\/campingbellehutte.com\/wp-content\/uploads\/2022\/07\/received_595824851267393-1536x1152.jpeg 1536w\" sizes=\"(max-width: 2000px) 100vw, 2000px\" \/><div class=\"wp-block-cover__inner-container\">\n<div class=\"wp-container-69e8233974594 wp-block-group has-white-background-color has-background\"><div class=\"wp-block-group__inner-container\">\n<h2 class=\"h2\" id=\"des-activites-et-loisirs-varies-1\">Die Vogesen: ein lebendiges und gastfreundliches Gebirge<\/h2>\n\n\n\n<p>Vom Campingplatz aus zwischen  <strong>La Bresse und G\u00e9rardmer<\/strong>, am Kreuzungspunkt von <strong> das Elsass der Weinberge und die Franche-Comt\u00e9 der Tausend Teiche<\/strong>, erreichen Sie die Gipfel  <strong>zu Fu\u00df oder mit dem Mountainbike<\/strong>, fahren Sie zwischen den Tannen Ski und lauschen Sie der Stille des Waldes und der Musik der Wasserf\u00e4lle und B\u00e4che: tanken Sie das ganze Jahr \u00fcber Emotionen und Entdeckungen.<\/p>\n\n\n\n<p>Mit der Familie oder mit Freunden, erleben Sie viel:<strong> Skifahren, Wandern, Sport, Paragliding.<\/strong>.. und entspannen Sie sich: Waldbad, kontemplativer Spaziergang, ein gutes Essen in einer Ferme Auberge&#8230; in einer Bergwelt mit grandiosen Kulissen.<\/p>\n\n\n\n<div class=\"wp-container-69e8233974278 wp-block-buttons\">\n<div class=\"wp-block-button is-style-fill btn_resa\"><a class=\"wp-block-button__link\">Meinen Aufenthalt buchen<\/a><\/div>\n\n\n\n<div class=\"wp-block-button is-style-fill\"><a class=\"wp-block-button__link\" href=\"https:\/\/campingbellehutte.com\/de\/aktivitaeten\/\">Alle Aktivit\u00e4ten<\/a><\/div>\n<\/div>\n<\/div><\/div>\n<\/div><\/div>\n<\/div><\/div>\n\n\n\n<div class=\"wp-container-69e82339780cf wp-block-group y-10-c\"><div class=\"wp-block-group__inner-container\">\n<div class=\"wp-block-columns\">\n<div class=\"wp-block-column\">\n<figure class=\"wp-block-gallery aligncenter has-nested-images columns-default is-cropped\">\n<figure class=\"wp-block-image size-large\"><img loading=\"lazy\" width=\"670\" height=\"1024\" src=\"https:\/\/campingbellehutte.com\/wp-content\/uploads\/2022\/12\/3.-Home-670x1024.webp\" alt=\"\" class=\"wp-image-5411\" srcset=\"https:\/\/campingbellehutte.com\/wp-content\/uploads\/2022\/12\/3.-Home-670x1024.webp 670w, https:\/\/campingbellehutte.com\/wp-content\/uploads\/2022\/12\/3.-Home-196x300.webp 196w, https:\/\/campingbellehutte.com\/wp-content\/uploads\/2022\/12\/3.-Home-768x1174.webp 768w, https:\/\/campingbellehutte.com\/wp-content\/uploads\/2022\/12\/3.-Home.webp 984w\" sizes=\"(max-width: 670px) 100vw, 670px\" \/><\/figure>\n\n\n\n<figure class=\"wp-block-image size-large\"><img loading=\"lazy\" width=\"714\" height=\"1024\" src=\"https:\/\/campingbellehutte.com\/wp-content\/uploads\/2022\/12\/4.-Home-714x1024.webp\" alt=\"\" class=\"wp-image-5415\" srcset=\"https:\/\/campingbellehutte.com\/wp-content\/uploads\/2022\/12\/4.-Home-714x1024.webp 714w, https:\/\/campingbellehutte.com\/wp-content\/uploads\/2022\/12\/4.-Home-209x300.webp 209w, https:\/\/campingbellehutte.com\/wp-content\/uploads\/2022\/12\/4.-Home-768x1102.webp 768w, https:\/\/campingbellehutte.com\/wp-content\/uploads\/2022\/12\/4.-Home.webp 920w\" sizes=\"(max-width: 714px) 100vw, 714px\" \/><\/figure>\n<\/figure>\n<\/div>\n\n\n\n<div class=\"wp-block-column\">\n<h2 class=\"h2\" id=\"pour-vos-vacances-martine-et-regis-vous-accueillent\">Destination Vogesenmassiv<\/h2>\n\n\n\n<p>Halten Sie sich in Lothringen Grand-Est auf, in La Bresse (von 609 m bis 1366 m H\u00f6he), einer<strong> Bergstadt mit au\u00dfergew\u00f6hnlichem Natur- und Wildniserbe<\/strong>, probieren Sie sportliche Aktivit\u00e4ten im Freien, Freizeit oder Entspannung zu jeder Jahreszeit.  <\/p>\n\n\n\n<div class=\"wp-block-group lire-plus-mobile\"><div class=\"wp-block-group__inner-container\">\n<p>Lesen Sie mehr<\/p>\n\n\n\n<div class=\"wp-container-69e82339779e4 wp-block-group\"><div class=\"wp-block-group__inner-container\">\n<p>Vom Hohneck 1366m oder dem Grand Ballon 1424m, den h\u00f6chsten Punkten der Vogesen, k\u00f6nnen Sie <strong>die 360\u00b0-Aussicht genie\u00dfen<\/strong>.\u00b0 \u00fcber den Regionalen Naturpark Ballons des Vosges, das Elsass und die Alpen in einer nat\u00fcrlich erhaltenen Umgebung: Hochstaudenfluren (Hochlandwiesen), Tannen-, Fichten- und Buchenw\u00e4lder, Torfmoore, Gletscherzirkel, Felsklippen, Ger\u00f6llhalden, Seen und andere Fl\u00fcsse sind harmonisch miteinander verwoben. Diese Lebensr\u00e4ume sind Lebensr\u00e4ume f\u00fcr <strong>Tiere<\/strong> (Rehe, Hirsche, Wildschweine, G\u00e4msen, Dachse, F\u00fcchse, Uhus, Falken, Wanderer, Auerh\u00fchner oder Haselh\u00fchner&#8230;) <strong>und Pflanzen<\/strong> (Enzian, Fingerhut, Arnika, Narzissen, Orchideen, Sonnentau&#8230;).<\/p>\n<\/div><\/div>\n<\/div><\/div>\n\n\n\n<div class=\"wp-container-69e8233977d91 wp-block-buttons\">\n<div class=\"wp-block-button is-style-fill\"><a class=\"wp-block-button__link\" href=\"https:\/\/campingbellehutte.com\/de\/umgebung\/\">Was kann man in der Umgebung unternehmen?<\/a><\/div>\n<\/div>\n<\/div>\n<\/div>\n<\/div><\/div>\n\n\n\n<p><\/p>\n","protected":false},"excerpt":{"rendered":"<p>Vermietung von Unterk\u00fcnften:Von 19\/12\/2025 bis 27\/09\/2026Campingpl\u00e4tze: Sommer: von 14\/05\/2026 bis 13\/09\/2026 Willkommen auf dem h\u00f6chsten Campingplatz der Vogesen. 2027 Vermietung von Unterk\u00fcnften:Von 18\/12\/2026 bis 26\/09\/20272027 Campingpl\u00e4tze: Winter: von 25\/12\/2026 bis 03\/01\/2027 und von 05\/02\/2027 bis 07\/03\/2027Sommer: von 06\/05\/2027 bis 12\/09\/2027 Auf 900 m H\u00f6he ist der Campingplatz Belle Hutte La Bresse **** ein 100% ruhiges [&hellip;]<\/p>\n","protected":false},"author":1,"featured_media":0,"parent":0,"menu_order":0,"comment_status":"closed","ping_status":"closed","template":"","meta":[],"acf":[],"_links":{"self":[{"href":"https:\/\/campingbellehutte.com\/de\/wp-json\/wp\/v2\/pages\/4481"}],"collection":[{"href":"https:\/\/campingbellehutte.com\/de\/wp-json\/wp\/v2\/pages"}],"about":[{"href":"https:\/\/campingbellehutte.com\/de\/wp-json\/wp\/v2\/types\/page"}],"author":[{"embeddable":true,"href":"https:\/\/campingbellehutte.com\/de\/wp-json\/wp\/v2\/users\/1"}],"replies":[{"embeddable":true,"href":"https:\/\/campingbellehutte.com\/de\/wp-json\/wp\/v2\/comments?post=4481"}],"version-history":[{"count":6,"href":"https:\/\/campingbellehutte.com\/de\/wp-json\/wp\/v2\/pages\/4481\/revisions"}],"predecessor-version":[{"id":9688,"href":"https:\/\/campingbellehutte.com\/de\/wp-json\/wp\/v2\/pages\/4481\/revisions\/9688"}],"wp:attachment":[{"href":"https:\/\/campingbellehutte.com\/de\/wp-json\/wp\/v2\/media?parent=4481"}],"curies":[{"name":"wp","href":"https:\/\/api.w.org\/{rel}","templated":true}]}}